{"id":76360,"date":"2023-03-22T15:10:58","date_gmt":"2023-03-22T12:12:15","guid":{"rendered":"https:\/\/kingarms.ee\/product\/43-cal-kumi-metallipallot-100-kpl\/"},"modified":"2024-08-07T10:44:03","modified_gmt":"2024-08-07T07:44:03","slug":"43-cal-kummi-metallkuulid-100-tk","status":"publish","type":"product","link":"https:\/\/kingarms.ee\/fi\/product\/43-cal-kummi-metallkuulid-100-tk\/","title":{"rendered":"43 cal kumi-metallipallot 100 kpl."},"content":{"rendered":"<p><img loading=\"lazy\" decoding=\"async\" class=\"alignnone size-full wp-image-76355\" src=\"https:\/\/kingarms.ee\/wp-content\/uploads\/2023\/03\/razorgun-43-cal-43-rubber-metal-bullets-100-pcs-009722bfdce940e3a1a03b6ca01db303-24695c83.jpg\" alt=\"\" width=\"900\" height=\"900\" srcset=\"https:\/\/kingarms.ee\/wp-content\/uploads\/2023\/03\/razorgun-43-cal-43-rubber-metal-bullets-100-pcs-009722bfdce940e3a1a03b6ca01db303-24695c83.jpg 900w, https:\/\/kingarms.ee\/wp-content\/uploads\/2023\/03\/razorgun-43-cal-43-rubber-metal-bullets-100-pcs-009722bfdce940e3a1a03b6ca01db303-24695c83-300x300.jpg 300w, https:\/\/kingarms.ee\/wp-content\/uploads\/2023\/03\/razorgun-43-cal-43-rubber-metal-bullets-100-pcs-009722bfdce940e3a1a03b6ca01db303-24695c83-150x150.jpg 150w, https:\/\/kingarms.ee\/wp-content\/uploads\/2023\/03\/razorgun-43-cal-43-rubber-metal-bullets-100-pcs-009722bfdce940e3a1a03b6ca01db303-24695c83-768x768.jpg 768w, https:\/\/kingarms.ee\/wp-content\/uploads\/2023\/03\/razorgun-43-cal-43-rubber-metal-bullets-100-pcs-009722bfdce940e3a1a03b6ca01db303-24695c83-500x500.jpg 500w\" sizes=\"auto, (max-width: 900px) 100vw, 900px\" \/><\/p>\n","protected":false},"excerpt":{"rendered":"<p>43 cal kumi-metallipallot 100 kpl on raskas harjoitusammunta RAM-merkkiautomaateille.<\/p>\n<p>RazorGunin kumimetallipatruunat on suunniteltu vapaa-ajan ammuntaan, itsepuolustukseen, harjoitteluun ja taktiseen harjoitteluun RAM-merkkien kanssa.<\/p>\n<p>Luodit on valmistettu kovakumista, johon on lis\u00e4tty metallihiukkasia. Kumimetalliluodit ovat kovempia ja raskaampia kuin kumiluodit, joten ne vapauttavat energiaa tehokkaammin ja l\u00e4p\u00e4isev\u00e4t kohteen paremmin.<\/p>\n","protected":false},"featured_media":76357,"template":"","meta":{"_acf_changed":false},"product_brand":[],"product_cat":[535],"product_tag":[],"class_list":{"0":"post-76360","1":"product","2":"type-product","3":"status-publish","4":"has-post-thumbnail","6":"product_cat-kumipallot","8":"first","9":"onbackorder","10":"taxable","11":"shipping-taxable","12":"product-type-simple"},"acf":[],"_links":{"self":[{"href":"https:\/\/kingarms.ee\/fi\/wp-json\/wp\/v2\/product\/76360","targetHints":{"allow":["GET"]}}],"collection":[{"href":"https:\/\/kingarms.ee\/fi\/wp-json\/wp\/v2\/product"}],"about":[{"href":"https:\/\/kingarms.ee\/fi\/wp-json\/wp\/v2\/types\/product"}],"wp:featuredmedia":[{"embeddable":true,"href":"https:\/\/kingarms.ee\/fi\/wp-json\/wp\/v2\/media\/76357"}],"wp:attachment":[{"href":"https:\/\/kingarms.ee\/fi\/wp-json\/wp\/v2\/media?parent=76360"}],"wp:term":[{"taxonomy":"product_brand","embeddable":true,"href":"https:\/\/kingarms.ee\/fi\/wp-json\/wp\/v2\/product_brand?post=76360"},{"taxonomy":"product_cat","embeddable":true,"href":"https:\/\/kingarms.ee\/fi\/wp-json\/wp\/v2\/product_cat?post=76360"},{"taxonomy":"product_tag","embeddable":true,"href":"https:\/\/kingarms.ee\/fi\/wp-json\/wp\/v2\/product_tag?post=76360"}],"curies":[{"name":"wp","href":"https:\/\/api.w.org\/{rel}","templated":true}]}}