{"id":76458,"date":"2023-03-22T19:12:35","date_gmt":"2023-03-22T16:14:27","guid":{"rendered":"https:\/\/kingarms.ee\/product\/lopro-combo-lamppu-vis-ir-ja-vihrea-laser-sightmark\/"},"modified":"2024-08-07T10:40:35","modified_gmt":"2024-08-07T07:40:35","slug":"lopro-combo-lamp-vis-ir-and-roheline-laser-sightmark","status":"publish","type":"product","link":"https:\/\/kingarms.ee\/fi\/product\/lopro-combo-lamp-vis-ir-and-roheline-laser-sightmark\/","title":{"rendered":"LoPro Combo lamppu VIS\/IR ja vihre\u00e4 laser (Sightmark)"},"content":{"rendered":"<p><img loading=\"lazy\" decoding=\"async\" class=\"alignnone size-full wp-image-76429\" src=\"https:\/\/kingarms.ee\/wp-content\/uploads\/2023\/03\/SM25013_IMG_ALT1_1000.jpg\" alt=\"\" width=\"1000\" height=\"1000\" srcset=\"https:\/\/kingarms.ee\/wp-content\/uploads\/2023\/03\/SM25013_IMG_ALT1_1000.jpg 1000w, https:\/\/kingarms.ee\/wp-content\/uploads\/2023\/03\/SM25013_IMG_ALT1_1000-300x300.jpg 300w, https:\/\/kingarms.ee\/wp-content\/uploads\/2023\/03\/SM25013_IMG_ALT1_1000-150x150.jpg 150w, https:\/\/kingarms.ee\/wp-content\/uploads\/2023\/03\/SM25013_IMG_ALT1_1000-768x768.jpg 768w, https:\/\/kingarms.ee\/wp-content\/uploads\/2023\/03\/SM25013_IMG_ALT1_1000-500x500.jpg 500w\" sizes=\"auto, (max-width: 1000px) 100vw, 1000px\" \/><\/p>\n","protected":false},"excerpt":{"rendered":"<p>LoPro Combo -valaisin, jossa on VIS\/IR- ja vihre\u00e4 laser (Sightmark) -ominaisuudet:<\/p>\n<p>LoPro Taskulamppu N\u00e4kyv\u00e4\/IR Vihre\u00e4 Laser Array Combo -yhdistelm\u00e4<br \/>\nV\u00e4ri musta<br \/>\nLaserluokka IIIa<br \/>\nLaserin n\u00e4kyvyys p\u00e4iv\u00e4nvalossa: 50 metri\u00e4.<br \/>\nLaserin n\u00e4kyvyys y\u00f6ll\u00e4: 600 metri\u00e4<br \/>\nIR-valoteho: 1800mW<br \/>\nIPX5 &#8211; vedenpit\u00e4v\u00e4<br \/>\nIskunkest\u00e4vyys: 2,4m<br \/>\nPituus: 114mm<br \/>\nLeveys: 72mm<br \/>\nKorkeus: 38,9 mm<br \/>\nRungon materiaali: alumiini<br \/>\n1 MOA:n napsautuss\u00e4\u00e4t\u00f6<br \/>\nIskunkest\u00e4vyys jopa 600G kuormitukseen asti\/ .308 WIN kaliiperi asti.<br \/>\nPaino vain 374 grammaa<br \/>\nMukana Picatinny-kiinnityslaite<br \/>\nSis\u00e4lt\u00e4\u00e4 kosketuspaneelin<br \/>\nCR123A paristo mukana<br \/>\nYhteensopivia lis\u00e4varusteita on t\u00e4ss\u00e4 artikkelissa, Lis\u00e4varusteet.<\/p>\n","protected":false},"featured_media":76431,"template":"","meta":{"_acf_changed":false},"product_brand":[],"product_cat":[923,273],"product_tag":[],"class_list":{"0":"post-76458","1":"product","2":"type-product","3":"status-publish","4":"has-post-thumbnail","6":"product_cat-laser-fi","7":"product_cat-valaisimet","9":"first","10":"onbackorder","11":"taxable","12":"shipping-taxable","13":"product-type-simple"},"acf":[],"_links":{"self":[{"href":"https:\/\/kingarms.ee\/fi\/wp-json\/wp\/v2\/product\/76458","targetHints":{"allow":["GET"]}}],"collection":[{"href":"https:\/\/kingarms.ee\/fi\/wp-json\/wp\/v2\/product"}],"about":[{"href":"https:\/\/kingarms.ee\/fi\/wp-json\/wp\/v2\/types\/product"}],"wp:featuredmedia":[{"embeddable":true,"href":"https:\/\/kingarms.ee\/fi\/wp-json\/wp\/v2\/media\/76431"}],"wp:attachment":[{"href":"https:\/\/kingarms.ee\/fi\/wp-json\/wp\/v2\/media?parent=76458"}],"wp:term":[{"taxonomy":"product_brand","embeddable":true,"href":"https:\/\/kingarms.ee\/fi\/wp-json\/wp\/v2\/product_brand?post=76458"},{"taxonomy":"product_cat","embeddable":true,"href":"https:\/\/kingarms.ee\/fi\/wp-json\/wp\/v2\/product_cat?post=76458"},{"taxonomy":"product_tag","embeddable":true,"href":"https:\/\/kingarms.ee\/fi\/wp-json\/wp\/v2\/product_tag?post=76458"}],"curies":[{"name":"wp","href":"https:\/\/api.w.org\/{rel}","templated":true}]}}