{"id":76531,"date":"2023-03-27T16:19:29","date_gmt":"2023-03-27T13:20:06","guid":{"rendered":"https:\/\/kingarms.ee\/product\/lpc-matalaprofiililiivi-warrior\/"},"modified":"2024-08-07T10:38:16","modified_gmt":"2024-08-07T07:38:16","slug":"lpc-madala-profiili-soturi","status":"publish","type":"product","link":"https:\/\/kingarms.ee\/fi\/product\/lpc-madala-profiili-soturi\/","title":{"rendered":"LPC matalaprofiililiivi (Warrior)"},"content":{"rendered":"<p><img loading=\"lazy\" decoding=\"async\" class=\"alignnone size-full wp-image-76517\" src=\"https:\/\/kingarms.ee\/wp-content\/uploads\/2023\/03\/LPC-Low-Profile-Carrier-Large-Sides-Ranger-Green-Warrior-am29227large1.png\" alt=\"\" width=\"1400\" height=\"980\" srcset=\"https:\/\/kingarms.ee\/wp-content\/uploads\/2023\/03\/LPC-Low-Profile-Carrier-Large-Sides-Ranger-Green-Warrior-am29227large1.png 1400w, https:\/\/kingarms.ee\/wp-content\/uploads\/2023\/03\/LPC-Low-Profile-Carrier-Large-Sides-Ranger-Green-Warrior-am29227large1-300x210.png 300w, https:\/\/kingarms.ee\/wp-content\/uploads\/2023\/03\/LPC-Low-Profile-Carrier-Large-Sides-Ranger-Green-Warrior-am29227large1-1024x717.png 1024w, https:\/\/kingarms.ee\/wp-content\/uploads\/2023\/03\/LPC-Low-Profile-Carrier-Large-Sides-Ranger-Green-Warrior-am29227large1-768x538.png 768w, https:\/\/kingarms.ee\/wp-content\/uploads\/2023\/03\/LPC-Low-Profile-Carrier-Large-Sides-Ranger-Green-Warrior-am29227large1-500x350.png 500w, https:\/\/kingarms.ee\/wp-content\/uploads\/2023\/03\/LPC-Low-Profile-Carrier-Large-Sides-Ranger-Green-Warrior-am29227large1-150x105.png 150w\" sizes=\"auto, (max-width: 1400px) 100vw, 1400px\" \/><\/p>\n","protected":false},"excerpt":{"rendered":"<p>LPC Low Profile Vest (Warrior) on uusi tuuletusaukkojen l\u00e4mp\u00f6pehmusteemme, jotka mahdollistavat l\u00e4mm\u00f6n haihtumisen kehosta ja lis\u00e4\u00e4v\u00e4t ilmavirtausta viilennyksen helpottamiseksi.<\/p>\n<p>LPC k\u00e4ytt\u00e4\u00e4 uusimpia materiaaleja, joilla voidaan pienent\u00e4\u00e4 tarjottimen kokonaispainoa ja -painoa. Sen vakiovarusteena on irrotettava MOLLE-etukansi, jota pidet\u00e4\u00e4n paikallaan kahdella pystysuoralla QASM-kiinnikkeell\u00e4 ja koukulla ja silmukalla, joiden avulla paneeli voidaan irrottaa ja korvata monilla valmiiksi konfiguroiduilla paneeleilla, jotka ovat sek\u00e4 ase- ett\u00e4 teht\u00e4v\u00e4kohtaisia.<\/p>\n<p>LPC:ss\u00e4 on nopea lamppuj\u00e4rjestelm\u00e4mme, jonka ansiosta kantolaite voidaan irrottaa hyvin nopeasti p\u00e4ivitt\u00e4ist\u00e4 k\u00e4ytt\u00f6\u00e4 varten sek\u00e4 h\u00e4t\u00e4tilanteissa ilman monimutkaisia kaapeleita, ja kokoonpano kest\u00e4\u00e4 vain sekunteja.<\/p>\n","protected":false},"featured_media":76519,"template":"","meta":{"_acf_changed":false},"product_brand":[],"product_cat":[265],"product_tag":[],"class_list":{"0":"post-76531","1":"product","2":"type-product","3":"status-publish","4":"has-post-thumbnail","6":"product_cat-takit-ja-valjaat","8":"first","9":"instock","10":"taxable","11":"shipping-taxable","12":"purchasable","13":"product-type-simple"},"acf":[],"_links":{"self":[{"href":"https:\/\/kingarms.ee\/fi\/wp-json\/wp\/v2\/product\/76531","targetHints":{"allow":["GET"]}}],"collection":[{"href":"https:\/\/kingarms.ee\/fi\/wp-json\/wp\/v2\/product"}],"about":[{"href":"https:\/\/kingarms.ee\/fi\/wp-json\/wp\/v2\/types\/product"}],"wp:featuredmedia":[{"embeddable":true,"href":"https:\/\/kingarms.ee\/fi\/wp-json\/wp\/v2\/media\/76519"}],"wp:attachment":[{"href":"https:\/\/kingarms.ee\/fi\/wp-json\/wp\/v2\/media?parent=76531"}],"wp:term":[{"taxonomy":"product_brand","embeddable":true,"href":"https:\/\/kingarms.ee\/fi\/wp-json\/wp\/v2\/product_brand?post=76531"},{"taxonomy":"product_cat","embeddable":true,"href":"https:\/\/kingarms.ee\/fi\/wp-json\/wp\/v2\/product_cat?post=76531"},{"taxonomy":"product_tag","embeddable":true,"href":"https:\/\/kingarms.ee\/fi\/wp-json\/wp\/v2\/product_tag?post=76531"}],"curies":[{"name":"wp","href":"https:\/\/api.w.org\/{rel}","templated":true}]}}