{"id":76538,"date":"2023-03-27T16:26:01","date_gmt":"2023-03-27T13:26:44","guid":{"rendered":"https:\/\/kingarms.ee\/product\/zephyr-gtx-mid-tf-saappaat-lowa\/"},"modified":"2024-08-07T10:37:33","modified_gmt":"2024-08-07T07:37:33","slug":"zephyr-gtx-mid-tf-saapad-lowa","status":"publish","type":"product","link":"https:\/\/kingarms.ee\/fi\/product\/zephyr-gtx-mid-tf-saapad-lowa\/","title":{"rendered":"Zephyr GTX Mid TF saappaat (Lowa )"},"content":{"rendered":"<p><img loading=\"lazy\" decoding=\"async\" class=\"alignnone size-full wp-image-76533\" src=\"https:\/\/kingarms.ee\/wp-content\/uploads\/2023\/03\/lowa-zephyr-gtx-mid-tf-must.jpg\" alt=\"\" width=\"800\" height=\"800\" srcset=\"https:\/\/kingarms.ee\/wp-content\/uploads\/2023\/03\/lowa-zephyr-gtx-mid-tf-must.jpg 800w, https:\/\/kingarms.ee\/wp-content\/uploads\/2023\/03\/lowa-zephyr-gtx-mid-tf-must-300x300.jpg 300w, https:\/\/kingarms.ee\/wp-content\/uploads\/2023\/03\/lowa-zephyr-gtx-mid-tf-must-150x150.jpg 150w, https:\/\/kingarms.ee\/wp-content\/uploads\/2023\/03\/lowa-zephyr-gtx-mid-tf-must-768x768.jpg 768w, https:\/\/kingarms.ee\/wp-content\/uploads\/2023\/03\/lowa-zephyr-gtx-mid-tf-must-500x500.jpg 500w\" sizes=\"auto, (max-width: 800px) 100vw, 800px\" \/><\/p>\n","protected":false},"excerpt":{"rendered":"<p>Zephyr GTX Mid TF saappaat (Lowa )<\/p>\n<p>LOWA Sportschuhe GmbH perustettiin vuonna 1923. Jetzendorfissa, Saksassa. Heid\u00e4n jalkineensa on alusta loppuun 100-prosenttisesti suunniteltu, hankittu ja valmistettu k\u00e4sity\u00f6n\u00e4 Euroopassa. Monipuoliseen valikoimaan kuuluu jalkineita polkujuoksuun, patikointiin, kalliokiipeilyyn, mets\u00e4stykseen ja sotilaalliseen\/taktiseen k\u00e4ytt\u00f6\u00f6n. Innovatiivinen muotoilu ja huipputason k\u00e4sity\u00f6taito ovat saaneet LOWAlle ISO 9001-statuksen, joka takaa korkeimmat laatu- ja prosessistandardit.<\/p>\n","protected":false},"featured_media":76535,"template":"","meta":{"_acf_changed":false},"product_brand":[],"product_cat":[775],"product_tag":[],"class_list":{"0":"post-76538","1":"product","2":"type-product","3":"status-publish","4":"has-post-thumbnail","6":"product_cat-saappaat","8":"first","9":"onbackorder","10":"taxable","11":"shipping-taxable","12":"product-type-simple"},"acf":[],"_links":{"self":[{"href":"https:\/\/kingarms.ee\/fi\/wp-json\/wp\/v2\/product\/76538","targetHints":{"allow":["GET"]}}],"collection":[{"href":"https:\/\/kingarms.ee\/fi\/wp-json\/wp\/v2\/product"}],"about":[{"href":"https:\/\/kingarms.ee\/fi\/wp-json\/wp\/v2\/types\/product"}],"wp:featuredmedia":[{"embeddable":true,"href":"https:\/\/kingarms.ee\/fi\/wp-json\/wp\/v2\/media\/76535"}],"wp:attachment":[{"href":"https:\/\/kingarms.ee\/fi\/wp-json\/wp\/v2\/media?parent=76538"}],"wp:term":[{"taxonomy":"product_brand","embeddable":true,"href":"https:\/\/kingarms.ee\/fi\/wp-json\/wp\/v2\/product_brand?post=76538"},{"taxonomy":"product_cat","embeddable":true,"href":"https:\/\/kingarms.ee\/fi\/wp-json\/wp\/v2\/product_cat?post=76538"},{"taxonomy":"product_tag","embeddable":true,"href":"https:\/\/kingarms.ee\/fi\/wp-json\/wp\/v2\/product_tag?post=76538"}],"curies":[{"name":"wp","href":"https:\/\/api.w.org\/{rel}","templated":true}]}}