{"id":76625,"date":"2023-03-27T19:13:47","date_gmt":"2023-03-27T16:14:26","guid":{"rendered":"https:\/\/kingarms.ee\/product\/matkalaukku-pistoolille-ja-varusteille\/"},"modified":"2024-08-07T10:33:15","modified_gmt":"2024-08-07T07:33:15","slug":"pustoli-ja-varustekohortti","status":"publish","type":"product","link":"https:\/\/kingarms.ee\/fi\/product\/pustoli-ja-varustekohortti\/","title":{"rendered":"Matkalaukku pistoolille ja varusteille"},"content":{"rendered":"<p><img loading=\"lazy\" decoding=\"async\" class=\"alignnone size-full wp-image-76612\" src=\"https:\/\/kingarms.ee\/wp-content\/uploads\/2023\/03\/Pistol-and-Equipment-Case-Black-Nimrod-az37556large1-1.png\" alt=\"\" width=\"1400\" height=\"980\" srcset=\"https:\/\/kingarms.ee\/wp-content\/uploads\/2023\/03\/Pistol-and-Equipment-Case-Black-Nimrod-az37556large1-1.png 1400w, https:\/\/kingarms.ee\/wp-content\/uploads\/2023\/03\/Pistol-and-Equipment-Case-Black-Nimrod-az37556large1-1-300x210.png 300w, https:\/\/kingarms.ee\/wp-content\/uploads\/2023\/03\/Pistol-and-Equipment-Case-Black-Nimrod-az37556large1-1-1024x717.png 1024w, https:\/\/kingarms.ee\/wp-content\/uploads\/2023\/03\/Pistol-and-Equipment-Case-Black-Nimrod-az37556large1-1-768x538.png 768w, https:\/\/kingarms.ee\/wp-content\/uploads\/2023\/03\/Pistol-and-Equipment-Case-Black-Nimrod-az37556large1-1-500x350.png 500w, https:\/\/kingarms.ee\/wp-content\/uploads\/2023\/03\/Pistol-and-Equipment-Case-Black-Nimrod-az37556large1-1-150x105.png 150w\" sizes=\"auto, (max-width: 1400px) 100vw, 1400px\" \/><\/p>\n","protected":false},"excerpt":{"rendered":"<p>Nimrodin pistooli- ja varustekotelo.<\/p>\n<p>Pitelee:<br \/>\n2 ampuma-asetta<br \/>\n4 pakettia ammuksia<br \/>\nBuzz<br \/>\n9 ylim\u00e4\u00e4r\u00e4inen lokero<br \/>\n2 laajennettua lokeroa<br \/>\nPuhdistussarjat<br \/>\nVaruosi<\/p>\n","protected":false},"featured_media":76614,"template":"","meta":{"_acf_changed":false},"product_brand":[],"product_cat":[651],"product_tag":[],"class_list":{"0":"post-76625","1":"product","2":"type-product","3":"status-publish","4":"has-post-thumbnail","6":"product_cat-matkalaukut","8":"first","9":"instock","10":"taxable","11":"shipping-taxable","12":"purchasable","13":"product-type-simple"},"acf":[],"_links":{"self":[{"href":"https:\/\/kingarms.ee\/fi\/wp-json\/wp\/v2\/product\/76625","targetHints":{"allow":["GET"]}}],"collection":[{"href":"https:\/\/kingarms.ee\/fi\/wp-json\/wp\/v2\/product"}],"about":[{"href":"https:\/\/kingarms.ee\/fi\/wp-json\/wp\/v2\/types\/product"}],"wp:featuredmedia":[{"embeddable":true,"href":"https:\/\/kingarms.ee\/fi\/wp-json\/wp\/v2\/media\/76614"}],"wp:attachment":[{"href":"https:\/\/kingarms.ee\/fi\/wp-json\/wp\/v2\/media?parent=76625"}],"wp:term":[{"taxonomy":"product_brand","embeddable":true,"href":"https:\/\/kingarms.ee\/fi\/wp-json\/wp\/v2\/product_brand?post=76625"},{"taxonomy":"product_cat","embeddable":true,"href":"https:\/\/kingarms.ee\/fi\/wp-json\/wp\/v2\/product_cat?post=76625"},{"taxonomy":"product_tag","embeddable":true,"href":"https:\/\/kingarms.ee\/fi\/wp-json\/wp\/v2\/product_tag?post=76625"}],"curies":[{"name":"wp","href":"https:\/\/api.w.org\/{rel}","templated":true}]}}