{"id":76635,"date":"2023-03-27T19:35:10","date_gmt":"2023-03-27T16:35:53","guid":{"rendered":"https:\/\/kingarms.ee\/product\/hi-capa-5-1-bds-gbb-vorsk\/"},"modified":"2024-08-07T10:32:31","modified_gmt":"2024-08-07T07:32:31","slug":"hi-capa-5-1-bds-gbb-vorsk","status":"publish","type":"product","link":"https:\/\/kingarms.ee\/fi\/product\/hi-capa-5-1-bds-gbb-vorsk\/","title":{"rendered":"Hi-Capa 5.1 + BDS GBB (Vorsk)"},"content":{"rendered":"<p><img loading=\"lazy\" decoding=\"async\" class=\"alignnone size-full wp-image-76630\" src=\"https:\/\/kingarms.ee\/wp-content\/uploads\/2023\/03\/173624_1.jpg\" alt=\"\" width=\"1800\" height=\"1200\" srcset=\"https:\/\/kingarms.ee\/wp-content\/uploads\/2023\/03\/173624_1.jpg 1800w, https:\/\/kingarms.ee\/wp-content\/uploads\/2023\/03\/173624_1-300x200.jpg 300w, https:\/\/kingarms.ee\/wp-content\/uploads\/2023\/03\/173624_1-1024x683.jpg 1024w, https:\/\/kingarms.ee\/wp-content\/uploads\/2023\/03\/173624_1-768x512.jpg 768w, https:\/\/kingarms.ee\/wp-content\/uploads\/2023\/03\/173624_1-1536x1024.jpg 1536w, https:\/\/kingarms.ee\/wp-content\/uploads\/2023\/03\/173624_1-500x333.jpg 500w, https:\/\/kingarms.ee\/wp-content\/uploads\/2023\/03\/173624_1-150x100.jpg 150w\" sizes=\"auto, (max-width: 1800px) 100vw, 1800px\" \/><\/p>\n","protected":false},"excerpt":{"rendered":"<p>Hi-Capa 5.1 + BDS GBB (Vorsk) -sarja ja kaikki muut Vorsk-mallit ovat saaneet inspiraationsa parhaista ja edistyksellisimmist\u00e4 nykyaikaisista taistelu- ja kilpa-aseiden malleista, ja VORSK muuntaa n\u00e4m\u00e4 ainutlaatuiset ja innovatiiviset konseptit Airsoft-markkinoille t\u00e4ysin uuden GBB-pistoolimalliston muodossa.<\/p>\n<p>Pituus (tuumaa): 9.84<br \/>\nPutken pituus (tuumaa): 4,44<br \/>\nPaino: 2,05kg<br \/>\nPaloajastin Puoliautomaattinen<br \/>\nPutken halkaisija (mm) 6,03<br \/>\nKiskot Kyll\u00e4<br \/>\nlaskeutumisnopeus. FPS 328<br \/>\nP\u00e4\u00e4materiaalit HIPS-materiaali ja alumiini<\/p>\n","protected":false},"featured_media":76632,"template":"","meta":{"_acf_changed":false},"product_brand":[],"product_cat":[252],"product_tag":[],"class_list":{"0":"post-76635","1":"product","2":"type-product","3":"status-publish","4":"has-post-thumbnail","6":"product_cat-kaasutoimiset-aseet","8":"first","9":"onbackorder","10":"taxable","11":"shipping-taxable","12":"product-type-simple"},"acf":[],"_links":{"self":[{"href":"https:\/\/kingarms.ee\/fi\/wp-json\/wp\/v2\/product\/76635","targetHints":{"allow":["GET"]}}],"collection":[{"href":"https:\/\/kingarms.ee\/fi\/wp-json\/wp\/v2\/product"}],"about":[{"href":"https:\/\/kingarms.ee\/fi\/wp-json\/wp\/v2\/types\/product"}],"wp:featuredmedia":[{"embeddable":true,"href":"https:\/\/kingarms.ee\/fi\/wp-json\/wp\/v2\/media\/76632"}],"wp:attachment":[{"href":"https:\/\/kingarms.ee\/fi\/wp-json\/wp\/v2\/media?parent=76635"}],"wp:term":[{"taxonomy":"product_brand","embeddable":true,"href":"https:\/\/kingarms.ee\/fi\/wp-json\/wp\/v2\/product_brand?post=76635"},{"taxonomy":"product_cat","embeddable":true,"href":"https:\/\/kingarms.ee\/fi\/wp-json\/wp\/v2\/product_cat?post=76635"},{"taxonomy":"product_tag","embeddable":true,"href":"https:\/\/kingarms.ee\/fi\/wp-json\/wp\/v2\/product_tag?post=76635"}],"curies":[{"name":"wp","href":"https:\/\/api.w.org\/{rel}","templated":true}]}}