{"id":76727,"date":"2023-03-28T13:59:24","date_gmt":"2023-03-28T11:00:34","guid":{"rendered":"https:\/\/kingarms.ee\/product\/hiilivibunool-20%e2%80%b3\/"},"modified":"2024-08-07T10:28:10","modified_gmt":"2024-08-07T07:28:10","slug":"hiilivibunool","status":"publish","type":"product","link":"https:\/\/kingarms.ee\/fi\/product\/hiilivibunool\/","title":{"rendered":"Hiilivibunool &#8211; 20\u2033"},"content":{"rendered":"<p><img loading=\"lazy\" decoding=\"async\" class=\"alignnone size-full wp-image-76722\" src=\"https:\/\/kingarms.ee\/wp-content\/uploads\/2023\/03\/ek-archery-carbon-bolt-20-inches-black-d067b.jpg\" alt=\"\" width=\"1000\" height=\"1000\" srcset=\"https:\/\/kingarms.ee\/wp-content\/uploads\/2023\/03\/ek-archery-carbon-bolt-20-inches-black-d067b.jpg 1000w, https:\/\/kingarms.ee\/wp-content\/uploads\/2023\/03\/ek-archery-carbon-bolt-20-inches-black-d067b-300x300.jpg 300w, https:\/\/kingarms.ee\/wp-content\/uploads\/2023\/03\/ek-archery-carbon-bolt-20-inches-black-d067b-150x150.jpg 150w, https:\/\/kingarms.ee\/wp-content\/uploads\/2023\/03\/ek-archery-carbon-bolt-20-inches-black-d067b-768x768.jpg 768w, https:\/\/kingarms.ee\/wp-content\/uploads\/2023\/03\/ek-archery-carbon-bolt-20-inches-black-d067b-500x500.jpg 500w\" sizes=\"auto, (max-width: 1000px) 100vw, 1000px\" \/><\/p>\n","protected":false},"excerpt":{"rendered":"<p>Hiilivibunool &#8211; 20\u2033 &#8211; Removable Tip Eritt\u00e4in kannattavat, aloittelijoille ja nuorille mets\u00e4st\u00e4jille suunnitellut jousenuolet tuovat nopeutta, liike-energiaa ja tarkkuutta.<\/p>\n","protected":false},"featured_media":87609,"template":"","meta":{"_acf_changed":false},"product_brand":[],"product_cat":[797],"product_tag":[],"class_list":{"0":"post-76727","1":"product","2":"type-product","3":"status-publish","4":"has-post-thumbnail","6":"product_cat-nuolet-akselit","8":"first","9":"instock","10":"taxable","11":"shipping-taxable","12":"purchasable","13":"product-type-simple"},"acf":[],"_links":{"self":[{"href":"https:\/\/kingarms.ee\/fi\/wp-json\/wp\/v2\/product\/76727","targetHints":{"allow":["GET"]}}],"collection":[{"href":"https:\/\/kingarms.ee\/fi\/wp-json\/wp\/v2\/product"}],"about":[{"href":"https:\/\/kingarms.ee\/fi\/wp-json\/wp\/v2\/types\/product"}],"wp:featuredmedia":[{"embeddable":true,"href":"https:\/\/kingarms.ee\/fi\/wp-json\/wp\/v2\/media\/87609"}],"wp:attachment":[{"href":"https:\/\/kingarms.ee\/fi\/wp-json\/wp\/v2\/media?parent=76727"}],"wp:term":[{"taxonomy":"product_brand","embeddable":true,"href":"https:\/\/kingarms.ee\/fi\/wp-json\/wp\/v2\/product_brand?post=76727"},{"taxonomy":"product_cat","embeddable":true,"href":"https:\/\/kingarms.ee\/fi\/wp-json\/wp\/v2\/product_cat?post=76727"},{"taxonomy":"product_tag","embeddable":true,"href":"https:\/\/kingarms.ee\/fi\/wp-json\/wp\/v2\/product_tag?post=76727"}],"curies":[{"name":"wp","href":"https:\/\/api.w.org\/{rel}","templated":true}]}}