{"id":76777,"date":"2023-03-28T15:52:42","date_gmt":"2023-03-28T12:53:24","guid":{"rendered":"https:\/\/kingarms.ee\/product\/ilmapistooli-co2-45mm-bruni-guns\/"},"modified":"2024-08-07T10:26:00","modified_gmt":"2024-08-07T07:26:00","slug":"ohkrelv-co2-45mm-bruni-tykit","status":"publish","type":"product","link":"https:\/\/kingarms.ee\/fi\/product\/ohkrelv-co2-45mm-bruni-tykit\/","title":{"rendered":"Ilmapistooli CO2 4,5MM (Bruni Guns)"},"content":{"rendered":"<p><img loading=\"lazy\" decoding=\"async\" class=\"alignnone size-full wp-image-76764\" src=\"https:\/\/kingarms.ee\/wp-content\/uploads\/2023\/03\/bruni-co2-45mm-rifle-herd-wolf-model-212-br-212.jpg\" alt=\"\" width=\"600\" height=\"600\" srcset=\"https:\/\/kingarms.ee\/wp-content\/uploads\/2023\/03\/bruni-co2-45mm-rifle-herd-wolf-model-212-br-212.jpg 600w, https:\/\/kingarms.ee\/wp-content\/uploads\/2023\/03\/bruni-co2-45mm-rifle-herd-wolf-model-212-br-212-300x300.jpg 300w, https:\/\/kingarms.ee\/wp-content\/uploads\/2023\/03\/bruni-co2-45mm-rifle-herd-wolf-model-212-br-212-150x150.jpg 150w, https:\/\/kingarms.ee\/wp-content\/uploads\/2023\/03\/bruni-co2-45mm-rifle-herd-wolf-model-212-br-212-500x500.jpg 500w\" sizes=\"auto, (max-width: 600px) 100vw, 600px\" \/><\/p>\n","protected":false},"excerpt":{"rendered":"<p>Ilmapistooli CO2 4,5MM (Bruni Guns)<\/p>\n<p>CO2 PUSH<br \/>\nKALIIPERI 4,5MM<br \/>\nABS-RUNKO, METALLIRUNKO JA YL\u00c4KAIDE<br \/>\n21 LUODIN OHUT TARJOTIN<br \/>\n1 CO2-KAPSELI NOIN 150 LAUKAUSTA VARTEN.<br \/>\nERIKOISVOIMA 2,26j (noin 124 m\/s 0,25g TERASBBS:ll\u00e4).<br \/>\nINTEGROITU PUNAINEN LASER<br \/>\nS\u00c4\u00c4DETT\u00c4V\u00c4 SELK\u00c4NOJA<br \/>\nTURVALUKKO, YKSI LAUKAUS<br \/>\nHIILIDIOKSIDIPITOISUUS V\u00c4HINT\u00c4\u00c4N KORKIN SIS\u00c4LL\u00c4<br \/>\nPITUUS 920mm<br \/>\nKAAL 1490G<\/p>\n","protected":false},"featured_media":76766,"template":"","meta":{"_acf_changed":false},"product_brand":[],"product_cat":[828],"product_tag":[],"class_list":{"0":"post-76777","1":"product","2":"type-product","3":"status-publish","4":"has-post-thumbnail","6":"product_cat-tarkka-ampuja-aseet-45mm","8":"first","9":"onbackorder","10":"sale","11":"taxable","12":"shipping-taxable","13":"product-type-simple"},"acf":[],"_links":{"self":[{"href":"https:\/\/kingarms.ee\/fi\/wp-json\/wp\/v2\/product\/76777","targetHints":{"allow":["GET"]}}],"collection":[{"href":"https:\/\/kingarms.ee\/fi\/wp-json\/wp\/v2\/product"}],"about":[{"href":"https:\/\/kingarms.ee\/fi\/wp-json\/wp\/v2\/types\/product"}],"wp:featuredmedia":[{"embeddable":true,"href":"https:\/\/kingarms.ee\/fi\/wp-json\/wp\/v2\/media\/76766"}],"wp:attachment":[{"href":"https:\/\/kingarms.ee\/fi\/wp-json\/wp\/v2\/media?parent=76777"}],"wp:term":[{"taxonomy":"product_brand","embeddable":true,"href":"https:\/\/kingarms.ee\/fi\/wp-json\/wp\/v2\/product_brand?post=76777"},{"taxonomy":"product_cat","embeddable":true,"href":"https:\/\/kingarms.ee\/fi\/wp-json\/wp\/v2\/product_cat?post=76777"},{"taxonomy":"product_tag","embeddable":true,"href":"https:\/\/kingarms.ee\/fi\/wp-json\/wp\/v2\/product_tag?post=76777"}],"curies":[{"name":"wp","href":"https:\/\/api.w.org\/{rel}","templated":true}]}}