{"id":76920,"date":"2023-04-06T16:22:28","date_gmt":"2023-04-06T13:22:28","guid":{"rendered":"https:\/\/kingarms.ee\/product\/deltapoint-micro-3-moa-glock-leupold\/"},"modified":"2024-08-07T10:25:16","modified_gmt":"2024-08-07T07:25:16","slug":"deltapoint-micro-3-moa-glock-leupold","status":"publish","type":"product","link":"https:\/\/kingarms.ee\/fi\/product\/deltapoint-micro-3-moa-glock-leupold\/","title":{"rendered":"DeltaPoint Micro 3 MOA Glock (Leupold)"},"content":{"rendered":"<p><img loading=\"lazy\" decoding=\"async\" class=\"alignnone size-full wp-image-76891\" src=\"https:\/\/kingarms.ee\/wp-content\/uploads\/2023\/04\/leupold-deltapoint-micro-3-moa-glock-collimator-93619a888f6c427e84f85b0a8a5f07a9-9cdbe160.jpg\" alt=\"\" width=\"900\" height=\"900\" srcset=\"https:\/\/kingarms.ee\/wp-content\/uploads\/2023\/04\/leupold-deltapoint-micro-3-moa-glock-collimator-93619a888f6c427e84f85b0a8a5f07a9-9cdbe160.jpg 900w, https:\/\/kingarms.ee\/wp-content\/uploads\/2023\/04\/leupold-deltapoint-micro-3-moa-glock-collimator-93619a888f6c427e84f85b0a8a5f07a9-9cdbe160-300x300.jpg 300w, https:\/\/kingarms.ee\/wp-content\/uploads\/2023\/04\/leupold-deltapoint-micro-3-moa-glock-collimator-93619a888f6c427e84f85b0a8a5f07a9-9cdbe160-150x150.jpg 150w, https:\/\/kingarms.ee\/wp-content\/uploads\/2023\/04\/leupold-deltapoint-micro-3-moa-glock-collimator-93619a888f6c427e84f85b0a8a5f07a9-9cdbe160-768x768.jpg 768w, https:\/\/kingarms.ee\/wp-content\/uploads\/2023\/04\/leupold-deltapoint-micro-3-moa-glock-collimator-93619a888f6c427e84f85b0a8a5f07a9-9cdbe160-500x500.jpg 500w\" sizes=\"auto, (max-width: 900px) 100vw, 900px\" \/><\/p>\n","protected":false},"excerpt":{"rendered":"<p>DeltaPoint Micro 3 MOA Glock (Leupold) 3 MOA Glock on vallankumouksellinen matalaprofiilinen kollimaattori, joka on suunniteltu k\u00e4tkettyihin aseisiin ja henkil\u00f6suojausvarusteisiin.<\/p>\n<p>DeltaPoint Micro 3 MOA ominaisuudet:<\/p>\n<p>Erinomainen profiili &#8211; t\u00e4ht\u00e4in on kiinnitetty suoraan per\u00e4tukeen takat\u00e4ht\u00e4imen sijasta, mik\u00e4 tekee siit\u00e4 eritt\u00e4in intuitiivisen k\u00e4ytt\u00e4\u00e4 ja helpommin k\u00e4tkett\u00e4v\u00e4n.<br \/>\nSuljettu diodi &#8211; diodi on koteloitu alumiinikoteloon, joka suojaa sit\u00e4 kosteudelta, lialta ja vaurioilta.<br \/>\nNopea ja helppo asentaa &#8211; kollimaattori asennetaan t\u00e4ht\u00e4imen jyrsint\u00e4koloon, jolloin per\u00e4n jyrsint\u00e4\u00e4 ja uusien korkeiden mekaanisten v\u00e4lineiden hankkimista ei tarvitse tehd\u00e4.<br \/>\n3 MOA-pistett\u00e4 &#8211; optimaalisen kokoinen t\u00e4ht\u00e4yspiste, jossa on s\u00e4\u00e4dett\u00e4v\u00e4t kirkkaustasot.<br \/>\nTehdasjousiputken kanssa yhteensopiva kollimaattori &#8211; 2 py\u00f6re\u00e4\u00e4 leikkuria kollimaattorin takaosassa, jotka toimivat mekaanisena t\u00e4ht\u00e4imen\u00e4, kun akku on tyhjentynyt.<br \/>\nSopii valittuihin Glock gen 3-5 malleihin<\/p>\n<p>T\u00e4pl\u00e4n v\u00e4ri punainen<br \/>\nVirtal\u00e4hde elementtej\u00e4 varten CR1632-paristo (3 V)<br \/>\nRungon materiaali anodisoitu duralumiini<br \/>\nSuurin pystysuuntainen (korkeus) s\u00e4\u00e4t\u00f6 [MOA]. 100<br \/>\nMaksimi vaakasuora (laite) s\u00e4\u00e4t\u00f6 [MOA]. 180<br \/>\nKatso koko linkki [MOA]. 18<br \/>\nPistekoko [MOA]. 3<br \/>\nKokonaispituus [mm]. 57<br \/>\nPaino [g] 31<br \/>\nLeveys [mm] 32<br \/>\nValmistaja Leupold, Yhdysvallat<\/p>\n","protected":false},"featured_media":76893,"template":"","meta":{"_acf_changed":false},"product_brand":[],"product_cat":[660],"product_tag":[],"class_list":{"0":"post-76920","1":"product","2":"type-product","3":"status-publish","4":"has-post-thumbnail","6":"product_cat-punapistetahtaimet","8":"first","9":"instock","10":"taxable","11":"shipping-taxable","12":"purchasable","13":"product-type-simple"},"acf":[],"_links":{"self":[{"href":"https:\/\/kingarms.ee\/fi\/wp-json\/wp\/v2\/product\/76920","targetHints":{"allow":["GET"]}}],"collection":[{"href":"https:\/\/kingarms.ee\/fi\/wp-json\/wp\/v2\/product"}],"about":[{"href":"https:\/\/kingarms.ee\/fi\/wp-json\/wp\/v2\/types\/product"}],"wp:featuredmedia":[{"embeddable":true,"href":"https:\/\/kingarms.ee\/fi\/wp-json\/wp\/v2\/media\/76893"}],"wp:attachment":[{"href":"https:\/\/kingarms.ee\/fi\/wp-json\/wp\/v2\/media?parent=76920"}],"wp:term":[{"taxonomy":"product_brand","embeddable":true,"href":"https:\/\/kingarms.ee\/fi\/wp-json\/wp\/v2\/product_brand?post=76920"},{"taxonomy":"product_cat","embeddable":true,"href":"https:\/\/kingarms.ee\/fi\/wp-json\/wp\/v2\/product_cat?post=76920"},{"taxonomy":"product_tag","embeddable":true,"href":"https:\/\/kingarms.ee\/fi\/wp-json\/wp\/v2\/product_tag?post=76920"}],"curies":[{"name":"wp","href":"https:\/\/api.w.org\/{rel}","templated":true}]}}