{"id":76993,"date":"2023-04-10T15:03:22","date_gmt":"2023-04-10T12:04:15","guid":{"rendered":"https:\/\/kingarms.ee\/product\/rml-vihrea-laser-valjaat-holosun\/"},"modified":"2024-08-07T10:23:51","modified_gmt":"2024-08-07T07:23:51","slug":"rml-roheline-laser-series-holosun","status":"publish","type":"product","link":"https:\/\/kingarms.ee\/fi\/product\/rml-roheline-laser-series-holosun\/","title":{"rendered":"RML vihre\u00e4 laser valjaat (Holosun)"},"content":{"rendered":"<p><img loading=\"lazy\" decoding=\"async\" class=\"alignnone size-full wp-image-76971\" src=\"https:\/\/kingarms.ee\/wp-content\/uploads\/2023\/04\/holosun-hs403-punataeppsihik.jpg\" alt=\"\" width=\"1000\" height=\"800\" srcset=\"https:\/\/kingarms.ee\/wp-content\/uploads\/2023\/04\/holosun-hs403-punataeppsihik.jpg 1000w, https:\/\/kingarms.ee\/wp-content\/uploads\/2023\/04\/holosun-hs403-punataeppsihik-300x240.jpg 300w, https:\/\/kingarms.ee\/wp-content\/uploads\/2023\/04\/holosun-hs403-punataeppsihik-768x614.jpg 768w, https:\/\/kingarms.ee\/wp-content\/uploads\/2023\/04\/holosun-hs403-punataeppsihik-500x400.jpg 500w, https:\/\/kingarms.ee\/wp-content\/uploads\/2023\/04\/holosun-hs403-punataeppsihik-150x120.jpg 150w\" sizes=\"auto, (max-width: 1000px) 100vw, 1000px\" \/><\/p>\n","protected":false},"excerpt":{"rendered":"<p>RML vihre\u00e4 laser valjaat (Holosun)<\/p>\n<p>Mukana 8 vaihdettavaa s\u00e4\u00e4t\u00f6laitetta, joten voit kiinnitt\u00e4\u00e4 laserin aseeseen sinulle parhaiten sopivalle et\u00e4isyydelle.<\/p>\n<p>S\u00e4\u00e4dett\u00e4v\u00e4 koko 4 MOA<br \/>\nParisto CR1 \/ 3N<br \/>\nV\u00e4ri musta<br \/>\nKorkeuden s\u00e4\u00e4t\u00f6 60 MOA<br \/>\nAmpuma-asetyyppi k\u00e4siase<br \/>\nMukana akku \/ T10 L-avain \/ objektiiviliina<br \/>\nLaserin v\u00e4ri vihre\u00e4<br \/>\nPituus 1,97\u2033<br \/>\nMateriaali polymeeri<br \/>\nRML-malli<br \/>\nYleismaailmallisen ankkurin tyyppi t\u00e4\u00e4ll\u00e4<br \/>\nL\u00e4ht\u00f6 1mw \/ 5mw<br \/>\nIskunkest\u00e4v\u00e4 \/ s\u00e4\u00e4nkest\u00e4v\u00e4 \/ vedenpit\u00e4v\u00e4<br \/>\nHakukoodi HOLOSUN<br \/>\nLiittyv\u00e4t tuotteet SCDOT<br \/>\nPaino 1,30 unssia<br \/>\nTuulen s\u00e4\u00e4t\u00f6 60 MOA<br \/>\nTuulen korkeus s\u00e4\u00e4dett\u00e4viss\u00e4<\/p>\n","protected":false},"featured_media":76973,"template":"","meta":{"_acf_changed":false},"product_brand":[],"product_cat":[923],"product_tag":[],"class_list":{"0":"post-76993","1":"product","2":"type-product","3":"status-publish","4":"has-post-thumbnail","6":"product_cat-laser-fi","8":"first","9":"instock","10":"taxable","11":"shipping-taxable","12":"purchasable","13":"product-type-simple"},"acf":[],"_links":{"self":[{"href":"https:\/\/kingarms.ee\/fi\/wp-json\/wp\/v2\/product\/76993","targetHints":{"allow":["GET"]}}],"collection":[{"href":"https:\/\/kingarms.ee\/fi\/wp-json\/wp\/v2\/product"}],"about":[{"href":"https:\/\/kingarms.ee\/fi\/wp-json\/wp\/v2\/types\/product"}],"wp:featuredmedia":[{"embeddable":true,"href":"https:\/\/kingarms.ee\/fi\/wp-json\/wp\/v2\/media\/76973"}],"wp:attachment":[{"href":"https:\/\/kingarms.ee\/fi\/wp-json\/wp\/v2\/media?parent=76993"}],"wp:term":[{"taxonomy":"product_brand","embeddable":true,"href":"https:\/\/kingarms.ee\/fi\/wp-json\/wp\/v2\/product_brand?post=76993"},{"taxonomy":"product_cat","embeddable":true,"href":"https:\/\/kingarms.ee\/fi\/wp-json\/wp\/v2\/product_cat?post=76993"},{"taxonomy":"product_tag","embeddable":true,"href":"https:\/\/kingarms.ee\/fi\/wp-json\/wp\/v2\/product_tag?post=76993"}],"curies":[{"name":"wp","href":"https:\/\/api.w.org\/{rel}","templated":true}]}}