{"id":77090,"date":"2023-04-12T18:33:58","date_gmt":"2023-04-12T15:34:36","guid":{"rendered":"https:\/\/kingarms.ee\/product\/tk16-taskulamppu-fenix\/"},"modified":"2024-08-07T10:22:23","modified_gmt":"2024-08-07T07:22:23","slug":"tk16-taskulamppu-fenix","status":"publish","type":"product","link":"https:\/\/kingarms.ee\/fi\/product\/tk16-taskulamppu-fenix\/","title":{"rendered":"TK16 taskulamppu (Fenix)"},"content":{"rendered":"<p><img loading=\"lazy\" decoding=\"async\" class=\"alignnone size-full wp-image-77057\" src=\"https:\/\/kingarms.ee\/wp-content\/uploads\/2023\/04\/1-1.jpg\" alt=\"\" width=\"850\" height=\"850\" srcset=\"https:\/\/kingarms.ee\/wp-content\/uploads\/2023\/04\/1-1.jpg 850w, https:\/\/kingarms.ee\/wp-content\/uploads\/2023\/04\/1-1-300x300.jpg 300w, https:\/\/kingarms.ee\/wp-content\/uploads\/2023\/04\/1-1-150x150.jpg 150w, https:\/\/kingarms.ee\/wp-content\/uploads\/2023\/04\/1-1-768x768.jpg 768w, https:\/\/kingarms.ee\/wp-content\/uploads\/2023\/04\/1-1-500x500.jpg 500w\" sizes=\"auto, (max-width: 850px) 100vw, 850px\" \/><\/p>\n","protected":false},"excerpt":{"rendered":"<p>TK16-taskulamppu (Fenix) on kevyt, kompakti ja helppok\u00e4ytt\u00f6inen taktinen huoltotaskulamppu, joka sopii erinomaisesti my\u00f6s kiv\u00e4\u00e4rin taskulampuksi mets\u00e4st\u00e4jille. Fenix TK16 V2.0 on vain 143 mm pitk\u00e4, ja sen p\u00e4\u00e4n halkaisija on 34 mm ja rungon halkaisija 25,4 mm. Valaisimen virtal\u00e4hteen\u00e4 toimii uuden sukupolven suurikapasiteettinen (5000mAh) Type 21700 Li-ion-akku, jonka USB-C-suoraan ladattava versio sis\u00e4ltyy valaisimen toimitukseen. Suurin valovoima on 3100 lumenia ja suurin valovirta on 380 m. Ylikuumenemiselta suojaa sis\u00e4\u00e4nrakennettu l\u00e4mp\u00f6tilan s\u00e4\u00e4din. Fenix TK16 V2.0 on suunniteltu ensisijaisesti ammattik\u00e4ytt\u00f6\u00f6n virkataskulampuksi lainvalvonta-alalla. T\u00e4m\u00e4 n\u00e4kyy valaisimen tasapainoisessa valokuviossa ja taktisessa k\u00e4ytt\u00f6liittym\u00e4ss\u00e4, joka koostuu kahdesta kytkimest\u00e4, jotka on asennettu paristoputken p\u00e4\u00e4h\u00e4n valaisimen taakse. Yhdell\u00e4 kytkimell\u00e4 voit kytke\u00e4 lampun p\u00e4\u00e4lle tai siirty\u00e4 suoraan stroboskooppitilaan. Toinen kytkin on tarkoitettu valon voimakkuuden muuttamiseen. TK16 V2.0 -valaisimessa on yhteens\u00e4 viisi vakiovalovoimakkuutta, jotka vaihtelevat 30 ja 3100 lumenin v\u00e4lill\u00e4. Lis\u00e4ksi valaisinp\u00e4\u00e4n etuosa on varustettu kest\u00e4v\u00e4ll\u00e4 ruostumattomasta ter\u00e4ksest\u00e4 valmistetulla iskup\u00e4\u00e4ll\u00e4. Kuten kaikki laadukkaat huoltovalaisimet, Fenix TK16 V2.0 on vesi- ja s\u00e4\u00e4nkest\u00e4v\u00e4 (IP68 2m) ja iskunkest\u00e4vyydelt\u00e4\u00e4n testattu. TK16 V2.0 on muokattavissa valikoitujen Fenix-lis\u00e4varusteiden, kuten et\u00e4isyyskytkimen, liikenteenohjaussauvojen, kuppien, asekiinnikkeiden jne. avulla. Jos etsit kompaktia mutta tehokasta huolto- tai mets\u00e4styslamppua, Fenix TK16 V2.0 on ehdottomasti yksi markkinoiden parhaista vaihtoehdoista.<\/p>\n","protected":false},"featured_media":77059,"template":"","meta":{"_acf_changed":false},"product_brand":[],"product_cat":[273],"product_tag":[],"class_list":{"0":"post-77090","1":"product","2":"type-product","3":"status-publish","4":"has-post-thumbnail","6":"product_cat-valaisimet","8":"first","9":"instock","10":"taxable","11":"shipping-taxable","12":"purchasable","13":"product-type-simple"},"acf":[],"_links":{"self":[{"href":"https:\/\/kingarms.ee\/fi\/wp-json\/wp\/v2\/product\/77090","targetHints":{"allow":["GET"]}}],"collection":[{"href":"https:\/\/kingarms.ee\/fi\/wp-json\/wp\/v2\/product"}],"about":[{"href":"https:\/\/kingarms.ee\/fi\/wp-json\/wp\/v2\/types\/product"}],"wp:featuredmedia":[{"embeddable":true,"href":"https:\/\/kingarms.ee\/fi\/wp-json\/wp\/v2\/media\/77059"}],"wp:attachment":[{"href":"https:\/\/kingarms.ee\/fi\/wp-json\/wp\/v2\/media?parent=77090"}],"wp:term":[{"taxonomy":"product_brand","embeddable":true,"href":"https:\/\/kingarms.ee\/fi\/wp-json\/wp\/v2\/product_brand?post=77090"},{"taxonomy":"product_cat","embeddable":true,"href":"https:\/\/kingarms.ee\/fi\/wp-json\/wp\/v2\/product_cat?post=77090"},{"taxonomy":"product_tag","embeddable":true,"href":"https:\/\/kingarms.ee\/fi\/wp-json\/wp\/v2\/product_tag?post=77090"}],"curies":[{"name":"wp","href":"https:\/\/api.w.org\/{rel}","templated":true}]}}