{"id":77099,"date":"2023-04-12T18:39:08","date_gmt":"2023-04-12T15:39:55","guid":{"rendered":"https:\/\/kingarms.ee\/product\/nicron-b74-taydellinen-sarja\/"},"modified":"2024-08-07T10:21:39","modified_gmt":"2024-08-07T07:21:39","slug":"nicron-b74-vaihtosarja","status":"publish","type":"product","link":"https:\/\/kingarms.ee\/fi\/product\/nicron-b74-vaihtosarja\/","title":{"rendered":"Nicron B74 t\u00e4ydellinen sarja"},"content":{"rendered":"<p><img loading=\"lazy\" decoding=\"async\" class=\"alignnone size-full wp-image-77094\" src=\"https:\/\/kingarms.ee\/wp-content\/uploads\/2023\/04\/Nicron-B74-Teaser.jpg\" alt=\"\" width=\"800\" height=\"800\" srcset=\"https:\/\/kingarms.ee\/wp-content\/uploads\/2023\/04\/Nicron-B74-Teaser.jpg 800w, https:\/\/kingarms.ee\/wp-content\/uploads\/2023\/04\/Nicron-B74-Teaser-300x300.jpg 300w, https:\/\/kingarms.ee\/wp-content\/uploads\/2023\/04\/Nicron-B74-Teaser-150x150.jpg 150w, https:\/\/kingarms.ee\/wp-content\/uploads\/2023\/04\/Nicron-B74-Teaser-768x768.jpg 768w, https:\/\/kingarms.ee\/wp-content\/uploads\/2023\/04\/Nicron-B74-Teaser-500x500.jpg 500w\" sizes=\"auto, (max-width: 800px) 100vw, 800px\" \/><\/p>\n","protected":false},"excerpt":{"rendered":"<p>Nicron B74 t\u00e4ydellinen sarja<\/p>\n<p>Nicron B74 on osa Nicronin kuluttajille suunnattua<em>kierrevalosarjaa<\/em>. T\u00e4m\u00e4 on kompaktimpi versio Nicron B71:st\u00e4, jossa k\u00e4ytet\u00e4\u00e4n 14500\/AA virtal\u00e4hdett\u00e4. Nicron B74 on ainutlaatuinen taskulamppu, jonka p\u00e4\u00e4osaa voidaan s\u00e4\u00e4t\u00e4\u00e4 0-90 asteen v\u00e4lill\u00e4. Se on t\u00e4ysmetallinen (alumiininen) monilamppu. Siin\u00e4 on vahva taskuklipsi sivulla ja magneetti takana, jossa on suuri vetovoima. Taskuklipsin avulla lamppu voidaan kiinnitt\u00e4\u00e4 vaatteisiin, valjaisiin ja taskuihin. Valaisin voidaan asentaa pystyasentoon takaosaan tai kiinnitt\u00e4\u00e4 ferromagneettisiin pintoihin mihin tahansa asentoon takaosassa olevan vahvan magneetin avulla. N\u00e4in Nicron-kulmavalaisin voidaan muuttaa hetkess\u00e4 handsfree-ty\u00f6pistevalaisimeksi, jonka valon suunta on jopa 360 astetta. Nicron B74 on pisimmill\u00e4\u00e4n vain 112 mm pitk\u00e4, ja sen rungon ja p\u00e4\u00e4n halkaisija on 21 mm. Nicron B74 k\u00e4ytt\u00e4\u00e4 joko tavallista USB-suoralatauspistoketta ja piirilevysuojattua 14500 Li-ion-akkua tai AA-kokoisia paristoja. Li-ion-akulla toimiva Nicron B74 on saatavana yhteens\u00e4 kolmella valonvoimakkuudella (700 lm, 250 lm, 100 lm) ja kahdella piilotetulla erikoistilalla (stroboskooppi ja SOS). Suurin valovirta on 126 metri\u00e4. Laadukkaita AA-kokoisia paristoja k\u00e4ytt\u00e4v\u00e4 Nicron B74 on saatavana yhteens\u00e4 kolmella valon voimakkuudella (100 lm, 30 lm, 10 lm) ja kahdella piilotetulla erikoistilalla (stroboskooppi ja SOS). Valok\u00e4yr\u00e4 on suhteellisen laaja ja universaali. Nicron B74 kytket\u00e4\u00e4n p\u00e4\u00e4lle ja pois p\u00e4\u00e4lt\u00e4 lampun sivussa olevalla kytkimell\u00e4. Nicron B74 on sade- ja roiskevesisuojattu valaisin, joka t\u00e4ytt\u00e4\u00e4 IP65-suojausluokan vaatimukset. Nicron B74 toimitetaan t\u00e4ydellisen\u00e4 pakettina, joka sis\u00e4lt\u00e4\u00e4 900mAh USB-ladattavan Li-ion-akun, tavallisen USB-latauskaapelin ja k\u00e4ytt\u00f6ohjeen.<\/p>\n","protected":false},"featured_media":87513,"template":"","meta":{"_acf_changed":false},"product_brand":[],"product_cat":[273],"product_tag":[],"class_list":{"0":"post-77099","1":"product","2":"type-product","3":"status-publish","4":"has-post-thumbnail","6":"product_cat-valaisimet","8":"first","9":"instock","10":"taxable","11":"shipping-taxable","12":"purchasable","13":"product-type-simple"},"acf":[],"_links":{"self":[{"href":"https:\/\/kingarms.ee\/fi\/wp-json\/wp\/v2\/product\/77099","targetHints":{"allow":["GET"]}}],"collection":[{"href":"https:\/\/kingarms.ee\/fi\/wp-json\/wp\/v2\/product"}],"about":[{"href":"https:\/\/kingarms.ee\/fi\/wp-json\/wp\/v2\/types\/product"}],"wp:featuredmedia":[{"embeddable":true,"href":"https:\/\/kingarms.ee\/fi\/wp-json\/wp\/v2\/media\/87513"}],"wp:attachment":[{"href":"https:\/\/kingarms.ee\/fi\/wp-json\/wp\/v2\/media?parent=77099"}],"wp:term":[{"taxonomy":"product_brand","embeddable":true,"href":"https:\/\/kingarms.ee\/fi\/wp-json\/wp\/v2\/product_brand?post=77099"},{"taxonomy":"product_cat","embeddable":true,"href":"https:\/\/kingarms.ee\/fi\/wp-json\/wp\/v2\/product_cat?post=77099"},{"taxonomy":"product_tag","embeddable":true,"href":"https:\/\/kingarms.ee\/fi\/wp-json\/wp\/v2\/product_tag?post=77099"}],"curies":[{"name":"wp","href":"https:\/\/api.w.org\/{rel}","templated":true}]}}