{"id":77112,"date":"2023-04-12T18:47:37","date_gmt":"2023-04-12T15:48:14","guid":{"rendered":"https:\/\/kingarms.ee\/product\/aot-s-saadin-fenix\/"},"modified":"2024-08-07T10:20:13","modified_gmt":"2024-08-07T07:20:13","slug":"aot-s-regulaattori-fenix","status":"publish","type":"product","link":"https:\/\/kingarms.ee\/fi\/product\/aot-s-regulaattori-fenix\/","title":{"rendered":"AOT-S s\u00e4\u00e4din (Fenix)"},"content":{"rendered":"<p><img loading=\"lazy\" decoding=\"async\" class=\"alignnone size-full wp-image-77102\" src=\"https:\/\/kingarms.ee\/wp-content\/uploads\/2023\/04\/1-2.jpg\" alt=\"\" width=\"850\" height=\"850\" srcset=\"https:\/\/kingarms.ee\/wp-content\/uploads\/2023\/04\/1-2.jpg 850w, https:\/\/kingarms.ee\/wp-content\/uploads\/2023\/04\/1-2-300x300.jpg 300w, https:\/\/kingarms.ee\/wp-content\/uploads\/2023\/04\/1-2-150x150.jpg 150w, https:\/\/kingarms.ee\/wp-content\/uploads\/2023\/04\/1-2-768x768.jpg 768w, https:\/\/kingarms.ee\/wp-content\/uploads\/2023\/04\/1-2-500x500.jpg 500w\" sizes=\"auto, (max-width: 850px) 100vw, 850px\" \/><\/p>\n","protected":false},"excerpt":{"rendered":"<p>Fenix AOT-S -punainen valo on tarkoitettu liikenteenohjaajien k\u00e4ytt\u00f6\u00f6n pime\u00e4ss\u00e4. Valmistettu korkealaatuisesta l\u00e4mp\u00f6tilaa ja iskuja kest\u00e4v\u00e4st\u00e4 muovista.<\/p>\n<p>Sopii Fenix (ja muiden merkkien) taskulamppuihin, joiden p\u00e4\u00e4n halkaisija on 21-25,4 mm (1&#8243;).<\/p>\n","protected":false},"featured_media":77104,"template":"","meta":{"_acf_changed":false},"product_brand":[],"product_cat":[273],"product_tag":[],"class_list":{"0":"post-77112","1":"product","2":"type-product","3":"status-publish","4":"has-post-thumbnail","6":"product_cat-valaisimet","8":"first","9":"instock","10":"taxable","11":"shipping-taxable","12":"purchasable","13":"product-type-simple"},"acf":[],"_links":{"self":[{"href":"https:\/\/kingarms.ee\/fi\/wp-json\/wp\/v2\/product\/77112","targetHints":{"allow":["GET"]}}],"collection":[{"href":"https:\/\/kingarms.ee\/fi\/wp-json\/wp\/v2\/product"}],"about":[{"href":"https:\/\/kingarms.ee\/fi\/wp-json\/wp\/v2\/types\/product"}],"wp:featuredmedia":[{"embeddable":true,"href":"https:\/\/kingarms.ee\/fi\/wp-json\/wp\/v2\/media\/77104"}],"wp:attachment":[{"href":"https:\/\/kingarms.ee\/fi\/wp-json\/wp\/v2\/media?parent=77112"}],"wp:term":[{"taxonomy":"product_brand","embeddable":true,"href":"https:\/\/kingarms.ee\/fi\/wp-json\/wp\/v2\/product_brand?post=77112"},{"taxonomy":"product_cat","embeddable":true,"href":"https:\/\/kingarms.ee\/fi\/wp-json\/wp\/v2\/product_cat?post=77112"},{"taxonomy":"product_tag","embeddable":true,"href":"https:\/\/kingarms.ee\/fi\/wp-json\/wp\/v2\/product_tag?post=77112"}],"curies":[{"name":"wp","href":"https:\/\/api.w.org\/{rel}","templated":true}]}}