{"id":77142,"date":"2023-04-12T18:54:19","date_gmt":"2023-04-12T15:54:57","guid":{"rendered":"https:\/\/kingarms.ee\/product\/arb-l21-4000p-li-on-akku-fenix\/"},"modified":"2024-08-07T10:18:47","modified_gmt":"2024-08-07T07:18:47","slug":"arb-l21-4000p-li-on-aku-fenix","status":"publish","type":"product","link":"https:\/\/kingarms.ee\/fi\/product\/arb-l21-4000p-li-on-aku-fenix\/","title":{"rendered":"ARB-L21-4000P Li-On akku (Fenix)"},"content":{"rendered":"<p><img loading=\"lazy\" decoding=\"async\" class=\"alignnone size-full wp-image-77123\" src=\"https:\/\/kingarms.ee\/wp-content\/uploads\/2023\/04\/ARBL21400P.jpg\" alt=\"\" width=\"850\" height=\"850\" srcset=\"https:\/\/kingarms.ee\/wp-content\/uploads\/2023\/04\/ARBL21400P.jpg 850w, https:\/\/kingarms.ee\/wp-content\/uploads\/2023\/04\/ARBL21400P-300x300.jpg 300w, https:\/\/kingarms.ee\/wp-content\/uploads\/2023\/04\/ARBL21400P-150x150.jpg 150w, https:\/\/kingarms.ee\/wp-content\/uploads\/2023\/04\/ARBL21400P-768x768.jpg 768w, https:\/\/kingarms.ee\/wp-content\/uploads\/2023\/04\/ARBL21400P-500x500.jpg 500w\" sizes=\"auto, (max-width: 850px) 100vw, 850px\" \/><\/p>\n","protected":false},"excerpt":{"rendered":"<p>Laadukas 21700-tyypin litiumioniakku k\u00e4ytett\u00e4v\u00e4ksi taskulampuissa ja laitteissa, joissa on erityisen suuri virrankulutus. Suojamekanismi varmistaa, ett\u00e4 akku ei ylikuumene eik\u00e4 lataudu liikaa. Itsepurkautuminen on minimoitu, ja k\u00e4ytt\u00f6ik\u00e4 on yli 500 lataussykli\u00e4. Testattu sek\u00e4 kylmiss\u00e4 ett\u00e4 kuumissa ymp\u00e4rist\u00f6iss\u00e4. Jatkuva maksimikuormituskapasiteetti 10A, jopa 18A 3 minuutin kuluessa.<\/p>\n<p>Soveltuu yleisk\u00e4ytt\u00f6\u00f6n eri valmistajien taskulamppuihin ja laitteisiin, joissa k\u00e4ytet\u00e4\u00e4n standardityyppist\u00e4 21700 litiumioniakkua, jossa on ter\u00e4v\u00e4 &#8220;+&#8221;-kontakti.<\/p>\n<p>Suunniteltu Fenix-taskulampuille, joissa on erityisen suuri enimm\u00e4isvirrankulutus, kuten <strong>LR35R, LR40R, LR50R, TK20R V2.0, PD40R V2.0 ja muut<\/strong>.<\/p>\n","protected":false},"featured_media":77125,"template":"","meta":{"_acf_changed":false},"product_brand":[],"product_cat":[273,655],"product_tag":[],"class_list":{"0":"post-77142","1":"product","2":"type-product","3":"status-publish","4":"has-post-thumbnail","6":"product_cat-valaisimet","7":"product_cat-paristot-fi","9":"first","10":"instock","11":"taxable","12":"shipping-taxable","13":"purchasable","14":"product-type-simple"},"acf":[],"_links":{"self":[{"href":"https:\/\/kingarms.ee\/fi\/wp-json\/wp\/v2\/product\/77142","targetHints":{"allow":["GET"]}}],"collection":[{"href":"https:\/\/kingarms.ee\/fi\/wp-json\/wp\/v2\/product"}],"about":[{"href":"https:\/\/kingarms.ee\/fi\/wp-json\/wp\/v2\/types\/product"}],"wp:featuredmedia":[{"embeddable":true,"href":"https:\/\/kingarms.ee\/fi\/wp-json\/wp\/v2\/media\/77125"}],"wp:attachment":[{"href":"https:\/\/kingarms.ee\/fi\/wp-json\/wp\/v2\/media?parent=77142"}],"wp:term":[{"taxonomy":"product_brand","embeddable":true,"href":"https:\/\/kingarms.ee\/fi\/wp-json\/wp\/v2\/product_brand?post=77142"},{"taxonomy":"product_cat","embeddable":true,"href":"https:\/\/kingarms.ee\/fi\/wp-json\/wp\/v2\/product_cat?post=77142"},{"taxonomy":"product_tag","embeddable":true,"href":"https:\/\/kingarms.ee\/fi\/wp-json\/wp\/v2\/product_tag?post=77142"}],"curies":[{"name":"wp","href":"https:\/\/api.w.org\/{rel}","templated":true}]}}