{"id":77416,"date":"2023-04-23T11:59:30","date_gmt":"2023-04-23T09:33:45","guid":{"rendered":"https:\/\/kingarms.ee\/product\/alykas-laturi-gfc\/"},"modified":"2024-08-07T10:12:27","modified_gmt":"2024-08-07T07:12:27","slug":"tark-charger-gfc","status":"publish","type":"product","link":"https:\/\/kingarms.ee\/fi\/product\/tark-charger-gfc\/","title":{"rendered":"\u00c4lyk\u00e4s laturi &#8211; GFC"},"content":{"rendered":"","protected":false},"excerpt":{"rendered":"<p><b>LATURIN OMINAISUUDET:<\/b><\/p>\n<ul>\n<li style=\"font-weight: 400;\" aria-level=\"1\"><span style=\"font-weight: 400;\">LiIon-, LiPo-, LiFe-, Ni-Cd-, Ni-MH- ja PB-akkujen lataus.<\/span><\/li>\n<li style=\"font-weight: 400;\" aria-level=\"1\"><span style=\"font-weight: 400;\">Sis\u00e4\u00e4nrakennettu tasapainotin (AC)<\/span><\/li>\n<li style=\"font-weight: 400;\" aria-level=\"1\"><span style=\"font-weight: 400;\">S\u00e4\u00e4dett\u00e4v\u00e4 j\u00e4nniteasetus<\/span><\/li>\n<li style=\"font-weight: 400;\" aria-level=\"1\"><span style=\"font-weight: 400;\">Elektroninen (mikroprosessori) ohjaus<\/span><\/li>\n<li style=\"font-weight: 400;\" aria-level=\"1\"><span style=\"font-weight: 400;\">Sis\u00e4\u00e4nrakennettu AC<\/span><\/li>\n<li style=\"font-weight: 400;\" aria-level=\"1\"><span style=\"font-weight: 400;\">Laturin tekniset tiedot:<\/span><\/li>\n<li style=\"font-weight: 400;\" aria-level=\"1\"><span style=\"font-weight: 400;\">Tuloj\u00e4nnite: 11-15V tai AC\/DC 100-230V 5A<\/span><\/li>\n<li style=\"font-weight: 400;\" aria-level=\"1\"><span style=\"font-weight: 400;\">Latausvirta: 0,1-4,5A<\/span><\/li>\n<li style=\"font-weight: 400;\" aria-level=\"1\"><span style=\"font-weight: 400;\">Ni-MH\/Ni-Cd-kennojen lukum\u00e4\u00e4r\u00e4: 1-15<\/span><\/li>\n<li style=\"font-weight: 400;\" aria-level=\"1\"><span style=\"font-weight: 400;\">Li-Ion\/Poly-akkujen m\u00e4\u00e4r\u00e4: 1-3 kpl<\/span><\/li>\n<\/ul>\n<p><b>SETTI SIS\u00c4LT\u00c4\u00c4:<\/b><\/p>\n<ul>\n<li style=\"font-weight: 400;\" aria-level=\"1\"><span style=\"font-weight: 400;\">Lataa osoitteesta<\/span><\/li>\n<li style=\"font-weight: 400;\" aria-level=\"1\"><span style=\"font-weight: 400;\">12V DC latausjohto (pistorasia &#8211; alligaattoriliittimet)<\/span><\/li>\n<li style=\"font-weight: 400;\" aria-level=\"1\"><span style=\"font-weight: 400;\">1x DEAN &#8211; Tamiya pieni adapteri<\/span><\/li>\n<li style=\"font-weight: 400;\" aria-level=\"1\"><span style=\"font-weight: 400;\">1x Tamiya small &#8211; Crimps adapteri<\/span><\/li>\n<li aria-level=\"1\">220V pistoke<\/li>\n<\/ul>\n","protected":false},"featured_media":77397,"template":"","meta":{"_acf_changed":false},"product_brand":[],"product_cat":[654,243],"product_tag":[],"class_list":{"0":"post-77416","1":"product","2":"type-product","3":"status-publish","4":"has-post-thumbnail","6":"product_cat-lataajat","7":"product_cat-paristot-ja-laturit","9":"first","10":"instock","11":"taxable","12":"shipping-taxable","13":"purchasable","14":"product-type-simple"},"acf":[],"_links":{"self":[{"href":"https:\/\/kingarms.ee\/fi\/wp-json\/wp\/v2\/product\/77416","targetHints":{"allow":["GET"]}}],"collection":[{"href":"https:\/\/kingarms.ee\/fi\/wp-json\/wp\/v2\/product"}],"about":[{"href":"https:\/\/kingarms.ee\/fi\/wp-json\/wp\/v2\/types\/product"}],"wp:featuredmedia":[{"embeddable":true,"href":"https:\/\/kingarms.ee\/fi\/wp-json\/wp\/v2\/media\/77397"}],"wp:attachment":[{"href":"https:\/\/kingarms.ee\/fi\/wp-json\/wp\/v2\/media?parent=77416"}],"wp:term":[{"taxonomy":"product_brand","embeddable":true,"href":"https:\/\/kingarms.ee\/fi\/wp-json\/wp\/v2\/product_brand?post=77416"},{"taxonomy":"product_cat","embeddable":true,"href":"https:\/\/kingarms.ee\/fi\/wp-json\/wp\/v2\/product_cat?post=77416"},{"taxonomy":"product_tag","embeddable":true,"href":"https:\/\/kingarms.ee\/fi\/wp-json\/wp\/v2\/product_tag?post=77416"}],"curies":[{"name":"wp","href":"https:\/\/api.w.org\/{rel}","templated":true}]}}