{"id":77419,"date":"2023-04-23T11:23:28","date_gmt":"2023-04-23T09:38:01","guid":{"rendered":"https:\/\/kingarms.ee\/product\/luodinkestava-laatta-tencate-sa\/"},"modified":"2024-08-07T10:13:11","modified_gmt":"2024-08-07T07:13:11","slug":"bullet-proof-plate-tencate-sa","status":"publish","type":"product","link":"https:\/\/kingarms.ee\/fi\/product\/bullet-proof-plate-tencate-sa\/","title":{"rendered":"Luodinkest\u00e4v\u00e4 laatta &#8211; Tencate SA"},"content":{"rendered":"","protected":false},"excerpt":{"rendered":"<p><strong>AVAINTIEDOT:<\/strong><\/p>\n<ul>\n<li>Mitat: 248 mm x 288 mm<\/li>\n<li>Paino: 2,3 kg<\/li>\n<li>Erillisk\u00e4ytt\u00f6\u00f6n (Stand Alone)<\/li>\n<li>Malli: CX-651 SA<\/li>\n<\/ul>\n<p><strong>KEEP:<\/strong><\/p>\n<ul>\n<li>7,62&#215;39 MSC<\/li>\n<li>5,45&#215;39 7N6<\/li>\n<li>5,45&#215;39 7N10<\/li>\n<li>7,62&#215;39 API BZ<\/li>\n<\/ul>\n","protected":false},"featured_media":77391,"template":"","meta":{"_acf_changed":false},"product_brand":[],"product_cat":[503],"product_tag":[],"class_list":{"0":"post-77419","1":"product","2":"type-product","3":"status-publish","4":"has-post-thumbnail","6":"product_cat-ballistiset-varusteet","8":"first","9":"instock","10":"sale","11":"taxable","12":"shipping-taxable","13":"purchasable","14":"product-type-simple"},"acf":[],"_links":{"self":[{"href":"https:\/\/kingarms.ee\/fi\/wp-json\/wp\/v2\/product\/77419","targetHints":{"allow":["GET"]}}],"collection":[{"href":"https:\/\/kingarms.ee\/fi\/wp-json\/wp\/v2\/product"}],"about":[{"href":"https:\/\/kingarms.ee\/fi\/wp-json\/wp\/v2\/types\/product"}],"wp:featuredmedia":[{"embeddable":true,"href":"https:\/\/kingarms.ee\/fi\/wp-json\/wp\/v2\/media\/77391"}],"wp:attachment":[{"href":"https:\/\/kingarms.ee\/fi\/wp-json\/wp\/v2\/media?parent=77419"}],"wp:term":[{"taxonomy":"product_brand","embeddable":true,"href":"https:\/\/kingarms.ee\/fi\/wp-json\/wp\/v2\/product_brand?post=77419"},{"taxonomy":"product_cat","embeddable":true,"href":"https:\/\/kingarms.ee\/fi\/wp-json\/wp\/v2\/product_cat?post=77419"},{"taxonomy":"product_tag","embeddable":true,"href":"https:\/\/kingarms.ee\/fi\/wp-json\/wp\/v2\/product_tag?post=77419"}],"curies":[{"name":"wp","href":"https:\/\/api.w.org\/{rel}","templated":true}]}}