{"id":77429,"date":"2023-04-19T12:04:57","date_gmt":"2023-04-23T09:42:23","guid":{"rendered":"https:\/\/kingarms.ee\/product\/nokamuts-desert-digital\/"},"modified":"2024-08-07T10:13:53","modified_gmt":"2024-08-07T07:13:53","slug":"nokamuts-desert-digital","status":"publish","type":"product","link":"https:\/\/kingarms.ee\/fi\/product\/nokamuts-desert-digital\/","title":{"rendered":"Nokam\u00fcts &#8211; Desert Digital"},"content":{"rendered":"","protected":false},"excerpt":{"rendered":"<ul>\n<li>65% polyesteri<\/li>\n<li>35% puuvillaa<\/li>\n<li>Koko: s\u00e4\u00e4dett\u00e4v\u00e4<\/li>\n<\/ul>\n","protected":false},"featured_media":77339,"template":"","meta":{"_acf_changed":false},"product_brand":[],"product_cat":[296],"product_tag":[],"class_list":{"0":"post-77429","1":"product","2":"type-product","3":"status-publish","4":"has-post-thumbnail","6":"product_cat-balaclava-hatut","8":"first","9":"instock","10":"taxable","11":"shipping-taxable","12":"purchasable","13":"product-type-simple"},"acf":[],"_links":{"self":[{"href":"https:\/\/kingarms.ee\/fi\/wp-json\/wp\/v2\/product\/77429","targetHints":{"allow":["GET"]}}],"collection":[{"href":"https:\/\/kingarms.ee\/fi\/wp-json\/wp\/v2\/product"}],"about":[{"href":"https:\/\/kingarms.ee\/fi\/wp-json\/wp\/v2\/types\/product"}],"wp:featuredmedia":[{"embeddable":true,"href":"https:\/\/kingarms.ee\/fi\/wp-json\/wp\/v2\/media\/77339"}],"wp:attachment":[{"href":"https:\/\/kingarms.ee\/fi\/wp-json\/wp\/v2\/media?parent=77429"}],"wp:term":[{"taxonomy":"product_brand","embeddable":true,"href":"https:\/\/kingarms.ee\/fi\/wp-json\/wp\/v2\/product_brand?post=77429"},{"taxonomy":"product_cat","embeddable":true,"href":"https:\/\/kingarms.ee\/fi\/wp-json\/wp\/v2\/product_cat?post=77429"},{"taxonomy":"product_tag","embeddable":true,"href":"https:\/\/kingarms.ee\/fi\/wp-json\/wp\/v2\/product_tag?post=77429"}],"curies":[{"name":"wp","href":"https:\/\/api.w.org\/{rel}","templated":true}]}}