{"id":77437,"date":"2023-04-23T13:01:35","date_gmt":"2023-04-23T10:01:35","guid":{"rendered":"https:\/\/kingarms.ee\/product\/redox-alpha-v2-akkulaturi-combo-virtalahteen-kanssa\/"},"modified":"2024-08-07T10:11:45","modified_gmt":"2024-08-07T07:11:45","slug":"redox-alpha-v2-akku-laturi-combo-virtalahde-toimittaja","status":"publish","type":"product","link":"https:\/\/kingarms.ee\/fi\/product\/redox-alpha-v2-akku-laturi-combo-virtalahde-toimittaja\/","title":{"rendered":"Redox Alpha V2 akkulaturi COMBO (virtal\u00e4hteen kanssa)"},"content":{"rendered":"","protected":false},"excerpt":{"rendered":"<p><span style=\"font-weight: 400;\">Uusi parannettu versio Redox-yhti\u00f6n suositusta Alpha-laturista. Redox Alpha V2 on my\u00f6s varustettu p\u00e4ivitetyll\u00e4 ohjelmistolla, joka takaa pitk\u00e4n ja vakaan toiminnan. Lis\u00e4ksi laturin p\u00e4\u00e4lle on asennettu suuri j\u00e4\u00e4hdytin, joka luovuttaa l\u00e4mp\u00f6\u00e4 eritt\u00e4in tehokkaasti. Latauksen aikana on mahdollista muuttaa laturin latausvirtaa ja seurata kunkin akun j\u00e4nnitett\u00e4!<\/span><\/p>\n<p><span style=\"font-weight: 400;\">T\u00e4m\u00e4 laite on ihanteellinen kotivirtal\u00e4hde mikroprosessorilatureille. Suosittelemme sit\u00e4 aina, kun tarvitaan vakaata ja turvallista virtal\u00e4hdett\u00e4, jolla on vakiintunut ampeerim\u00e4\u00e4r\u00e4 (vakiovirta 5 A), jota 12 V:n laturit tarvitsevat toimiakseen kotiymp\u00e4rist\u00f6ss\u00e4. Nykyaikaisen valmistustekniikan ansiosta laturin mitat ja paino on minimoitu, ja tuloksena on eritt\u00e4in k\u00e4tev\u00e4 ja kompakti tuote.<\/span><\/p>\n<p><span style=\"font-weight: 400;\">&#8212;&#8212;&#8212;&#8212;&#8212;&#8212;&#8212;&#8212;&#8212;&#8212;&#8212;&#8212;&#8212;&#8212;<\/span><\/p>\n<p><b>OMINAISUUDET:<\/b><\/p>\n<ul>\n<li style=\"font-weight: 400;\" aria-level=\"1\"><span style=\"font-weight: 400;\">Mitat: 134 x 86 x 26 mm<\/span><\/li>\n<li style=\"font-weight: 400;\" aria-level=\"1\"><span style=\"font-weight: 400;\">K\u00e4ytt\u00f6j\u00e4nnite: DC 11,0~18,0 V<\/span><\/li>\n<li style=\"font-weight: 400;\" aria-level=\"1\"><span style=\"font-weight: 400;\">Latausvirta: 0,1-5,0A<\/span><\/li>\n<li style=\"font-weight: 400;\" aria-level=\"1\"><span style=\"font-weight: 400;\">Purkuvirta: 0,1~1,0A<\/span><\/li>\n<li style=\"font-weight: 400;\" aria-level=\"1\"><span style=\"font-weight: 400;\">Tasapainottavan virran voimakkuus: 300 mAh\/kenno<\/span><\/li>\n<li style=\"font-weight: 400;\" aria-level=\"1\"><span style=\"font-weight: 400;\">Tuettujen NiCD\/NiMH-kennojen m\u00e4\u00e4r\u00e4: 1-15 kennoa.<\/span><\/li>\n<li style=\"font-weight: 400;\" aria-level=\"1\"><span style=\"font-weight: 400;\">Tuettujen Li-Po\/Fe\/Ion-elementtien lukum\u00e4\u00e4r\u00e4: 1-6 elementti\u00e4.<\/span><\/li>\n<li style=\"font-weight: 400;\" aria-level=\"1\"><span style=\"font-weight: 400;\">Tuetut Pb-paristot: 2-20 V<\/span><\/li>\n<li style=\"font-weight: 400;\" aria-level=\"1\"><span style=\"font-weight: 400;\">Paino (ilman johdotusta): 400 g<\/span><\/li>\n<li style=\"font-weight: 400;\" aria-level=\"1\"><span style=\"font-weight: 400;\">Laturi, jossa on sis\u00e4\u00e4nrakennettu muisti: enint\u00e4\u00e4n 5 akkua<\/span><\/li>\n<li style=\"font-weight: 400;\" aria-level=\"1\"><span style=\"font-weight: 400;\">Akun syklitoiminto<\/span><\/li>\n<li style=\"font-weight: 400;\" aria-level=\"1\"><span style=\"font-weight: 400;\">4 ohjelmointipainiketta<\/span><\/li>\n<\/ul>\n<p><span style=\"font-weight: 400;\">&#8212;&#8212;&#8212;&#8212;&#8212;&#8212;&#8212;&#8212;&#8212;&#8212;&#8212;&#8212;&#8212;&#8212;<\/span><\/p>\n<p><b>L\u00c4HT\u00d6TEHO:<\/b><\/p>\n<ul>\n<li style=\"font-weight: 400;\" aria-level=\"1\"><span style=\"font-weight: 400;\">Suurin latausteho 50W<\/span><\/li>\n<li style=\"font-weight: 400;\" aria-level=\"1\"><span style=\"font-weight: 400;\">Suurin purkausteho 5W<\/span><\/li>\n<\/ul>\n<p><span style=\"font-weight: 400;\">&#8212;&#8212;&#8212;&#8212;&#8212;&#8212;&#8212;&#8212;&#8212;&#8212;&#8212;&#8212;&#8212;&#8212;<\/span><\/p>\n<p><b>SIS\u00c4\u00c4NRAKENNETUT PISTORASIAT:<\/b><\/p>\n<ul>\n<li style=\"font-weight: 400;\" aria-level=\"1\"><span style=\"font-weight: 400;\">Tasapainotuspistokkeet 2s, 3s, 4s, 5s, 6s.<\/span><\/li>\n<li style=\"font-weight: 400;\" aria-level=\"1\"><span style=\"font-weight: 400;\">4 mm kultatulpat,<\/span><\/li>\n<li style=\"font-weight: 400;\" aria-level=\"1\"><span style=\"font-weight: 400;\">Jack-tyyppinen pistorasia (12 V DC)<\/span><\/li>\n<li style=\"font-weight: 400;\" aria-level=\"1\"><span style=\"font-weight: 400;\">valinnainen l\u00e4mp\u00f6tila-anturin liit\u00e4nt\u00e4,<\/span><\/li>\n<li style=\"font-weight: 400;\" aria-level=\"1\"><span style=\"font-weight: 400;\">Redox 12V\/5A virtal\u00e4hde<\/span><\/li>\n<\/ul>\n<p><span style=\"font-weight: 400;\">&#8212;&#8212;&#8212;&#8212;&#8212;&#8212;&#8212;&#8212;&#8212;&#8212;&#8212;&#8212;&#8212;&#8212;<\/span><\/p>\n<p><b>VIRTAL\u00c4HTEEN OMINAISUUDET:<\/b><\/p>\n<ul>\n<li style=\"font-weight: 400;\" aria-level=\"1\"><span style=\"font-weight: 400;\">Tulo: 100~265V\/47\/60 Hz AC<\/span><\/li>\n<li style=\"font-weight: 400;\" aria-level=\"1\"><span style=\"font-weight: 400;\">L\u00e4ht\u00f6: vakautettu 12V<\/span><\/li>\n<li style=\"font-weight: 400;\" aria-level=\"1\"><span style=\"font-weight: 400;\">Virta: vakio 5A<\/span><\/li>\n<li style=\"font-weight: 400;\" aria-level=\"1\"><span style=\"font-weight: 400;\">Mitat: 125 x 57 x 31,5 mm<\/span><\/li>\n<li style=\"font-weight: 400;\" aria-level=\"1\"><span style=\"font-weight: 400;\">Paino (johdot mukaan lukien): 313 g<\/span><\/li>\n<\/ul>\n<p><span style=\"font-weight: 400;\">&#8212;&#8212;&#8212;&#8212;&#8212;&#8212;&#8212;&#8212;&#8212;&#8212;&#8212;&#8212;&#8212;&#8212;<\/span><\/p>\n<p><b>SETTI SIS\u00c4LT\u00c4\u00c4:<\/b><\/p>\n<ul>\n<li style=\"font-weight: 400;\" aria-level=\"1\"><span style=\"font-weight: 400;\">Redox Alpha V2 -laturi,<\/span><\/li>\n<li style=\"font-weight: 400;\" aria-level=\"1\"><span style=\"font-weight: 400;\">virtal\u00e4hde<\/span><\/li>\n<li style=\"font-weight: 400;\" aria-level=\"1\"><span style=\"font-weight: 400;\">12 V DC-virtajohto (Jack &#8211; krokotiilit),<\/span><\/li>\n<li style=\"font-weight: 400;\" aria-level=\"1\"><span style=\"font-weight: 400;\">1 x kultainen 4 mm:n sovitin &#8211; DEAN-liitin,<\/span><\/li>\n<li style=\"font-weight: 400;\" aria-level=\"1\"><span style=\"font-weight: 400;\">Lis\u00e4jatkosovittimet Gold 4 mm adapterille &#8211; DEAN-liittimet:<\/span><\/li>\n<li style=\"font-weight: 400;\" aria-level=\"1\"><span style=\"font-weight: 400;\">1 x DEAN-sovitinpistoke &#8211; krokotiilit<\/span><\/li>\n<li style=\"font-weight: 400;\" aria-level=\"1\"><span style=\"font-weight: 400;\">1 x DEAN-sovitinpistoke &#8211; servopistorasia (FUTABA-tyyppi)<\/span><\/li>\n<li style=\"font-weight: 400;\" aria-level=\"1\"><span style=\"font-weight: 400;\">1 x DEAN-sovitinpistoke &#8211; sytytystulppapistorasia (1,5 V:n puristimien lataamiseen)<\/span><\/li>\n<li style=\"font-weight: 400;\" aria-level=\"1\"><span style=\"font-weight: 400;\">1 x DEAN-sovittimen pistoke &#8211; BEC-pistorasia<\/span><\/li>\n<\/ul>\n","protected":false},"featured_media":88137,"template":"","meta":{"_acf_changed":false},"product_brand":[],"product_cat":[654],"product_tag":[],"class_list":{"0":"post-77437","1":"product","2":"type-product","3":"status-publish","4":"has-post-thumbnail","6":"product_cat-lataajat","8":"first","9":"instock","10":"taxable","11":"shipping-taxable","12":"purchasable","13":"product-type-simple"},"acf":[],"_links":{"self":[{"href":"https:\/\/kingarms.ee\/fi\/wp-json\/wp\/v2\/product\/77437","targetHints":{"allow":["GET"]}}],"collection":[{"href":"https:\/\/kingarms.ee\/fi\/wp-json\/wp\/v2\/product"}],"about":[{"href":"https:\/\/kingarms.ee\/fi\/wp-json\/wp\/v2\/types\/product"}],"wp:featuredmedia":[{"embeddable":true,"href":"https:\/\/kingarms.ee\/fi\/wp-json\/wp\/v2\/media\/88137"}],"wp:attachment":[{"href":"https:\/\/kingarms.ee\/fi\/wp-json\/wp\/v2\/media?parent=77437"}],"wp:term":[{"taxonomy":"product_brand","embeddable":true,"href":"https:\/\/kingarms.ee\/fi\/wp-json\/wp\/v2\/product_brand?post=77437"},{"taxonomy":"product_cat","embeddable":true,"href":"https:\/\/kingarms.ee\/fi\/wp-json\/wp\/v2\/product_cat?post=77437"},{"taxonomy":"product_tag","embeddable":true,"href":"https:\/\/kingarms.ee\/fi\/wp-json\/wp\/v2\/product_tag?post=77437"}],"curies":[{"name":"wp","href":"https:\/\/api.w.org\/{rel}","templated":true}]}}