{"id":77556,"date":"2023-04-23T17:31:00","date_gmt":"2023-04-23T14:34:16","guid":{"rendered":"https:\/\/kingarms.ee\/product\/aseen-puhdistussarja-lcb-16\/"},"modified":"2024-08-07T10:06:46","modified_gmt":"2024-08-07T07:06:46","slug":"aseiden-puhdistussarja-lcb-16","status":"publish","type":"product","link":"https:\/\/kingarms.ee\/fi\/product\/aseiden-puhdistussarja-lcb-16\/","title":{"rendered":"Aseen puhdistussarja LCB-16"},"content":{"rendered":"","protected":false},"excerpt":{"rendered":"<p>Aseen puhdistussarja LCB-16<\/p>\n<p><span style=\"font-weight: 400;\">Hiilidioksidin, noen, ruosteen jne. poistamiseen k\u00e4siaseista tai mets\u00e4stysaseista. T\u00e4m\u00e4 sarja on eritt\u00e4in pienikokoinen, ja se on suunniteltu 16 kaliiperin aseiden puhdistamiseen. Antaa erinomaiset puhdistustulokset. Se on k\u00e4yt\u00e4nn\u00f6llinen, helppok\u00e4ytt\u00f6inen ja kest\u00e4v\u00e4. <\/span><\/p>\n<p><b>SETTI SIS\u00c4LT\u00c4\u00c4:<\/b><\/p>\n<ul>\n<li style=\"font-weight: 400;\" aria-level=\"1\"><span style=\"font-weight: 400;\">Puskuri<\/span><\/li>\n<li style=\"font-weight: 400;\" aria-level=\"1\"><span style=\"font-weight: 400;\">Harjas harja<\/span><\/li>\n<li style=\"font-weight: 400;\" aria-level=\"1\"><span style=\"font-weight: 400;\">Metallinen harja, jossa on harjakset <\/span><\/li>\n<li style=\"font-weight: 400;\" aria-level=\"1\"><span style=\"font-weight: 400;\">Kolmiosainen ter\u00e4ksinen ohjurivarsi<\/span><\/li>\n<\/ul>\n","protected":false},"featured_media":77553,"template":"","meta":{"_acf_changed":false},"product_brand":[],"product_cat":[335],"product_tag":[],"class_list":{"0":"post-77556","1":"product","2":"type-product","3":"status-publish","4":"has-post-thumbnail","6":"product_cat-aseiden-huolto","8":"first","9":"onbackorder","10":"taxable","11":"shipping-taxable","12":"product-type-simple"},"acf":[],"_links":{"self":[{"href":"https:\/\/kingarms.ee\/fi\/wp-json\/wp\/v2\/product\/77556","targetHints":{"allow":["GET"]}}],"collection":[{"href":"https:\/\/kingarms.ee\/fi\/wp-json\/wp\/v2\/product"}],"about":[{"href":"https:\/\/kingarms.ee\/fi\/wp-json\/wp\/v2\/types\/product"}],"wp:featuredmedia":[{"embeddable":true,"href":"https:\/\/kingarms.ee\/fi\/wp-json\/wp\/v2\/media\/77553"}],"wp:attachment":[{"href":"https:\/\/kingarms.ee\/fi\/wp-json\/wp\/v2\/media?parent=77556"}],"wp:term":[{"taxonomy":"product_brand","embeddable":true,"href":"https:\/\/kingarms.ee\/fi\/wp-json\/wp\/v2\/product_brand?post=77556"},{"taxonomy":"product_cat","embeddable":true,"href":"https:\/\/kingarms.ee\/fi\/wp-json\/wp\/v2\/product_cat?post=77556"},{"taxonomy":"product_tag","embeddable":true,"href":"https:\/\/kingarms.ee\/fi\/wp-json\/wp\/v2\/product_tag?post=77556"}],"curies":[{"name":"wp","href":"https:\/\/api.w.org\/{rel}","templated":true}]}}