{"id":77560,"date":"2023-04-23T17:34:06","date_gmt":"2023-04-23T14:35:23","guid":{"rendered":"https:\/\/kingarms.ee\/product\/aseen-puhdistussarja-lkw-9-6\/"},"modified":"2024-08-07T10:06:04","modified_gmt":"2024-08-07T07:06:04","slug":"aseen-puhdistussarja-lkw-9-6","status":"publish","type":"product","link":"https:\/\/kingarms.ee\/fi\/product\/aseen-puhdistussarja-lkw-9-6\/","title":{"rendered":"Aseen puhdistussarja LKW-9.6"},"content":{"rendered":"","protected":false},"excerpt":{"rendered":"<p>Aseen puhdistussarja LKW-9.6<\/p>\n<p><span style=\"font-weight: 400;\">Hiilidioksidin, noen, ruosteen jne. poistamiseen k\u00e4siaseista tai mets\u00e4stysaseista. T\u00e4m\u00e4 sarja on eritt\u00e4in pienikokoinen, ja se on suunniteltu 9,6 kaliiperin aseiden puhdistamiseen. Antaa erinomaiset puhdistustulokset. Se on k\u00e4yt\u00e4nn\u00f6llinen, helppok\u00e4ytt\u00f6inen ja kest\u00e4v\u00e4. <\/span><\/p>\n<p><b>SETTI SIS\u00c4LT\u00c4\u00c4:<\/b><\/p>\n<ul>\n<li style=\"font-weight: 400;\" aria-level=\"1\"><span style=\"font-weight: 400;\">Puskuri<\/span><\/li>\n<li style=\"font-weight: 400;\" aria-level=\"1\"><span style=\"font-weight: 400;\">Harjas harja<\/span><\/li>\n<li style=\"font-weight: 400;\" aria-level=\"1\"><span style=\"font-weight: 400;\">Metallinen harja, jossa on harjakset <\/span><\/li>\n<li style=\"font-weight: 400;\" aria-level=\"1\"><span style=\"font-weight: 400;\">Kolmiosainen ter\u00e4ksinen ohjurivarsi<\/span><\/li>\n<\/ul>\n","protected":false},"featured_media":77585,"template":"","meta":{"_acf_changed":false},"product_brand":[],"product_cat":[335],"product_tag":[],"class_list":{"0":"post-77560","1":"product","2":"type-product","3":"status-publish","4":"has-post-thumbnail","6":"product_cat-aseiden-huolto","8":"first","9":"instock","10":"taxable","11":"shipping-taxable","12":"purchasable","13":"product-type-simple"},"acf":[],"_links":{"self":[{"href":"https:\/\/kingarms.ee\/fi\/wp-json\/wp\/v2\/product\/77560","targetHints":{"allow":["GET"]}}],"collection":[{"href":"https:\/\/kingarms.ee\/fi\/wp-json\/wp\/v2\/product"}],"about":[{"href":"https:\/\/kingarms.ee\/fi\/wp-json\/wp\/v2\/types\/product"}],"wp:featuredmedia":[{"embeddable":true,"href":"https:\/\/kingarms.ee\/fi\/wp-json\/wp\/v2\/media\/77585"}],"wp:attachment":[{"href":"https:\/\/kingarms.ee\/fi\/wp-json\/wp\/v2\/media?parent=77560"}],"wp:term":[{"taxonomy":"product_brand","embeddable":true,"href":"https:\/\/kingarms.ee\/fi\/wp-json\/wp\/v2\/product_brand?post=77560"},{"taxonomy":"product_cat","embeddable":true,"href":"https:\/\/kingarms.ee\/fi\/wp-json\/wp\/v2\/product_cat?post=77560"},{"taxonomy":"product_tag","embeddable":true,"href":"https:\/\/kingarms.ee\/fi\/wp-json\/wp\/v2\/product_tag?post=77560"}],"curies":[{"name":"wp","href":"https:\/\/api.w.org\/{rel}","templated":true}]}}