{"id":77573,"date":"2023-04-23T17:56:11","date_gmt":"2023-04-23T14:58:29","guid":{"rendered":"https:\/\/kingarms.ee\/product\/lkw-12-aseen-puhdistussarja\/"},"modified":"2024-08-07T10:04:39","modified_gmt":"2024-08-07T07:04:39","slug":"lkw-12-kivaarin-puhdistussarja","status":"publish","type":"product","link":"https:\/\/kingarms.ee\/fi\/product\/lkw-12-kivaarin-puhdistussarja\/","title":{"rendered":"LKW-12 aseen puhdistussarja"},"content":{"rendered":"","protected":false},"excerpt":{"rendered":"<p>Hiilidioksidin, noen, ruosteen jne. poistamiseen k\u00e4siaseista tai mets\u00e4stysaseista. T\u00e4m\u00e4 sarja on eritt\u00e4in pienikokoinen, ja se on suunniteltu 12-kaliiperisten aseiden puhdistamiseen. Antaa erinomaiset puhdistustulokset. Se on k\u00e4yt\u00e4nn\u00f6llinen, helppok\u00e4ytt\u00f6inen ja kest\u00e4v\u00e4.<\/p>\n<p><b>SETTI SIS\u00c4LT\u00c4\u00c4:<\/b><\/p>\n<ul>\n<li aria-level=\"1\">Puskuri<\/li>\n<li aria-level=\"1\">Harjas harja<\/li>\n<li aria-level=\"1\">Metallinen harja, jossa on harjakset<\/li>\n<li aria-level=\"1\">Kolmiosainen ter\u00e4ksinen ohjurivarsi<\/li>\n<\/ul>\n","protected":false},"featured_media":77553,"template":"","meta":{"_acf_changed":false},"product_brand":[],"product_cat":[335],"product_tag":[],"class_list":{"0":"post-77573","1":"product","2":"type-product","3":"status-publish","4":"has-post-thumbnail","6":"product_cat-aseiden-huolto","8":"first","9":"instock","10":"taxable","11":"shipping-taxable","12":"purchasable","13":"product-type-simple"},"acf":[],"_links":{"self":[{"href":"https:\/\/kingarms.ee\/fi\/wp-json\/wp\/v2\/product\/77573","targetHints":{"allow":["GET"]}}],"collection":[{"href":"https:\/\/kingarms.ee\/fi\/wp-json\/wp\/v2\/product"}],"about":[{"href":"https:\/\/kingarms.ee\/fi\/wp-json\/wp\/v2\/types\/product"}],"wp:featuredmedia":[{"embeddable":true,"href":"https:\/\/kingarms.ee\/fi\/wp-json\/wp\/v2\/media\/77553"}],"wp:attachment":[{"href":"https:\/\/kingarms.ee\/fi\/wp-json\/wp\/v2\/media?parent=77573"}],"wp:term":[{"taxonomy":"product_brand","embeddable":true,"href":"https:\/\/kingarms.ee\/fi\/wp-json\/wp\/v2\/product_brand?post=77573"},{"taxonomy":"product_cat","embeddable":true,"href":"https:\/\/kingarms.ee\/fi\/wp-json\/wp\/v2\/product_cat?post=77573"},{"taxonomy":"product_tag","embeddable":true,"href":"https:\/\/kingarms.ee\/fi\/wp-json\/wp\/v2\/product_tag?post=77573"}],"curies":[{"name":"wp","href":"https:\/\/api.w.org\/{rel}","templated":true}]}}