{"id":77619,"date":"2023-04-23T19:07:01","date_gmt":"2023-04-23T16:08:52","guid":{"rendered":"https:\/\/kingarms.ee\/product\/kal-20-aseen-puhdistussarja-remington\/"},"modified":"2024-08-07T10:03:58","modified_gmt":"2024-08-07T07:03:58","slug":"kal-20-kivaarinpuhdistuspakkaus-remington","status":"publish","type":"product","link":"https:\/\/kingarms.ee\/fi\/product\/kal-20-kivaarinpuhdistuspakkaus-remington\/","title":{"rendered":"Kal. 20 aseen puhdistussarja (Remington)"},"content":{"rendered":"","protected":false},"excerpt":{"rendered":"<p><span style=\"font-weight: 400;\">Remingtonin &#8221;Universal&#8221;-aseenpuhdistussarja (kal. 20) on toimiva ja k\u00e4yt\u00e4nn\u00f6llinen valinta mets\u00e4stykseen.<\/span><\/p>\n<p><b>SETTI SIS\u00c4LT\u00c4\u00c4: <\/b><\/p>\n<ul>\n<li style=\"font-weight: 400;\" aria-level=\"1\"><span style=\"font-weight: 400;\">Luonnonharjaksista valmistettu suora harja<\/span><\/li>\n<li style=\"font-weight: 400;\" aria-level=\"1\"><span style=\"font-weight: 400;\">Erikoissovitin huopalaastareita varten<\/span><\/li>\n<li style=\"font-weight: 400;\" aria-level=\"1\"><span style=\"font-weight: 400;\">Huoltoharja<\/span><\/li>\n<li style=\"font-weight: 400;\" aria-level=\"1\"><span style=\"font-weight: 400;\">Huopalaastarit<\/span><\/li>\n<li style=\"font-weight: 400;\" aria-level=\"1\"><span style=\"font-weight: 400;\">Ase\u00f6ljy ja ramrodit <\/span><\/li>\n<\/ul>\n<p><b>OTSIKUD:<\/b><\/p>\n<ul>\n<li style=\"font-weight: 400;\" aria-level=\"1\"><span style=\"font-weight: 400;\">Puskuri<\/span><\/li>\n<li style=\"font-weight: 400;\" aria-level=\"1\"><span style=\"font-weight: 400;\">Spiraali<\/span><\/li>\n<li style=\"font-weight: 400;\" aria-level=\"1\"><span style=\"font-weight: 400;\">2x harja <\/span><\/li>\n<\/ul>\n<p><span style=\"font-weight: 400;\">Kaikki sarjan osat on valmistettu korkealaatuisista materiaaleista.<\/span><\/p>\n","protected":false},"featured_media":87885,"template":"","meta":{"_acf_changed":false},"product_brand":[],"product_cat":[335],"product_tag":[],"class_list":{"0":"post-77619","1":"product","2":"type-product","3":"status-publish","4":"has-post-thumbnail","6":"product_cat-aseiden-huolto","8":"first","9":"instock","10":"taxable","11":"shipping-taxable","12":"purchasable","13":"product-type-simple"},"acf":[],"_links":{"self":[{"href":"https:\/\/kingarms.ee\/fi\/wp-json\/wp\/v2\/product\/77619","targetHints":{"allow":["GET"]}}],"collection":[{"href":"https:\/\/kingarms.ee\/fi\/wp-json\/wp\/v2\/product"}],"about":[{"href":"https:\/\/kingarms.ee\/fi\/wp-json\/wp\/v2\/types\/product"}],"wp:featuredmedia":[{"embeddable":true,"href":"https:\/\/kingarms.ee\/fi\/wp-json\/wp\/v2\/media\/87885"}],"wp:attachment":[{"href":"https:\/\/kingarms.ee\/fi\/wp-json\/wp\/v2\/media?parent=77619"}],"wp:term":[{"taxonomy":"product_brand","embeddable":true,"href":"https:\/\/kingarms.ee\/fi\/wp-json\/wp\/v2\/product_brand?post=77619"},{"taxonomy":"product_cat","embeddable":true,"href":"https:\/\/kingarms.ee\/fi\/wp-json\/wp\/v2\/product_cat?post=77619"},{"taxonomy":"product_tag","embeddable":true,"href":"https:\/\/kingarms.ee\/fi\/wp-json\/wp\/v2\/product_tag?post=77619"}],"curies":[{"name":"wp","href":"https:\/\/api.w.org\/{rel}","templated":true}]}}