{"id":77646,"date":"2023-04-23T19:24:40","date_gmt":"2023-04-23T17:01:56","guid":{"rendered":"https:\/\/kingarms.ee\/product\/kal-4-5-aseen-puhdistussarja-remington\/"},"modified":"2024-08-07T10:02:30","modified_gmt":"2024-08-07T07:02:30","slug":"kal-4-5-kivaarinpuhdistussarja-remington","status":"publish","type":"product","link":"https:\/\/kingarms.ee\/fi\/product\/kal-4-5-kivaarinpuhdistussarja-remington\/","title":{"rendered":"Kal. 4.5 Aseen puhdistussarja (Remington)"},"content":{"rendered":"","protected":false},"excerpt":{"rendered":"<p><span style=\"font-weight: 400;\">Remingtonin aseenpuhdistussarja (kal. 4,5) on mets\u00e4styksen v\u00e4ltt\u00e4m\u00e4t\u00f6n lis\u00e4varuste.<\/span><\/p>\n<p><b>SETTI SIS\u00c4LT\u00c4\u00c4: <\/b><\/p>\n<ul>\n<li style=\"font-weight: 400;\" aria-level=\"1\"><span style=\"font-weight: 400;\">Huopalaastarit<\/span><\/li>\n<li style=\"font-weight: 400;\" aria-level=\"1\"><span style=\"font-weight: 400;\">Ase\u00f6ljy ja ramrodit <\/span><\/li>\n<\/ul>\n<p><b>OTSIKUD:<\/b><\/p>\n<ul>\n<li style=\"font-weight: 400;\" aria-level=\"1\"><span style=\"font-weight: 400;\">Puskuri<\/span><\/li>\n<li style=\"font-weight: 400;\" aria-level=\"1\"><span style=\"font-weight: 400;\">Spiraali<\/span><\/li>\n<li style=\"font-weight: 400;\" aria-level=\"1\"><span style=\"font-weight: 400;\">2x harja <\/span><\/li>\n<\/ul>\n<p><span style=\"font-weight: 400;\">Kaikki sarjan osat on valmistettu korkealaatuisista materiaaleista. Kotelo on valmistettu kest\u00e4v\u00e4st\u00e4 muovista, joka ei p\u00e4\u00e4st\u00e4 p\u00f6ly\u00e4 ja likaa sis\u00e4\u00e4n.<\/span><\/p>\n","protected":false},"featured_media":77635,"template":"","meta":{"_acf_changed":false},"product_brand":[],"product_cat":[335],"product_tag":[],"class_list":{"0":"post-77646","1":"product","2":"type-product","3":"status-publish","4":"has-post-thumbnail","6":"product_cat-aseiden-huolto","8":"first","9":"instock","10":"taxable","11":"shipping-taxable","12":"purchasable","13":"product-type-simple"},"acf":[],"_links":{"self":[{"href":"https:\/\/kingarms.ee\/fi\/wp-json\/wp\/v2\/product\/77646","targetHints":{"allow":["GET"]}}],"collection":[{"href":"https:\/\/kingarms.ee\/fi\/wp-json\/wp\/v2\/product"}],"about":[{"href":"https:\/\/kingarms.ee\/fi\/wp-json\/wp\/v2\/types\/product"}],"wp:featuredmedia":[{"embeddable":true,"href":"https:\/\/kingarms.ee\/fi\/wp-json\/wp\/v2\/media\/77635"}],"wp:attachment":[{"href":"https:\/\/kingarms.ee\/fi\/wp-json\/wp\/v2\/media?parent=77646"}],"wp:term":[{"taxonomy":"product_brand","embeddable":true,"href":"https:\/\/kingarms.ee\/fi\/wp-json\/wp\/v2\/product_brand?post=77646"},{"taxonomy":"product_cat","embeddable":true,"href":"https:\/\/kingarms.ee\/fi\/wp-json\/wp\/v2\/product_cat?post=77646"},{"taxonomy":"product_tag","embeddable":true,"href":"https:\/\/kingarms.ee\/fi\/wp-json\/wp\/v2\/product_tag?post=77646"}],"curies":[{"name":"wp","href":"https:\/\/api.w.org\/{rel}","templated":true}]}}