{"id":77652,"date":"2023-04-23T19:41:23","date_gmt":"2023-04-23T17:03:13","guid":{"rendered":"https:\/\/kingarms.ee\/product\/kal-7-62-kivaarin-puhdistussarja-remington\/"},"modified":"2024-08-07T10:01:04","modified_gmt":"2024-08-07T07:01:04","slug":"kal-7-62-pyssyjenpuhdistuspakkaus-remington","status":"publish","type":"product","link":"https:\/\/kingarms.ee\/fi\/product\/kal-7-62-pyssyjenpuhdistuspakkaus-remington\/","title":{"rendered":"Kal. 7.62 kiv\u00e4\u00e4rin puhdistussarja (Remington)"},"content":{"rendered":"","protected":false},"excerpt":{"rendered":"<p><span style=\"font-weight: 400;\">Remingtonin aseenpuhdistussarja (kal. 7.62) on mets\u00e4styksess\u00e4 v\u00e4ltt\u00e4m\u00e4t\u00f6n lis\u00e4varuste.<\/span><\/p>\n<p><b>SETTI SIS\u00c4LT\u00c4\u00c4: <\/b><\/p>\n<ul>\n<li style=\"font-weight: 400;\" aria-level=\"1\"><span style=\"font-weight: 400;\">Huopalaastarit<\/span><\/li>\n<li style=\"font-weight: 400;\" aria-level=\"1\"><span style=\"font-weight: 400;\">Ase\u00f6ljy ja ramrodit <\/span><\/li>\n<\/ul>\n<p><b>OTSIKUD:<\/b><\/p>\n<ul>\n<li style=\"font-weight: 400;\" aria-level=\"1\"><span style=\"font-weight: 400;\">Puskuri<\/span><\/li>\n<li style=\"font-weight: 400;\" aria-level=\"1\"><span style=\"font-weight: 400;\">Spiraali<\/span><\/li>\n<li style=\"font-weight: 400;\" aria-level=\"1\"><span style=\"font-weight: 400;\">2x harja <\/span><\/li>\n<\/ul>\n<p><span style=\"font-weight: 400;\">Kaikki sarjan osat on valmistettu korkealaatuisista materiaaleista. Kotelo on valmistettu kest\u00e4v\u00e4st\u00e4 muovista, joka ei p\u00e4\u00e4st\u00e4 p\u00f6ly\u00e4 ja likaa sis\u00e4\u00e4n.<\/span><\/p>\n","protected":false},"featured_media":77643,"template":"","meta":{"_acf_changed":false},"product_brand":[],"product_cat":[335],"product_tag":[],"class_list":{"0":"post-77652","1":"product","2":"type-product","3":"status-publish","4":"has-post-thumbnail","6":"product_cat-aseiden-huolto","8":"first","9":"instock","10":"taxable","11":"shipping-taxable","12":"purchasable","13":"product-type-simple"},"acf":[],"_links":{"self":[{"href":"https:\/\/kingarms.ee\/fi\/wp-json\/wp\/v2\/product\/77652","targetHints":{"allow":["GET"]}}],"collection":[{"href":"https:\/\/kingarms.ee\/fi\/wp-json\/wp\/v2\/product"}],"about":[{"href":"https:\/\/kingarms.ee\/fi\/wp-json\/wp\/v2\/types\/product"}],"wp:featuredmedia":[{"embeddable":true,"href":"https:\/\/kingarms.ee\/fi\/wp-json\/wp\/v2\/media\/77643"}],"wp:attachment":[{"href":"https:\/\/kingarms.ee\/fi\/wp-json\/wp\/v2\/media?parent=77652"}],"wp:term":[{"taxonomy":"product_brand","embeddable":true,"href":"https:\/\/kingarms.ee\/fi\/wp-json\/wp\/v2\/product_brand?post=77652"},{"taxonomy":"product_cat","embeddable":true,"href":"https:\/\/kingarms.ee\/fi\/wp-json\/wp\/v2\/product_cat?post=77652"},{"taxonomy":"product_tag","embeddable":true,"href":"https:\/\/kingarms.ee\/fi\/wp-json\/wp\/v2\/product_tag?post=77652"}],"curies":[{"name":"wp","href":"https:\/\/api.w.org\/{rel}","templated":true}]}}