{"id":77660,"date":"2023-04-23T20:15:24","date_gmt":"2023-04-23T17:16:06","guid":{"rendered":"https:\/\/kingarms.ee\/product\/kal-9-aseen-puhdistussarja-remington\/"},"modified":"2024-08-07T10:00:21","modified_gmt":"2024-08-07T07:00:21","slug":"kal-9-kivaarinpuhdistussarja-remington","status":"publish","type":"product","link":"https:\/\/kingarms.ee\/fi\/product\/kal-9-kivaarinpuhdistussarja-remington\/","title":{"rendered":"Kal. 9 aseen puhdistussarja (Remington)"},"content":{"rendered":"","protected":false},"excerpt":{"rendered":"<p>Kal. 9 aseen puhdistussarja (Remington)<\/p>\n<p><span style=\"font-weight: 400;\">Kaliiperi: 9<\/span><\/p>\n<p><b>SETTI SIS\u00c4LT\u00c4\u00c4:<\/b><\/p>\n<ul>\n<li style=\"font-weight: 400;\" aria-level=\"1\"><span style=\"font-weight: 400;\">Ramrod<\/span><\/li>\n<li style=\"font-weight: 400;\" aria-level=\"1\"><span style=\"font-weight: 400;\">Joustava ramppitanko<\/span><\/li>\n<li style=\"font-weight: 400;\" aria-level=\"1\"><span style=\"font-weight: 400;\">Puff r\u00f6yhel\u00f6<\/span><\/li>\n<li style=\"font-weight: 400;\" aria-level=\"1\"><span style=\"font-weight: 400;\">Spiraaliter\u00e4ksinen r\u00f6yhel\u00f6<\/span><\/li>\n<li style=\"font-weight: 400;\" aria-level=\"1\"><span style=\"font-weight: 400;\">Messinkinen harjakset harjaksilla<\/span><\/li>\n<li style=\"font-weight: 400;\" aria-level=\"1\"><span style=\"font-weight: 400;\">Huopakaistaleet<\/span><\/li>\n<\/ul>\n","protected":false},"featured_media":77657,"template":"","meta":{"_acf_changed":false},"product_brand":[],"product_cat":[335],"product_tag":[],"class_list":{"0":"post-77660","1":"product","2":"type-product","3":"status-publish","4":"has-post-thumbnail","6":"product_cat-aseiden-huolto","8":"first","9":"instock","10":"taxable","11":"shipping-taxable","12":"purchasable","13":"product-type-simple"},"acf":[],"_links":{"self":[{"href":"https:\/\/kingarms.ee\/fi\/wp-json\/wp\/v2\/product\/77660","targetHints":{"allow":["GET"]}}],"collection":[{"href":"https:\/\/kingarms.ee\/fi\/wp-json\/wp\/v2\/product"}],"about":[{"href":"https:\/\/kingarms.ee\/fi\/wp-json\/wp\/v2\/types\/product"}],"wp:featuredmedia":[{"embeddable":true,"href":"https:\/\/kingarms.ee\/fi\/wp-json\/wp\/v2\/media\/77657"}],"wp:attachment":[{"href":"https:\/\/kingarms.ee\/fi\/wp-json\/wp\/v2\/media?parent=77660"}],"wp:term":[{"taxonomy":"product_brand","embeddable":true,"href":"https:\/\/kingarms.ee\/fi\/wp-json\/wp\/v2\/product_brand?post=77660"},{"taxonomy":"product_cat","embeddable":true,"href":"https:\/\/kingarms.ee\/fi\/wp-json\/wp\/v2\/product_cat?post=77660"},{"taxonomy":"product_tag","embeddable":true,"href":"https:\/\/kingarms.ee\/fi\/wp-json\/wp\/v2\/product_tag?post=77660"}],"curies":[{"name":"wp","href":"https:\/\/api.w.org\/{rel}","templated":true}]}}