{"id":77870,"date":"2023-04-26T13:01:33","date_gmt":"2023-04-26T10:02:13","guid":{"rendered":"https:\/\/kingarms.ee\/product\/recon-mk18-mod-1-10-8-metal-br-evolution\/"},"modified":"2024-08-07T09:56:49","modified_gmt":"2024-08-07T06:56:49","slug":"recon-mk18-mod-1-10-8-metal-br-evolution","status":"publish","type":"product","link":"https:\/\/kingarms.ee\/fi\/product\/recon-mk18-mod-1-10-8-metal-br-evolution\/","title":{"rendered":"Recon MK18 Mod 1 10.8 Metal BR (Evolution)"},"content":{"rendered":"","protected":false},"excerpt":{"rendered":"<p><b>AVAINTIEDOT:<\/b><\/p>\n<ul>\n<li style=\"font-weight: 400;\" aria-level=\"1\"><span style=\"font-weight: 400;\">Akkupistoke: Mini Tamiya<\/span><\/li>\n<li style=\"font-weight: 400;\" aria-level=\"1\"><span style=\"font-weight: 400;\">Rungon materiaali: metalli<\/span><\/li>\n<li style=\"font-weight: 400;\" aria-level=\"1\"><span style=\"font-weight: 400;\">Holkit ja laakerit: 8 mm:n kuulalaakerit.<\/span><\/li>\n<li style=\"font-weight: 400;\" aria-level=\"1\"><span style=\"font-weight: 400;\">Hammaspy\u00f6r\u00e4sarja: ter\u00e4s<\/span><\/li>\n<li style=\"font-weight: 400;\" aria-level=\"1\"><span style=\"font-weight: 400;\">Hop-Up-kammio: k\u00e4\u00e4ntyv\u00e4 tyyppi<\/span><\/li>\n<li style=\"font-weight: 400;\" aria-level=\"1\"><span style=\"font-weight: 400;\">Sis\u00e4putki: 6.01<\/span><\/li>\n<li style=\"font-weight: 400;\" aria-level=\"1\"><span style=\"font-weight: 400;\">Salvokapasiteetti: 130BB <\/span><\/li>\n<li style=\"font-weight: 400;\" aria-level=\"1\"><span style=\"font-weight: 400;\">Salv: MidCap<\/span><\/li>\n<li style=\"font-weight: 400;\" aria-level=\"1\"><span style=\"font-weight: 400;\">Kelaj\u00e4rjestelm\u00e4: anodisoitu CNC-ty\u00f6stetty alumiini<\/span><\/li>\n<li style=\"font-weight: 400;\" aria-level=\"1\"><span style=\"font-weight: 400;\">Jousis\u00e4\u00e4din: Nopeasti irrotettavissa ilman vaihteiston irrottamista kotelosta.<\/span><\/li>\n<\/ul>\n<p><b>MITAT:<\/b><\/p>\n<ul>\n<li style=\"font-weight: 400;\" aria-level=\"1\"><span style=\"font-weight: 400;\">Pituus: 695mm &#8211; 780mm<\/span><\/li>\n<li style=\"font-weight: 400;\" aria-level=\"1\"><span style=\"font-weight: 400;\">Paino: 2600g<\/span><\/li>\n<\/ul>\n","protected":false},"featured_media":77867,"template":"","meta":{"_acf_changed":false},"product_brand":[],"product_cat":[250,883,251],"product_tag":[],"class_list":{"0":"post-77870","1":"product","2":"type-product","3":"status-publish","4":"has-post-thumbnail","6":"product_cat-aseet","7":"product_cat-airsoft-aseet","8":"product_cat-sahkoaseet","10":"first","11":"onbackorder","12":"taxable","13":"shipping-taxable","14":"product-type-simple"},"acf":[],"_links":{"self":[{"href":"https:\/\/kingarms.ee\/fi\/wp-json\/wp\/v2\/product\/77870","targetHints":{"allow":["GET"]}}],"collection":[{"href":"https:\/\/kingarms.ee\/fi\/wp-json\/wp\/v2\/product"}],"about":[{"href":"https:\/\/kingarms.ee\/fi\/wp-json\/wp\/v2\/types\/product"}],"wp:featuredmedia":[{"embeddable":true,"href":"https:\/\/kingarms.ee\/fi\/wp-json\/wp\/v2\/media\/77867"}],"wp:attachment":[{"href":"https:\/\/kingarms.ee\/fi\/wp-json\/wp\/v2\/media?parent=77870"}],"wp:term":[{"taxonomy":"product_brand","embeddable":true,"href":"https:\/\/kingarms.ee\/fi\/wp-json\/wp\/v2\/product_brand?post=77870"},{"taxonomy":"product_cat","embeddable":true,"href":"https:\/\/kingarms.ee\/fi\/wp-json\/wp\/v2\/product_cat?post=77870"},{"taxonomy":"product_tag","embeddable":true,"href":"https:\/\/kingarms.ee\/fi\/wp-json\/wp\/v2\/product_tag?post=77870"}],"curies":[{"name":"wp","href":"https:\/\/api.w.org\/{rel}","templated":true}]}}