{"id":77912,"date":"2023-04-26T13:30:42","date_gmt":"2023-04-26T10:31:27","guid":{"rendered":"https:\/\/kingarms.ee\/product\/recon-s-emr-ets-evolution\/"},"modified":"2024-08-07T09:56:07","modified_gmt":"2024-08-07T06:56:07","slug":"recon-s-emr-ets-evolution","status":"publish","type":"product","link":"https:\/\/kingarms.ee\/fi\/product\/recon-s-emr-ets-evolution\/","title":{"rendered":"Recon S EMR ETS (Evolution)"},"content":{"rendered":"","protected":false},"excerpt":{"rendered":"<p><b>AVAINTIEDOT:<\/b><\/p>\n<ul>\n<li aria-level=\"1\">Recon S EMR ETS (Evolution)<\/li>\n<li style=\"font-weight: 400;\" aria-level=\"1\"><span style=\"font-weight: 400;\">Akun pistoke: T-pistoke Deans-tyyppi<\/span><\/li>\n<li style=\"font-weight: 400;\" aria-level=\"1\"><span style=\"font-weight: 400;\">Rungon materiaali: metalli<\/span><\/li>\n<li style=\"font-weight: 400;\" aria-level=\"1\"><span style=\"font-weight: 400;\">Holkit ja laakerit: 8 mm:n kuulalaakerit.<\/span><\/li>\n<li style=\"font-weight: 400;\" aria-level=\"1\"><span style=\"font-weight: 400;\">Hammaspy\u00f6r\u00e4sarja: ter\u00e4s<\/span><\/li>\n<li style=\"font-weight: 400;\" aria-level=\"1\"><span style=\"font-weight: 400;\">Vaihteisto: E.T.S.: Vahvistettu, integroitu pistorasia Mosfetille ja elektroniselle laukaisimelle E.T.S..<\/span><\/li>\n<li style=\"font-weight: 400;\" aria-level=\"1\"><span style=\"font-weight: 400;\">Hop-Up-kammio: k\u00e4\u00e4ntyv\u00e4 tyyppi<\/span><\/li>\n<li style=\"font-weight: 400;\" aria-level=\"1\"><span style=\"font-weight: 400;\">Sis\u00e4putki: 6.01<\/span><\/li>\n<li style=\"font-weight: 400;\" aria-level=\"1\"><span style=\"font-weight: 400;\">Salvokapasiteetti: 130BB <\/span><\/li>\n<li style=\"font-weight: 400;\" aria-level=\"1\"><span style=\"font-weight: 400;\">Salv: MidCap<\/span><\/li>\n<li style=\"font-weight: 400;\" aria-level=\"1\"><span style=\"font-weight: 400;\">Kelaj\u00e4rjestelm\u00e4: anodisoitu CNC-ty\u00f6stetty alumiini<\/span><\/li>\n<li style=\"font-weight: 400;\" aria-level=\"1\"><span style=\"font-weight: 400;\">Jousis\u00e4\u00e4din: Nopeasti irrotettavissa ilman vaihteiston irrottamista kotelosta.<\/span><\/li>\n<\/ul>\n<p><b>MITAT:<\/b><\/p>\n<ul>\n<li style=\"font-weight: 400;\" aria-level=\"1\"><span style=\"font-weight: 400;\">Pituus: 690mm &#8211; 780mm<\/span><\/li>\n<li style=\"font-weight: 400;\" aria-level=\"1\"><span style=\"font-weight: 400;\">Paino: 2300g<\/span><\/li>\n<\/ul>\n","protected":false},"featured_media":77876,"template":"","meta":{"_acf_changed":false},"product_brand":[],"product_cat":[883,250,251],"product_tag":[],"class_list":{"0":"post-77912","1":"product","2":"type-product","3":"status-publish","4":"has-post-thumbnail","6":"product_cat-airsoft-aseet","7":"product_cat-aseet","8":"product_cat-sahkoaseet","10":"first","11":"instock","12":"sale","13":"taxable","14":"shipping-taxable","15":"purchasable","16":"product-type-simple"},"acf":[],"_links":{"self":[{"href":"https:\/\/kingarms.ee\/fi\/wp-json\/wp\/v2\/product\/77912","targetHints":{"allow":["GET"]}}],"collection":[{"href":"https:\/\/kingarms.ee\/fi\/wp-json\/wp\/v2\/product"}],"about":[{"href":"https:\/\/kingarms.ee\/fi\/wp-json\/wp\/v2\/types\/product"}],"wp:featuredmedia":[{"embeddable":true,"href":"https:\/\/kingarms.ee\/fi\/wp-json\/wp\/v2\/media\/77876"}],"wp:attachment":[{"href":"https:\/\/kingarms.ee\/fi\/wp-json\/wp\/v2\/media?parent=77912"}],"wp:term":[{"taxonomy":"product_brand","embeddable":true,"href":"https:\/\/kingarms.ee\/fi\/wp-json\/wp\/v2\/product_brand?post=77912"},{"taxonomy":"product_cat","embeddable":true,"href":"https:\/\/kingarms.ee\/fi\/wp-json\/wp\/v2\/product_cat?post=77912"},{"taxonomy":"product_tag","embeddable":true,"href":"https:\/\/kingarms.ee\/fi\/wp-json\/wp\/v2\/product_tag?post=77912"}],"curies":[{"name":"wp","href":"https:\/\/api.w.org\/{rel}","templated":true}]}}