{"id":78091,"date":"2023-05-03T14:49:31","date_gmt":"2023-05-03T11:49:32","guid":{"rendered":"https:\/\/kingarms.ee\/?post_type=product&#038;p=78091"},"modified":"2024-08-06T18:15:00","modified_gmt":"2024-08-06T15:15:00","slug":"gg-ssg-1-kopeeri","status":"publish","type":"product","link":"https:\/\/kingarms.ee\/fi\/product\/gg-ssg-1-kopeeri\/","title":{"rendered":"G&amp;G SSG-1 (kopeeri)"},"content":{"rendered":"<p><img loading=\"lazy\" decoding=\"async\" class=\"alignnone size-medium wp-image-32057\" src=\"https:\/\/kingarms.ee\/wp-content\/uploads\/2021\/04\/gg-speedsoft-electric-rifle-ssg-1-black-gg-ssg1-300x300.jpg\" alt=\"\" width=\"300\" height=\"300\" srcset=\"https:\/\/kingarms.ee\/wp-content\/uploads\/2021\/04\/gg-speedsoft-electric-rifle-ssg-1-black-gg-ssg1-300x300.jpg 300w, https:\/\/kingarms.ee\/wp-content\/uploads\/2021\/04\/gg-speedsoft-electric-rifle-ssg-1-black-gg-ssg1-150x150.jpg 150w, https:\/\/kingarms.ee\/wp-content\/uploads\/2021\/04\/gg-speedsoft-electric-rifle-ssg-1-black-gg-ssg1-500x500.jpg 500w, https:\/\/kingarms.ee\/wp-content\/uploads\/2021\/04\/gg-speedsoft-electric-rifle-ssg-1-black-gg-ssg1-768x768.jpg 768w, https:\/\/kingarms.ee\/wp-content\/uploads\/2021\/04\/gg-speedsoft-electric-rifle-ssg-1-black-gg-ssg1.jpg 1000w\" sizes=\"auto, (max-width: 300px) 100vw, 300px\" \/><\/p>\n","protected":false},"excerpt":{"rendered":"<p>Speedsoft s\u00e4hk\u00f6kiv\u00e4\u00e4ri<br \/>\npolymeerikotelo<br \/>\nmetallipitoisuus<br \/>\n105 py\u00f6re\u00e4 l\u00e4pikuultava polymeerimonofilamenttilokero<br \/>\n5-asentoinen sis\u00e4\u00e4nvedett\u00e4v\u00e4 s\u00e4\u00e4dett\u00e4v\u00e4 ter\u00e4<br \/>\njatkettu liipaisin ja metallinen liipaisinsuoja<br \/>\ns\u00e4\u00e4dett\u00e4v\u00e4 hyppy yl\u00f6s<br \/>\netu ja mosfetin l\u00e4sn\u00e4olo<br \/>\ntehokas moottori 25000 rpm<br \/>\nKuvaustilat: turvasalpa, yksi laukaus ja liipaisin<br \/>\nakkuputken p\u00e4\u00e4putkessa<br \/>\noranssi salama, joka on valmistettu polymeerist\u00e4, mustasta metallista, tavallisilla 20 mm: n yl\u00e4- ja alaosilla<br \/>\npituus 705 mm &#8211; 800 mm<br \/>\npaino 2200g<br \/>\nmusta v\u00e4ri<\/p>\n","protected":false},"featured_media":32057,"template":"","meta":{"_acf_changed":false},"product_brand":[],"product_cat":[251],"product_tag":[527],"class_list":{"0":"post-78091","1":"product","2":"type-product","3":"status-publish","4":"has-post-thumbnail","6":"product_cat-sahkoaseet","7":"product_tag-4blss3ph-fi","9":"first","10":"instock","11":"taxable","12":"shipping-taxable","13":"purchasable","14":"product-type-simple"},"acf":[],"_links":{"self":[{"href":"https:\/\/kingarms.ee\/fi\/wp-json\/wp\/v2\/product\/78091","targetHints":{"allow":["GET"]}}],"collection":[{"href":"https:\/\/kingarms.ee\/fi\/wp-json\/wp\/v2\/product"}],"about":[{"href":"https:\/\/kingarms.ee\/fi\/wp-json\/wp\/v2\/types\/product"}],"wp:featuredmedia":[{"embeddable":true,"href":"https:\/\/kingarms.ee\/fi\/wp-json\/wp\/v2\/media\/32057"}],"wp:attachment":[{"href":"https:\/\/kingarms.ee\/fi\/wp-json\/wp\/v2\/media?parent=78091"}],"wp:term":[{"taxonomy":"product_brand","embeddable":true,"href":"https:\/\/kingarms.ee\/fi\/wp-json\/wp\/v2\/product_brand?post=78091"},{"taxonomy":"product_cat","embeddable":true,"href":"https:\/\/kingarms.ee\/fi\/wp-json\/wp\/v2\/product_cat?post=78091"},{"taxonomy":"product_tag","embeddable":true,"href":"https:\/\/kingarms.ee\/fi\/wp-json\/wp\/v2\/product_tag?post=78091"}],"curies":[{"name":"wp","href":"https:\/\/api.w.org\/{rel}","templated":true}]}}