{"id":78097,"date":"2023-04-26T10:25:43","date_gmt":"2023-05-04T09:11:56","guid":{"rendered":"https:\/\/kingarms.ee\/product\/ghost-m-emr-a-carbontech-ets-evolution\/"},"modified":"2024-08-07T09:58:15","modified_gmt":"2024-08-07T06:58:15","slug":"ghost-m-emr-a-carbontech-ets-evolution","status":"publish","type":"product","link":"https:\/\/kingarms.ee\/fi\/product\/ghost-m-emr-a-carbontech-ets-evolution\/","title":{"rendered":"GHOST M EMR A CARBONTECH ETS (Evolution)"},"content":{"rendered":"","protected":false},"excerpt":{"rendered":"<p><b>AVAINTIEDOT:<\/b><\/p>\n<ul>\n<li style=\"font-weight: 400;\" aria-level=\"1\"><span style=\"font-weight: 400;\">Akun pistoke: T-pistoke Deans-tyyppi<\/span><\/li>\n<li style=\"font-weight: 400;\" aria-level=\"1\"><span style=\"font-weight: 400;\">Rungon materiaali: teknopolymeeri Carbontech<\/span><\/li>\n<li style=\"font-weight: 400;\" aria-level=\"1\"><span style=\"font-weight: 400;\">Holkit ja laakerit: metalliholkit.<\/span><\/li>\n<li style=\"font-weight: 400;\" aria-level=\"1\"><span style=\"font-weight: 400;\">Hammaspy\u00f6r\u00e4sarja: ter\u00e4s<\/span><\/li>\n<li style=\"font-weight: 400;\" aria-level=\"1\"><span style=\"font-weight: 400;\">Vaihteisto: E.T.S.: Vahvistettu, integroitu pistorasia Mosfetille ja elektroniselle laukaisimelle E.T.S..<\/span><\/li>\n<li style=\"font-weight: 400;\" aria-level=\"1\"><span style=\"font-weight: 400;\">Hop-Up-kammio: k\u00e4\u00e4ntyv\u00e4 tyyppi<\/span><\/li>\n<li style=\"font-weight: 400;\" aria-level=\"1\"><span style=\"font-weight: 400;\">Sis\u00e4putki: 6.01<\/span><\/li>\n<li style=\"font-weight: 400;\" aria-level=\"1\"><span style=\"font-weight: 400;\">Salvokapasiteetti: 130BB <\/span><\/li>\n<li style=\"font-weight: 400;\" aria-level=\"1\"><span style=\"font-weight: 400;\">Salv: MidCap<\/span><\/li>\n<li style=\"font-weight: 400;\" aria-level=\"1\"><span style=\"font-weight: 400;\">Mosfet ja elektroniikka: ohjelmoitava elektroninen laukaisuj\u00e4rjestelm\u00e4 E.T.S. III.<\/span><\/li>\n<li style=\"font-weight: 400;\" aria-level=\"1\"><span style=\"font-weight: 400;\">Kelaj\u00e4rjestelm\u00e4: anodisoitu CNC-ty\u00f6stetty alumiini<\/span><\/li>\n<li style=\"font-weight: 400;\" aria-level=\"1\"><span style=\"font-weight: 400;\">Jousis\u00e4\u00e4din: Nopeasti irrotettavissa ilman vaihteiston irrottamista kotelosta.<\/span><\/li>\n<\/ul>\n<p><b>MITAT:<\/b><\/p>\n<ul>\n<li style=\"font-weight: 400;\" aria-level=\"1\"><span style=\"font-weight: 400;\">Pituus: 690mm &#8211; 770mm<\/span><\/li>\n<li style=\"font-weight: 400;\" aria-level=\"1\"><span style=\"font-weight: 400;\">Paino: 2500g<\/span><\/li>\n<\/ul>\n","protected":false},"featured_media":77752,"template":"","meta":{"_acf_changed":false},"product_brand":[],"product_cat":[250,883,251],"product_tag":[],"class_list":{"0":"post-78097","1":"product","2":"type-product","3":"status-publish","4":"has-post-thumbnail","6":"product_cat-aseet","7":"product_cat-airsoft-aseet","8":"product_cat-sahkoaseet","10":"first","11":"onbackorder","12":"taxable","13":"shipping-taxable","14":"product-type-simple"},"acf":[],"_links":{"self":[{"href":"https:\/\/kingarms.ee\/fi\/wp-json\/wp\/v2\/product\/78097","targetHints":{"allow":["GET"]}}],"collection":[{"href":"https:\/\/kingarms.ee\/fi\/wp-json\/wp\/v2\/product"}],"about":[{"href":"https:\/\/kingarms.ee\/fi\/wp-json\/wp\/v2\/types\/product"}],"wp:featuredmedia":[{"embeddable":true,"href":"https:\/\/kingarms.ee\/fi\/wp-json\/wp\/v2\/media\/77752"}],"wp:attachment":[{"href":"https:\/\/kingarms.ee\/fi\/wp-json\/wp\/v2\/media?parent=78097"}],"wp:term":[{"taxonomy":"product_brand","embeddable":true,"href":"https:\/\/kingarms.ee\/fi\/wp-json\/wp\/v2\/product_brand?post=78097"},{"taxonomy":"product_cat","embeddable":true,"href":"https:\/\/kingarms.ee\/fi\/wp-json\/wp\/v2\/product_cat?post=78097"},{"taxonomy":"product_tag","embeddable":true,"href":"https:\/\/kingarms.ee\/fi\/wp-json\/wp\/v2\/product_tag?post=78097"}],"curies":[{"name":"wp","href":"https:\/\/api.w.org\/{rel}","templated":true}]}}