{"id":78324,"date":"2023-05-17T15:19:34","date_gmt":"2023-05-17T12:21:26","guid":{"rendered":"https:\/\/kingarms.ee\/product\/mini-kokoontaitettava-lapio-mfh\/"},"modified":"2024-08-06T18:07:53","modified_gmt":"2024-08-06T15:07:53","slug":"mini-cockpit-labidas-mfh","status":"publish","type":"product","link":"https:\/\/kingarms.ee\/fi\/product\/mini-cockpit-labidas-mfh\/","title":{"rendered":"Mini kokoontaitettava lapio &#8211; MFH"},"content":{"rendered":"<p><img loading=\"lazy\" decoding=\"async\" class=\"alignnone size-full wp-image-78315\" src=\"https:\/\/kingarms.ee\/wp-content\/uploads\/2023\/05\/27034.jpg\" alt=\"\" width=\"1200\" height=\"1200\" srcset=\"https:\/\/kingarms.ee\/wp-content\/uploads\/2023\/05\/27034.jpg 1200w, https:\/\/kingarms.ee\/wp-content\/uploads\/2023\/05\/27034-300x300.jpg 300w, https:\/\/kingarms.ee\/wp-content\/uploads\/2023\/05\/27034-1024x1024.jpg 1024w, https:\/\/kingarms.ee\/wp-content\/uploads\/2023\/05\/27034-150x150.jpg 150w, https:\/\/kingarms.ee\/wp-content\/uploads\/2023\/05\/27034-768x768.jpg 768w, https:\/\/kingarms.ee\/wp-content\/uploads\/2023\/05\/27034-500x500.jpg 500w\" sizes=\"auto, (max-width: 1200px) 100vw, 1200px\" \/><\/p>\n","protected":false},"excerpt":{"rendered":"<p>Mini kokoontaitettava lapio &#8211; MFH<\/p>\n<p>eritt\u00e4in kompakti kokoontaitettava lapio<br \/>\nkahva ja ter\u00e4 valmistettu tukevasta ter\u00e4ksest\u00e4<br \/>\nvoidaan k\u00e4ytt\u00e4\u00e4 my\u00f6s mopona<br \/>\nter\u00e4, jossa on sahalaitainen reuna toisella puolella ja astinlauta<br \/>\ntaittuva ruuvilukolla<br \/>\nKantolaukku, jossa on vy\u00f6tasku<br \/>\nTer\u00e4n koko: n. 15,5 x 11 cm<br \/>\nKokonaispituus: n. 47 cm<br \/>\nPakkauksen koko: n. 20 x 13 x 5 cm<br \/>\nPaino kotelon kanssa: n. 680 g<\/p>\n","protected":false},"featured_media":78317,"template":"","meta":{"_acf_changed":false},"product_brand":[],"product_cat":[661,352],"product_tag":[],"class_list":{"0":"post-78324","1":"product","2":"type-product","3":"status-publish","4":"has-post-thumbnail","6":"product_cat-matkanoad-fi","7":"product_cat-matkatavarat","9":"first","10":"instock","11":"taxable","12":"shipping-taxable","13":"purchasable","14":"product-type-simple"},"acf":[],"_links":{"self":[{"href":"https:\/\/kingarms.ee\/fi\/wp-json\/wp\/v2\/product\/78324","targetHints":{"allow":["GET"]}}],"collection":[{"href":"https:\/\/kingarms.ee\/fi\/wp-json\/wp\/v2\/product"}],"about":[{"href":"https:\/\/kingarms.ee\/fi\/wp-json\/wp\/v2\/types\/product"}],"wp:featuredmedia":[{"embeddable":true,"href":"https:\/\/kingarms.ee\/fi\/wp-json\/wp\/v2\/media\/78317"}],"wp:attachment":[{"href":"https:\/\/kingarms.ee\/fi\/wp-json\/wp\/v2\/media?parent=78324"}],"wp:term":[{"taxonomy":"product_brand","embeddable":true,"href":"https:\/\/kingarms.ee\/fi\/wp-json\/wp\/v2\/product_brand?post=78324"},{"taxonomy":"product_cat","embeddable":true,"href":"https:\/\/kingarms.ee\/fi\/wp-json\/wp\/v2\/product_cat?post=78324"},{"taxonomy":"product_tag","embeddable":true,"href":"https:\/\/kingarms.ee\/fi\/wp-json\/wp\/v2\/product_tag?post=78324"}],"curies":[{"name":"wp","href":"https:\/\/api.w.org\/{rel}","templated":true}]}}