{"id":78368,"date":"2023-05-17T15:39:36","date_gmt":"2023-05-17T12:40:37","guid":{"rendered":"https:\/\/kingarms.ee\/product\/monikayttoinen-setti-6-yhdessa\/"},"modified":"2024-08-06T18:06:29","modified_gmt":"2024-08-06T15:06:29","slug":"monitoimisarja-6-ohes","status":"publish","type":"product","link":"https:\/\/kingarms.ee\/fi\/product\/monitoimisarja-6-ohes\/","title":{"rendered":"Monik\u00e4ytt\u00f6inen setti, 6 yhdess\u00e4"},"content":{"rendered":"<p><img loading=\"lazy\" decoding=\"async\" class=\"alignnone size-full wp-image-78347\" src=\"https:\/\/kingarms.ee\/wp-content\/uploads\/2023\/05\/27037.jpg\" alt=\"\" width=\"1200\" height=\"1200\" srcset=\"https:\/\/kingarms.ee\/wp-content\/uploads\/2023\/05\/27037.jpg 1200w, https:\/\/kingarms.ee\/wp-content\/uploads\/2023\/05\/27037-300x300.jpg 300w, https:\/\/kingarms.ee\/wp-content\/uploads\/2023\/05\/27037-1024x1024.jpg 1024w, https:\/\/kingarms.ee\/wp-content\/uploads\/2023\/05\/27037-150x150.jpg 150w, https:\/\/kingarms.ee\/wp-content\/uploads\/2023\/05\/27037-768x768.jpg 768w, https:\/\/kingarms.ee\/wp-content\/uploads\/2023\/05\/27037-500x500.jpg 500w\" sizes=\"auto, (max-width: 1200px) 100vw, 1200px\" \/><\/p>\n","protected":false},"excerpt":{"rendered":"<p>Monik\u00e4ytt\u00f6inen setti, 6 yhdess\u00e4<\/p>\n<p>6 ty\u00f6kalua, joita voit k\u00e4ytt\u00e4\u00e4 nopeasti ja helposti<br \/>\nasennettu yhteen kardaaniniveleen:<br \/>\nkirves, lapio, saha, veitsi pullolla ja s\u00e4il\u00f6nt\u00e4savella.<br \/>\nkuljetuslaukku vy\u00f6taskulla<br \/>\nTer\u00e4n koko: n. 17 x 12 cm<br \/>\nKokonaispituus: n. 36-53 cm<br \/>\nPakkauksen koko: n. 34 x 12 x 5 cm<br \/>\nPaino pussin kanssa: n. 940 g<\/p>\n","protected":false},"featured_media":87417,"template":"","meta":{"_acf_changed":false},"product_brand":[],"product_cat":[661,352],"product_tag":[],"class_list":{"0":"post-78368","1":"product","2":"type-product","3":"status-publish","4":"has-post-thumbnail","6":"product_cat-matkanoad-fi","7":"product_cat-matkatavarat","9":"first","10":"instock","11":"taxable","12":"shipping-taxable","13":"purchasable","14":"product-type-simple"},"acf":[],"_links":{"self":[{"href":"https:\/\/kingarms.ee\/fi\/wp-json\/wp\/v2\/product\/78368","targetHints":{"allow":["GET"]}}],"collection":[{"href":"https:\/\/kingarms.ee\/fi\/wp-json\/wp\/v2\/product"}],"about":[{"href":"https:\/\/kingarms.ee\/fi\/wp-json\/wp\/v2\/types\/product"}],"wp:featuredmedia":[{"embeddable":true,"href":"https:\/\/kingarms.ee\/fi\/wp-json\/wp\/v2\/media\/87417"}],"wp:attachment":[{"href":"https:\/\/kingarms.ee\/fi\/wp-json\/wp\/v2\/media?parent=78368"}],"wp:term":[{"taxonomy":"product_brand","embeddable":true,"href":"https:\/\/kingarms.ee\/fi\/wp-json\/wp\/v2\/product_brand?post=78368"},{"taxonomy":"product_cat","embeddable":true,"href":"https:\/\/kingarms.ee\/fi\/wp-json\/wp\/v2\/product_cat?post=78368"},{"taxonomy":"product_tag","embeddable":true,"href":"https:\/\/kingarms.ee\/fi\/wp-json\/wp\/v2\/product_tag?post=78368"}],"curies":[{"name":"wp","href":"https:\/\/api.w.org\/{rel}","templated":true}]}}