{"id":78381,"date":"2023-05-17T15:43:18","date_gmt":"2023-05-17T12:44:15","guid":{"rendered":"https:\/\/kingarms.ee\/product\/kokoontaitettava-saha-od-vihrea-musta\/"},"modified":"2024-08-06T18:05:45","modified_gmt":"2024-08-06T15:05:45","slug":"kokoontaitettava-saha-od-vihrea-musta","status":"publish","type":"product","link":"https:\/\/kingarms.ee\/fi\/product\/kokoontaitettava-saha-od-vihrea-musta\/","title":{"rendered":"Kokoontaitettava saha, OD vihre\u00e4-musta"},"content":{"rendered":"<p><img loading=\"lazy\" decoding=\"async\" class=\"alignnone size-full wp-image-78371\" src=\"https:\/\/kingarms.ee\/wp-content\/uploads\/2023\/05\/27080.jpg\" alt=\"\" width=\"1200\" height=\"1200\" srcset=\"https:\/\/kingarms.ee\/wp-content\/uploads\/2023\/05\/27080.jpg 1200w, https:\/\/kingarms.ee\/wp-content\/uploads\/2023\/05\/27080-300x300.jpg 300w, https:\/\/kingarms.ee\/wp-content\/uploads\/2023\/05\/27080-1024x1024.jpg 1024w, https:\/\/kingarms.ee\/wp-content\/uploads\/2023\/05\/27080-150x150.jpg 150w, https:\/\/kingarms.ee\/wp-content\/uploads\/2023\/05\/27080-768x768.jpg 768w, https:\/\/kingarms.ee\/wp-content\/uploads\/2023\/05\/27080-500x500.jpg 500w\" sizes=\"auto, (max-width: 1200px) 100vw, 1200px\" \/><\/p>\n","protected":false},"excerpt":{"rendered":"<p>Kokoontaitettava saha, OD vihre\u00e4-musta<\/p>\n<p>karkaistu ty\u00f6kaluter\u00e4ksest\u00e4 valmistettu kaareva sahanter\u00e4<br \/>\nliukumaton, kumip\u00e4\u00e4llysteinen muovikahva<br \/>\nsahanter\u00e4n lukituspainike<br \/>\nsilmukka kahvan p\u00e4\u00e4ss\u00e4<br \/>\nKokonaispituus: n. 37 cm<br \/>\nSaeleht: n. 17 cm<br \/>\nPaino: n. 190 g<\/p>\n","protected":false},"featured_media":78373,"template":"","meta":{"_acf_changed":false},"product_brand":[],"product_cat":[663],"product_tag":[],"class_list":{"0":"post-78381","1":"product","2":"type-product","3":"status-publish","4":"has-post-thumbnail","6":"product_cat-saed-fi","8":"first","9":"instock","10":"taxable","11":"shipping-taxable","12":"purchasable","13":"product-type-simple"},"acf":[],"_links":{"self":[{"href":"https:\/\/kingarms.ee\/fi\/wp-json\/wp\/v2\/product\/78381","targetHints":{"allow":["GET"]}}],"collection":[{"href":"https:\/\/kingarms.ee\/fi\/wp-json\/wp\/v2\/product"}],"about":[{"href":"https:\/\/kingarms.ee\/fi\/wp-json\/wp\/v2\/types\/product"}],"wp:featuredmedia":[{"embeddable":true,"href":"https:\/\/kingarms.ee\/fi\/wp-json\/wp\/v2\/media\/78373"}],"wp:attachment":[{"href":"https:\/\/kingarms.ee\/fi\/wp-json\/wp\/v2\/media?parent=78381"}],"wp:term":[{"taxonomy":"product_brand","embeddable":true,"href":"https:\/\/kingarms.ee\/fi\/wp-json\/wp\/v2\/product_brand?post=78381"},{"taxonomy":"product_cat","embeddable":true,"href":"https:\/\/kingarms.ee\/fi\/wp-json\/wp\/v2\/product_cat?post=78381"},{"taxonomy":"product_tag","embeddable":true,"href":"https:\/\/kingarms.ee\/fi\/wp-json\/wp\/v2\/product_tag?post=78381"}],"curies":[{"name":"wp","href":"https:\/\/api.w.org\/{rel}","templated":true}]}}