{"id":78401,"date":"2023-05-17T15:46:51","date_gmt":"2023-05-17T12:47:38","guid":{"rendered":"https:\/\/kingarms.ee\/product\/kasisaha-2-teraa-tuppi-jossa-vyokiinnitin\/"},"modified":"2024-08-06T18:05:05","modified_gmt":"2024-08-06T15:05:05","slug":"kateiskassi-2-saetera-humbris-kirjapuristin","status":"publish","type":"product","link":"https:\/\/kingarms.ee\/fi\/product\/kateiskassi-2-saetera-humbris-kirjapuristin\/","title":{"rendered":"K\u00e4sisaha, 2 ter\u00e4\u00e4, tuppi, jossa vy\u00f6kiinnitin"},"content":{"rendered":"<p><img loading=\"lazy\" decoding=\"async\" class=\"alignnone size-full wp-image-78383\" src=\"https:\/\/kingarms.ee\/wp-content\/uploads\/2023\/05\/27081.jpg\" alt=\"\" width=\"1200\" height=\"1200\" srcset=\"https:\/\/kingarms.ee\/wp-content\/uploads\/2023\/05\/27081.jpg 1200w, https:\/\/kingarms.ee\/wp-content\/uploads\/2023\/05\/27081-300x300.jpg 300w, https:\/\/kingarms.ee\/wp-content\/uploads\/2023\/05\/27081-1024x1024.jpg 1024w, https:\/\/kingarms.ee\/wp-content\/uploads\/2023\/05\/27081-150x150.jpg 150w, https:\/\/kingarms.ee\/wp-content\/uploads\/2023\/05\/27081-768x768.jpg 768w, https:\/\/kingarms.ee\/wp-content\/uploads\/2023\/05\/27081-500x500.jpg 500w\" sizes=\"auto, (max-width: 1200px) 100vw, 1200px\" \/><\/p>\n","protected":false},"excerpt":{"rendered":"<p>K\u00e4sisaha, 2 ter\u00e4\u00e4, tuppi, jossa vy\u00f6kiinnitin<\/p>\n<p>ergonomisesti muotoiltu muovikahva, jossa on silmukka<br \/>\n1 karkeahampainen sahanter\u00e4 noin. 20 cm<br \/>\n1 hienohampainen sahanter\u00e4 n. 16 cm<br \/>\nteroitetut ja karkaistut hampaat<br \/>\nvaihdettavissa vain 2 ruuvilla<br \/>\njakoavain, toinen sahanter\u00e4, turvahihna ja hihna.<br \/>\ns\u00e4\u00e4dett\u00e4v\u00e4 vy\u00f6t\u00e4r\u00f6kiinnike sis\u00e4ltyy koteloon<br \/>\nKokonaispituus: n. 30-35 cm<br \/>\nPaino kirjekuoren kanssa: n. 290 g<\/p>\n","protected":false},"featured_media":78385,"template":"","meta":{"_acf_changed":false},"product_brand":[],"product_cat":[663],"product_tag":[],"class_list":{"0":"post-78401","1":"product","2":"type-product","3":"status-publish","4":"has-post-thumbnail","6":"product_cat-saed-fi","8":"first","9":"instock","10":"taxable","11":"shipping-taxable","12":"purchasable","13":"product-type-simple"},"acf":[],"_links":{"self":[{"href":"https:\/\/kingarms.ee\/fi\/wp-json\/wp\/v2\/product\/78401","targetHints":{"allow":["GET"]}}],"collection":[{"href":"https:\/\/kingarms.ee\/fi\/wp-json\/wp\/v2\/product"}],"about":[{"href":"https:\/\/kingarms.ee\/fi\/wp-json\/wp\/v2\/types\/product"}],"wp:featuredmedia":[{"embeddable":true,"href":"https:\/\/kingarms.ee\/fi\/wp-json\/wp\/v2\/media\/78385"}],"wp:attachment":[{"href":"https:\/\/kingarms.ee\/fi\/wp-json\/wp\/v2\/media?parent=78401"}],"wp:term":[{"taxonomy":"product_brand","embeddable":true,"href":"https:\/\/kingarms.ee\/fi\/wp-json\/wp\/v2\/product_brand?post=78401"},{"taxonomy":"product_cat","embeddable":true,"href":"https:\/\/kingarms.ee\/fi\/wp-json\/wp\/v2\/product_cat?post=78401"},{"taxonomy":"product_tag","embeddable":true,"href":"https:\/\/kingarms.ee\/fi\/wp-json\/wp\/v2\/product_tag?post=78401"}],"curies":[{"name":"wp","href":"https:\/\/api.w.org\/{rel}","templated":true}]}}