{"id":78413,"date":"2023-05-17T15:49:34","date_gmt":"2023-05-17T12:49:34","guid":{"rendered":"https:\/\/kingarms.ee\/product\/kokoontaitettava-saha-deluxe-musta\/"},"modified":"2024-08-06T18:04:20","modified_gmt":"2024-08-06T15:04:20","slug":"taittosaha-deluxe-musta","status":"publish","type":"product","link":"https:\/\/kingarms.ee\/fi\/product\/taittosaha-deluxe-musta\/","title":{"rendered":"Kokoontaitettava saha, &#8220;Deluxe&#8221;, musta"},"content":{"rendered":"<p><img loading=\"lazy\" decoding=\"async\" class=\"alignnone size-full wp-image-78403\" src=\"https:\/\/kingarms.ee\/wp-content\/uploads\/2023\/05\/27082.jpg\" alt=\"\" width=\"1200\" height=\"1200\" srcset=\"https:\/\/kingarms.ee\/wp-content\/uploads\/2023\/05\/27082.jpg 1200w, https:\/\/kingarms.ee\/wp-content\/uploads\/2023\/05\/27082-300x300.jpg 300w, https:\/\/kingarms.ee\/wp-content\/uploads\/2023\/05\/27082-1024x1024.jpg 1024w, https:\/\/kingarms.ee\/wp-content\/uploads\/2023\/05\/27082-150x150.jpg 150w, https:\/\/kingarms.ee\/wp-content\/uploads\/2023\/05\/27082-768x768.jpg 768w, https:\/\/kingarms.ee\/wp-content\/uploads\/2023\/05\/27082-500x500.jpg 500w\" sizes=\"auto, (max-width: 1200px) 100vw, 1200px\" \/><\/p>\n","protected":false},"excerpt":{"rendered":"<p>Kokoontaitettava saha, &#8220;Deluxe&#8221;, musta<\/p>\n<p>ruostumattomasta ter\u00e4ksest\u00e4 valmistettu ter\u00e4<br \/>\nliukumaton, kumip\u00e4\u00e4llysteinen metallikahva<br \/>\nsahanter\u00e4n lukituspainike<br \/>\nnylonlaukku vy\u00f6laukulla<br \/>\nKokonaispituus: n. 41 cm<br \/>\nSaeleht: n. 19 cm<br \/>\nPaino pussin kanssa: n. 390 g<\/p>\n","protected":false},"featured_media":78405,"template":"","meta":{"_acf_changed":false},"product_brand":[],"product_cat":[663],"product_tag":[],"class_list":{"0":"post-78413","1":"product","2":"type-product","3":"status-publish","4":"has-post-thumbnail","6":"product_cat-saed-fi","8":"first","9":"outofstock","10":"taxable","11":"shipping-taxable","12":"purchasable","13":"product-type-simple"},"acf":[],"_links":{"self":[{"href":"https:\/\/kingarms.ee\/fi\/wp-json\/wp\/v2\/product\/78413","targetHints":{"allow":["GET"]}}],"collection":[{"href":"https:\/\/kingarms.ee\/fi\/wp-json\/wp\/v2\/product"}],"about":[{"href":"https:\/\/kingarms.ee\/fi\/wp-json\/wp\/v2\/types\/product"}],"wp:featuredmedia":[{"embeddable":true,"href":"https:\/\/kingarms.ee\/fi\/wp-json\/wp\/v2\/media\/78405"}],"wp:attachment":[{"href":"https:\/\/kingarms.ee\/fi\/wp-json\/wp\/v2\/media?parent=78413"}],"wp:term":[{"taxonomy":"product_brand","embeddable":true,"href":"https:\/\/kingarms.ee\/fi\/wp-json\/wp\/v2\/product_brand?post=78413"},{"taxonomy":"product_cat","embeddable":true,"href":"https:\/\/kingarms.ee\/fi\/wp-json\/wp\/v2\/product_cat?post=78413"},{"taxonomy":"product_tag","embeddable":true,"href":"https:\/\/kingarms.ee\/fi\/wp-json\/wp\/v2\/product_tag?post=78413"}],"curies":[{"name":"wp","href":"https:\/\/api.w.org\/{rel}","templated":true}]}}