{"id":78425,"date":"2023-05-17T15:58:49","date_gmt":"2023-05-17T12:59:26","guid":{"rendered":"https:\/\/kingarms.ee\/product\/kompassilla-varustettu-sytytin\/"},"modified":"2024-08-06T18:03:37","modified_gmt":"2024-08-06T15:03:37","slug":"tulipuikko-kompassilla","status":"publish","type":"product","link":"https:\/\/kingarms.ee\/fi\/product\/tulipuikko-kompassilla\/","title":{"rendered":"Kompassilla varustettu sytytin"},"content":{"rendered":"<p><img loading=\"lazy\" decoding=\"async\" class=\"alignnone size-full wp-image-78415\" src=\"https:\/\/kingarms.ee\/wp-content\/uploads\/2023\/05\/27107.jpg\" alt=\"\" width=\"1200\" height=\"1200\" srcset=\"https:\/\/kingarms.ee\/wp-content\/uploads\/2023\/05\/27107.jpg 1200w, https:\/\/kingarms.ee\/wp-content\/uploads\/2023\/05\/27107-300x300.jpg 300w, https:\/\/kingarms.ee\/wp-content\/uploads\/2023\/05\/27107-1024x1024.jpg 1024w, https:\/\/kingarms.ee\/wp-content\/uploads\/2023\/05\/27107-150x150.jpg 150w, https:\/\/kingarms.ee\/wp-content\/uploads\/2023\/05\/27107-768x768.jpg 768w, https:\/\/kingarms.ee\/wp-content\/uploads\/2023\/05\/27107-500x500.jpg 500w\" sizes=\"auto, (max-width: 1200px) 100vw, 1200px\" \/><\/p>\n","protected":false},"excerpt":{"rendered":"<p>Kompassilla varustettu sytytin<\/p>\n<p>paloter\u00e4skaavin<br \/>\n2-osainen<br \/>\nkompassi kahvassa<br \/>\nTangon pituus: n. 7 cm<br \/>\nHalkaisija: n. 8 mm<br \/>\nKokonaispituus: n. 11 cm<\/p>\n<p>Tulenkest\u00e4v\u00e4n ter\u00e4ksen koostumus:<br \/>\nLantaani, cerium, kupari, rauta, sinkki ja magnesium<\/p>\n","protected":false},"featured_media":84207,"template":"","meta":{"_acf_changed":false},"product_brand":[],"product_cat":[352],"product_tag":[],"class_list":{"0":"post-78425","1":"product","2":"type-product","3":"status-publish","4":"has-post-thumbnail","6":"product_cat-matkatavarat","8":"first","9":"onbackorder","10":"taxable","11":"shipping-taxable","12":"product-type-simple"},"acf":[],"_links":{"self":[{"href":"https:\/\/kingarms.ee\/fi\/wp-json\/wp\/v2\/product\/78425","targetHints":{"allow":["GET"]}}],"collection":[{"href":"https:\/\/kingarms.ee\/fi\/wp-json\/wp\/v2\/product"}],"about":[{"href":"https:\/\/kingarms.ee\/fi\/wp-json\/wp\/v2\/types\/product"}],"wp:featuredmedia":[{"embeddable":true,"href":"https:\/\/kingarms.ee\/fi\/wp-json\/wp\/v2\/media\/84207"}],"wp:attachment":[{"href":"https:\/\/kingarms.ee\/fi\/wp-json\/wp\/v2\/media?parent=78425"}],"wp:term":[{"taxonomy":"product_brand","embeddable":true,"href":"https:\/\/kingarms.ee\/fi\/wp-json\/wp\/v2\/product_brand?post=78425"},{"taxonomy":"product_cat","embeddable":true,"href":"https:\/\/kingarms.ee\/fi\/wp-json\/wp\/v2\/product_cat?post=78425"},{"taxonomy":"product_tag","embeddable":true,"href":"https:\/\/kingarms.ee\/fi\/wp-json\/wp\/v2\/product_tag?post=78425"}],"curies":[{"name":"wp","href":"https:\/\/api.w.org\/{rel}","templated":true}]}}