{"id":78500,"date":"2023-05-18T16:33:09","date_gmt":"2023-05-18T13:33:49","guid":{"rendered":"https:\/\/kingarms.ee\/product\/ensiapuvalikoima-taytteita-27-osaa\/"},"modified":"2024-08-06T17:59:17","modified_gmt":"2024-08-06T14:59:17","slug":"ensiapu-apuvaline-lajitelma-27-osainen","status":"publish","type":"product","link":"https:\/\/kingarms.ee\/fi\/product\/ensiapu-apuvaline-lajitelma-27-osainen\/","title":{"rendered":"Ensiapuvalikoima t\u00e4ytteit\u00e4 &#8211; 27 osaa"},"content":{"rendered":"<p><img loading=\"lazy\" decoding=\"async\" class=\"alignnone size-full wp-image-78495\" src=\"https:\/\/kingarms.ee\/wp-content\/uploads\/2023\/05\/27321.jpg\" alt=\"\" width=\"1200\" height=\"1200\" srcset=\"https:\/\/kingarms.ee\/wp-content\/uploads\/2023\/05\/27321.jpg 1200w, https:\/\/kingarms.ee\/wp-content\/uploads\/2023\/05\/27321-300x300.jpg 300w, https:\/\/kingarms.ee\/wp-content\/uploads\/2023\/05\/27321-1024x1024.jpg 1024w, https:\/\/kingarms.ee\/wp-content\/uploads\/2023\/05\/27321-150x150.jpg 150w, https:\/\/kingarms.ee\/wp-content\/uploads\/2023\/05\/27321-768x768.jpg 768w, https:\/\/kingarms.ee\/wp-content\/uploads\/2023\/05\/27321-500x500.jpg 500w\" sizes=\"auto, (max-width: 1200px) 100vw, 1200px\" \/><\/p>\n","protected":false},"excerpt":{"rendered":"<p>Ensiapuvalikoima t\u00e4ytteit\u00e4 &#8211; 27 osaa<\/p>\n<p>soveltuu moottoripy\u00f6riin DIN 13167 mukaan.<br \/>\njoka koostuu seuraavista osista:<br \/>\n1 rulla liimapilli\u00e4 5 m x 2,5 cm DIN13019-A<br \/>\n4 haavalaastaria, joustava, 10 x 6 cm DIN 13019-E<br \/>\n10 sormilaastaria, erikokoisia<br \/>\n1 ensiapupakkaus 8 x 10 cm DIN 13151-M<br \/>\n1 ensiapupakkaus 10 x 12 cm DIN 13151-G<br \/>\n1 puoli, steriili, 60 x 80 cm DIN 13152-A<br \/>\n2 ihonpuhdistusliinaa<br \/>\n4 kertak\u00e4ytt\u00f6k\u00e4sineet, suuret, DIN EN 455<br \/>\n1 h\u00e4t\u00e4peitto, hopea\/kulta, 210 x 160 cm.<br \/>\n1 ensiapusakset, DIN 58279<br \/>\n1 esite, ensiapuoppaat<br \/>\nEN, DE, GB, FR, IT, ES, PT: EN, DE, GB, FR, IT, ES, PT, FR, DE, GB, ES, PT<\/p>\n","protected":false},"featured_media":87425,"template":"","meta":{"_acf_changed":false},"product_brand":[],"product_cat":[481],"product_tag":[],"class_list":{"0":"post-78500","1":"product","2":"type-product","3":"status-publish","4":"has-post-thumbnail","6":"product_cat-ensiapu","8":"first","9":"instock","10":"taxable","11":"shipping-taxable","12":"purchasable","13":"product-type-simple"},"acf":[],"_links":{"self":[{"href":"https:\/\/kingarms.ee\/fi\/wp-json\/wp\/v2\/product\/78500","targetHints":{"allow":["GET"]}}],"collection":[{"href":"https:\/\/kingarms.ee\/fi\/wp-json\/wp\/v2\/product"}],"about":[{"href":"https:\/\/kingarms.ee\/fi\/wp-json\/wp\/v2\/types\/product"}],"wp:featuredmedia":[{"embeddable":true,"href":"https:\/\/kingarms.ee\/fi\/wp-json\/wp\/v2\/media\/87425"}],"wp:attachment":[{"href":"https:\/\/kingarms.ee\/fi\/wp-json\/wp\/v2\/media?parent=78500"}],"wp:term":[{"taxonomy":"product_brand","embeddable":true,"href":"https:\/\/kingarms.ee\/fi\/wp-json\/wp\/v2\/product_brand?post=78500"},{"taxonomy":"product_cat","embeddable":true,"href":"https:\/\/kingarms.ee\/fi\/wp-json\/wp\/v2\/product_cat?post=78500"},{"taxonomy":"product_tag","embeddable":true,"href":"https:\/\/kingarms.ee\/fi\/wp-json\/wp\/v2\/product_tag?post=78500"}],"curies":[{"name":"wp","href":"https:\/\/api.w.org\/{rel}","templated":true}]}}