{"id":78737,"date":"2023-05-23T17:59:56","date_gmt":"2023-05-23T14:59:56","guid":{"rendered":"https:\/\/kingarms.ee\/product\/ilmakivaari-777sb-remington\/"},"modified":"2024-08-06T17:54:18","modified_gmt":"2024-08-06T14:54:18","slug":"ohupuss-777sb-remington","status":"publish","type":"product","link":"https:\/\/kingarms.ee\/fi\/product\/ohupuss-777sb-remington\/","title":{"rendered":"Ilmakiv\u00e4\u00e4ri 777SB (Remington)"},"content":{"rendered":"","protected":false},"excerpt":{"rendered":"<p>Ilmakiv\u00e4\u00e4ri 777SB (Remington)<\/p>\n<p><span style=\"font-family: Arial;\">Crosman Remington 777SB -kiv\u00e4\u00e4riss\u00e4 on Nitro Mag -m\u00e4nt\u00e4, CenterPoint 4\u00d732 -teleskooppit\u00e4ht\u00e4in ja puinen varsi, joka sopii sek\u00e4 oikea- ett\u00e4 vasenk\u00e4tisille ampujille.<\/span><span style=\"font-family: Arial;\"><br \/>\n<\/span><span style=\"font-family: Arial;\">Kaliiperi: 4,5 mm (.177).<br \/>\n<\/span><span style=\"font-family: Arial;\">L\u00e4ht\u00f6nopeus: 305 m\/s.<br \/>\n<\/span><span style=\"font-family: Arial;\">Kolb Nitro Mag.<br \/>\n<\/span><span style=\"font-family: Arial;\">K\u00e4\u00e4ritty ter\u00e4stynnyri murskaava.<br \/>\n<\/span><span style=\"font-family: Arial;\">Puinen s\u00e4nky.<br \/>\n<\/span><span style=\"font-family: Arial;\">S\u00e4\u00e4dett\u00e4v\u00e4 laukaisin (kaksi tasoa).<br \/>\n<\/span><span style=\"font-family: Arial;\">11 mm:n kyyhkysenh\u00e4nt\u00e4kaistale.<br \/>\n<\/span><span style=\"font-family: Arial;\">Ilman n\u00e4k\u00f6\u00e4.<br \/>\n<\/span><span style=\"font-family: Arial;\">Suihkunopeus riippuu luodin tyypist\u00e4 ja painosta.<br \/>\n<\/span><span style=\"font-family: Arial;\">Kokonaispituus: 1130 mm<br \/>\n<\/span><span style=\"font-family: Arial;\">Paino: 2,6 kg.<\/span><\/p>\n<p>HUOM! Puristin ei sis\u00e4lly toimitukseen<\/p>\n<p>&nbsp;<\/p>\n","protected":false},"featured_media":78734,"template":"","meta":{"_acf_changed":false},"product_brand":[],"product_cat":[253,828],"product_tag":[],"class_list":{"0":"post-78737","1":"product","2":"type-product","3":"status-publish","4":"has-post-thumbnail","6":"product_cat-ilmakivaarit-4-5mm","7":"product_cat-tarkka-ampuja-aseet-45mm","9":"first","10":"instock","11":"taxable","12":"shipping-taxable","13":"purchasable","14":"product-type-simple"},"acf":[],"_links":{"self":[{"href":"https:\/\/kingarms.ee\/fi\/wp-json\/wp\/v2\/product\/78737","targetHints":{"allow":["GET"]}}],"collection":[{"href":"https:\/\/kingarms.ee\/fi\/wp-json\/wp\/v2\/product"}],"about":[{"href":"https:\/\/kingarms.ee\/fi\/wp-json\/wp\/v2\/types\/product"}],"wp:featuredmedia":[{"embeddable":true,"href":"https:\/\/kingarms.ee\/fi\/wp-json\/wp\/v2\/media\/78734"}],"wp:attachment":[{"href":"https:\/\/kingarms.ee\/fi\/wp-json\/wp\/v2\/media?parent=78737"}],"wp:term":[{"taxonomy":"product_brand","embeddable":true,"href":"https:\/\/kingarms.ee\/fi\/wp-json\/wp\/v2\/product_brand?post=78737"},{"taxonomy":"product_cat","embeddable":true,"href":"https:\/\/kingarms.ee\/fi\/wp-json\/wp\/v2\/product_cat?post=78737"},{"taxonomy":"product_tag","embeddable":true,"href":"https:\/\/kingarms.ee\/fi\/wp-json\/wp\/v2\/product_tag?post=78737"}],"curies":[{"name":"wp","href":"https:\/\/api.w.org\/{rel}","templated":true}]}}