{"id":78815,"date":"2023-05-24T12:57:16","date_gmt":"2023-05-24T09:58:36","guid":{"rendered":"https:\/\/kingarms.ee\/product\/4-16x50-optinen-tahtain-zos\/"},"modified":"2024-08-06T17:51:30","modified_gmt":"2024-08-06T14:51:30","slug":"4-16x50-optiline-sihik-zos","status":"publish","type":"product","link":"https:\/\/kingarms.ee\/fi\/product\/4-16x50-optiline-sihik-zos\/","title":{"rendered":"4-16&#215;50 optinen t\u00e4ht\u00e4in (ZOS)"},"content":{"rendered":"","protected":false},"excerpt":{"rendered":"<p><span style=\"font-weight: 400;\">Valmistaja: ZOS (Kiina)<\/span><\/p>\n<p><span style=\"font-weight: 400;\">Viputyyppi: mil dot<\/span><\/p>\n<p><span style=\"font-weight: 400;\">Materiaali: alumiini<\/span><\/p>\n<p><span style=\"font-weight: 400;\">Kerroin: 4-16&#215;50<\/span><\/p>\n<p><span style=\"font-weight: 400;\">Siiman halkaisija: 25mm<\/span><\/p>\n<p><span style=\"font-weight: 400;\">Sis\u00e4\u00e4n tulevan linssin halkaisija: 350mm<\/span><\/p>\n<p><span style=\"font-weight: 400;\">Ristilinkki: kyll\u00e4<\/span><\/p>\n<p><span style=\"font-weight: 400;\">Taustavalo: Kyll\u00e4<\/span><\/p>\n<p><span style=\"font-weight: 400;\">Pituus: 370mm<\/span><\/p>\n<p><span style=\"font-weight: 400;\">Paino: 460g<\/span><\/p>\n<p><span style=\"font-weight: 400;\">Setti sis\u00e4lt\u00e4\u00e4: Optinen t\u00e4ht\u00e4in, suojukset <\/span><\/p>\n","protected":false},"featured_media":78812,"template":"","meta":{"_acf_changed":false},"product_brand":[],"product_cat":[647,649],"product_tag":[],"class_list":{"0":"post-78815","1":"product","2":"type-product","3":"status-publish","4":"has-post-thumbnail","6":"product_cat-airsoft-tahtaimet-ja-renkaat","7":"product_cat-ottelut","9":"first","10":"instock","11":"taxable","12":"shipping-taxable","13":"purchasable","14":"product-type-simple"},"acf":[],"_links":{"self":[{"href":"https:\/\/kingarms.ee\/fi\/wp-json\/wp\/v2\/product\/78815","targetHints":{"allow":["GET"]}}],"collection":[{"href":"https:\/\/kingarms.ee\/fi\/wp-json\/wp\/v2\/product"}],"about":[{"href":"https:\/\/kingarms.ee\/fi\/wp-json\/wp\/v2\/types\/product"}],"wp:featuredmedia":[{"embeddable":true,"href":"https:\/\/kingarms.ee\/fi\/wp-json\/wp\/v2\/media\/78812"}],"wp:attachment":[{"href":"https:\/\/kingarms.ee\/fi\/wp-json\/wp\/v2\/media?parent=78815"}],"wp:term":[{"taxonomy":"product_brand","embeddable":true,"href":"https:\/\/kingarms.ee\/fi\/wp-json\/wp\/v2\/product_brand?post=78815"},{"taxonomy":"product_cat","embeddable":true,"href":"https:\/\/kingarms.ee\/fi\/wp-json\/wp\/v2\/product_cat?post=78815"},{"taxonomy":"product_tag","embeddable":true,"href":"https:\/\/kingarms.ee\/fi\/wp-json\/wp\/v2\/product_tag?post=78815"}],"curies":[{"name":"wp","href":"https:\/\/api.w.org\/{rel}","templated":true}]}}