{"id":78828,"date":"2023-05-24T13:32:28","date_gmt":"2023-05-24T10:33:03","guid":{"rendered":"https:\/\/kingarms.ee\/product\/megaline-omena-kohde\/"},"modified":"2024-08-06T17:50:48","modified_gmt":"2024-08-06T14:50:48","slug":"megaline-oun-sihtmark","status":"publish","type":"product","link":"https:\/\/kingarms.ee\/fi\/product\/megaline-oun-sihtmark\/","title":{"rendered":"Megaline &#8221;omena&#8221; kohde"},"content":{"rendered":"","protected":false},"excerpt":{"rendered":"<p>Mitat: 14x14cm<\/p>\n<p>Sarja sis\u00e4lt\u00e4\u00e4 50kpl<\/p>\n","protected":false},"featured_media":88305,"template":"","meta":{"_acf_changed":false},"product_brand":[],"product_cat":[310],"product_tag":[],"class_list":{"0":"post-78828","1":"product","2":"type-product","3":"status-publish","4":"has-post-thumbnail","6":"product_cat-tavoitteet","8":"first","9":"instock","10":"sale","11":"taxable","12":"shipping-taxable","13":"purchasable","14":"product-type-simple"},"acf":[],"_links":{"self":[{"href":"https:\/\/kingarms.ee\/fi\/wp-json\/wp\/v2\/product\/78828","targetHints":{"allow":["GET"]}}],"collection":[{"href":"https:\/\/kingarms.ee\/fi\/wp-json\/wp\/v2\/product"}],"about":[{"href":"https:\/\/kingarms.ee\/fi\/wp-json\/wp\/v2\/types\/product"}],"wp:featuredmedia":[{"embeddable":true,"href":"https:\/\/kingarms.ee\/fi\/wp-json\/wp\/v2\/media\/88305"}],"wp:attachment":[{"href":"https:\/\/kingarms.ee\/fi\/wp-json\/wp\/v2\/media?parent=78828"}],"wp:term":[{"taxonomy":"product_brand","embeddable":true,"href":"https:\/\/kingarms.ee\/fi\/wp-json\/wp\/v2\/product_brand?post=78828"},{"taxonomy":"product_cat","embeddable":true,"href":"https:\/\/kingarms.ee\/fi\/wp-json\/wp\/v2\/product_cat?post=78828"},{"taxonomy":"product_tag","embeddable":true,"href":"https:\/\/kingarms.ee\/fi\/wp-json\/wp\/v2\/product_tag?post=78828"}],"curies":[{"name":"wp","href":"https:\/\/api.w.org\/{rel}","templated":true}]}}