{"id":78864,"date":"2023-05-24T14:59:47","date_gmt":"2023-05-24T12:00:17","guid":{"rendered":"https:\/\/kingarms.ee\/product\/polkukamera-dl001-polkukamera\/"},"modified":"2024-08-06T17:48:41","modified_gmt":"2024-08-06T14:48:41","slug":"border-camera-dl001-polkukamera","status":"publish","type":"product","link":"https:\/\/kingarms.ee\/fi\/product\/border-camera-dl001-polkukamera\/","title":{"rendered":"Polkukamera DL001 (Polkukamera)"},"content":{"rendered":"<p>havainnollistava<\/p>\n","protected":false},"excerpt":{"rendered":"<p><span style=\"font-weight: 400;\">Laadukas 16 MP:n kuvatarkkuus ja Full-HD 1080P-videot.<\/span><\/p>\n<p><span style=\"font-weight: 400;\">Valittavissa oleva kuvan tarkkuus: 16MP\/12MP\/8MP\/5MP\/3MP\/1.3Mp<\/span><\/p>\n<p><span style=\"font-weight: 400;\">Pitk\u00e4 havaitsemis- ja valaistusalue jopa 10 metri\u00e4 90 asteen kulmassa.<\/span><\/p>\n<p><span style=\"font-weight: 400;\">2.0 TFT sis\u00e4\u00e4nrakennettu katseluohjelma, voi toistaa valokuvia ja videoita.<\/span><\/p>\n<p><span style=\"font-weight: 400;\">Nopea k\u00e4ynnistymisaika: 0,8 sekuntia<\/span><\/p>\n<p><span style=\"font-weight: 400;\">Vapautusv\u00e4li: 5 sek &#8211; 60 min<\/span><\/p>\n<p><span style=\"font-weight: 400;\">Kuvasarja: 1-9<\/span><\/p>\n<p><span style=\"font-weight: 400;\">Videon resoluutio:<\/span><\/p>\n<p><span style=\"font-weight: 400;\">1080P: 1920&#215;1080 pikseli\u00e4 (16:9), 15 kuvaa sekunnissa (oletus).<\/span><\/p>\n<p><span style=\"font-weight: 400;\">720P: 1280&#215;720 pikseli\u00e4 (16:9), 30 kuvaa sekunnissa.<\/span><\/p>\n<p><span style=\"font-weight: 400;\">480P: 848&#215;480 pikseli\u00e4, 30 kuvaa sekunnissa.<\/span><\/p>\n<p><span style=\"font-weight: 400;\">640&#215;480 pikseli\u00e4 (3:2), 30 kuvaa sekunnissa.<\/span><\/p>\n<p><span style=\"font-weight: 400;\">Helppo kiinnitt\u00e4\u00e4 vy\u00f6ll\u00e4\/kaapelilla<\/span><\/p>\n<p><span style=\"font-weight: 400;\">&lt;Eritt\u00e4in alhainen valmiustilavirta ( 0,2 mA)<\/span><\/p>\n<p><span style=\"font-weight: 400;\">Virtal\u00e4hde: 8 kpl AA-paristoja (ei sis\u00e4lly).<\/span><\/p>\n<p><span style=\"font-weight: 400;\">Tukee enint\u00e4\u00e4n 32 Gt:n Micro-SD-korttia (ei sis\u00e4lly).<\/span><\/p>\n<p><span style=\"font-weight: 400;\">Vesitiivis IP66-standardin mukaisesti<\/span><\/p>\n","protected":false},"featured_media":78854,"template":"","meta":{"_acf_changed":false},"product_brand":[],"product_cat":[514],"product_tag":[],"class_list":{"0":"post-78864","1":"product","2":"type-product","3":"status-publish","4":"has-post-thumbnail","6":"product_cat-yonakolaitteet","8":"first","9":"instock","10":"taxable","11":"shipping-taxable","12":"purchasable","13":"product-type-simple"},"acf":[],"_links":{"self":[{"href":"https:\/\/kingarms.ee\/fi\/wp-json\/wp\/v2\/product\/78864","targetHints":{"allow":["GET"]}}],"collection":[{"href":"https:\/\/kingarms.ee\/fi\/wp-json\/wp\/v2\/product"}],"about":[{"href":"https:\/\/kingarms.ee\/fi\/wp-json\/wp\/v2\/types\/product"}],"wp:featuredmedia":[{"embeddable":true,"href":"https:\/\/kingarms.ee\/fi\/wp-json\/wp\/v2\/media\/78854"}],"wp:attachment":[{"href":"https:\/\/kingarms.ee\/fi\/wp-json\/wp\/v2\/media?parent=78864"}],"wp:term":[{"taxonomy":"product_brand","embeddable":true,"href":"https:\/\/kingarms.ee\/fi\/wp-json\/wp\/v2\/product_brand?post=78864"},{"taxonomy":"product_cat","embeddable":true,"href":"https:\/\/kingarms.ee\/fi\/wp-json\/wp\/v2\/product_cat?post=78864"},{"taxonomy":"product_tag","embeddable":true,"href":"https:\/\/kingarms.ee\/fi\/wp-json\/wp\/v2\/product_tag?post=78864"}],"curies":[{"name":"wp","href":"https:\/\/api.w.org\/{rel}","templated":true}]}}