{"id":78920,"date":"2023-05-24T19:08:39","date_gmt":"2023-05-24T16:27:58","guid":{"rendered":"https:\/\/kingarms.ee\/product\/pealamp-p90-ortex\/"},"modified":"2024-08-06T17:47:16","modified_gmt":"2024-08-06T14:47:16","slug":"ajovalaisin-p90-ortex","status":"publish","type":"product","link":"https:\/\/kingarms.ee\/fi\/product\/ajovalaisin-p90-ortex\/","title":{"rendered":"Pealamp P90 (Ortex)"},"content":{"rendered":"","protected":false},"excerpt":{"rendered":"<p>Ortex<\/p>\n<p><span style=\"font-weight: 400;\">Heijastimen ja projektorin tyyppi<\/span><\/p>\n<p><span style=\"font-weight: 400;\">Materiaali: alumiini<\/span><\/p>\n<p><span style=\"font-weight: 400;\">Tilojen m\u00e4\u00e4r\u00e4: 5<\/span><\/p>\n<p><span style=\"font-weight: 400;\">Virtal\u00e4hde: 2x 18650 akut<\/span><\/p>\n<p><span style=\"font-weight: 400;\">LED-valonl\u00e4hde<\/span><\/p>\n<p><span style=\"font-weight: 400;\">Pituus: 1350mm<\/span><\/p>\n<p><span style=\"font-weight: 400;\">Paino: 190g<\/span><\/p>\n<p><span style=\"font-weight: 400;\">Lis\u00e4ominaisuudet: P\u00f6lytiivis, USB-lataus, liit\u00e4nt\u00e4kaapeli, O-rengas, vedenkest\u00e4v\u00e4, iskunkest\u00e4v\u00e4.<\/span><\/p>\n","protected":false},"featured_media":87969,"template":"","meta":{"_acf_changed":false},"product_brand":[],"product_cat":[678],"product_tag":[],"class_list":{"0":"post-78920","1":"product","2":"type-product","3":"status-publish","4":"has-post-thumbnail","6":"product_cat-ajovalot","8":"first","9":"instock","10":"taxable","11":"shipping-taxable","12":"purchasable","13":"product-type-simple"},"acf":[],"_links":{"self":[{"href":"https:\/\/kingarms.ee\/fi\/wp-json\/wp\/v2\/product\/78920","targetHints":{"allow":["GET"]}}],"collection":[{"href":"https:\/\/kingarms.ee\/fi\/wp-json\/wp\/v2\/product"}],"about":[{"href":"https:\/\/kingarms.ee\/fi\/wp-json\/wp\/v2\/types\/product"}],"wp:featuredmedia":[{"embeddable":true,"href":"https:\/\/kingarms.ee\/fi\/wp-json\/wp\/v2\/media\/87969"}],"wp:attachment":[{"href":"https:\/\/kingarms.ee\/fi\/wp-json\/wp\/v2\/media?parent=78920"}],"wp:term":[{"taxonomy":"product_brand","embeddable":true,"href":"https:\/\/kingarms.ee\/fi\/wp-json\/wp\/v2\/product_brand?post=78920"},{"taxonomy":"product_cat","embeddable":true,"href":"https:\/\/kingarms.ee\/fi\/wp-json\/wp\/v2\/product_cat?post=78920"},{"taxonomy":"product_tag","embeddable":true,"href":"https:\/\/kingarms.ee\/fi\/wp-json\/wp\/v2\/product_tag?post=78920"}],"curies":[{"name":"wp","href":"https:\/\/api.w.org\/{rel}","templated":true}]}}