{"id":78937,"date":"2023-05-24T19:48:40","date_gmt":"2023-05-24T16:49:28","guid":{"rendered":"https:\/\/kingarms.ee\/product\/ajovalaisin-xc80\/"},"modified":"2024-08-06T17:45:51","modified_gmt":"2024-08-06T14:45:51","slug":"paavalaisin-xc80","status":"publish","type":"product","link":"https:\/\/kingarms.ee\/fi\/product\/paavalaisin-xc80\/","title":{"rendered":"Ajovalaisin XC80"},"content":{"rendered":"","protected":false},"excerpt":{"rendered":"<p>Ajovalaisin XC80<\/p>\n<p><span style=\"font-weight: 400;\">Mukava k\u00e4ytt\u00e4\u00e4, helppo s\u00e4\u00e4t\u00e4\u00e4! T\u00e4ss\u00e4 otsalampussa on korkealaatuinen joustava hihna, joka on helppo laittaa ja ottaa pois, liukumaton, sopii aikuisille ja lapsille. Valaisin on varustettu pehme\u00e4ll\u00e4 kuminauhalla, joka sopii mukavasti p\u00e4\u00e4h\u00e4n.<\/span><\/p>\n<p>&nbsp;<\/p>\n<p><span style=\"font-weight: 400;\">Tekniset tiedot:<\/span><\/p>\n<p><span style=\"font-weight: 400;\">Materiaali: alumiiniseoksesta valmistettu otsalamppu + joustava otsapanta<\/span><\/p>\n<p><span style=\"font-weight: 400;\">LED-tyyppi: T6, XPE<\/span><\/p>\n<p><span style=\"font-weight: 400;\">Kirkkaus: 5000 lumenia<\/span><\/p>\n<p><span style=\"font-weight: 400;\">Tilat: kaukovalot, sivuvalot, kaikki LEDit p\u00e4\u00e4ll\u00e4, SOS-merkkivalo.<\/span><\/p>\n<p><span style=\"font-weight: 400;\">Akkutyyppi: 18650<\/span><\/p>\n<p><span style=\"font-weight: 400;\">Vedenkest\u00e4vyys: IPX4<\/span><\/p>\n<p><span style=\"font-weight: 400;\">Valaistusalue: enint\u00e4\u00e4n 100 metri\u00e4<\/span><\/p>\n<p><span style=\"font-weight: 400;\">Latausaika: 3-4 tuntia<\/span><\/p>\n<p><span style=\"font-weight: 400;\">Ty\u00f6aika: 4-6 tuntia<\/span><\/p>\n<p>&nbsp;<\/p>\n<p><span style=\"font-weight: 400;\">Pakkauksen sis\u00e4lt\u00f6:<\/span><\/p>\n<p><span style=\"font-weight: 400;\">1 x Esilatern<\/span><\/p>\n<p><span style=\"font-weight: 400;\">1x USB-kaapeli<\/span><\/p>\n<p><span style=\"font-weight: 400;\">2 x 18650 akkua<\/span><\/p>\n<p><span style=\"font-weight: 400;\">1 x USB-sein\u00e4adapteri<\/span><\/p>\n","protected":false},"featured_media":78934,"template":"","meta":{"_acf_changed":false},"product_brand":[],"product_cat":[678],"product_tag":[],"class_list":{"0":"post-78937","1":"product","2":"type-product","3":"status-publish","4":"has-post-thumbnail","6":"product_cat-ajovalot","8":"first","9":"instock","10":"taxable","11":"shipping-taxable","12":"purchasable","13":"product-type-simple"},"acf":[],"_links":{"self":[{"href":"https:\/\/kingarms.ee\/fi\/wp-json\/wp\/v2\/product\/78937","targetHints":{"allow":["GET"]}}],"collection":[{"href":"https:\/\/kingarms.ee\/fi\/wp-json\/wp\/v2\/product"}],"about":[{"href":"https:\/\/kingarms.ee\/fi\/wp-json\/wp\/v2\/types\/product"}],"wp:featuredmedia":[{"embeddable":true,"href":"https:\/\/kingarms.ee\/fi\/wp-json\/wp\/v2\/media\/78934"}],"wp:attachment":[{"href":"https:\/\/kingarms.ee\/fi\/wp-json\/wp\/v2\/media?parent=78937"}],"wp:term":[{"taxonomy":"product_brand","embeddable":true,"href":"https:\/\/kingarms.ee\/fi\/wp-json\/wp\/v2\/product_brand?post=78937"},{"taxonomy":"product_cat","embeddable":true,"href":"https:\/\/kingarms.ee\/fi\/wp-json\/wp\/v2\/product_cat?post=78937"},{"taxonomy":"product_tag","embeddable":true,"href":"https:\/\/kingarms.ee\/fi\/wp-json\/wp\/v2\/product_tag?post=78937"}],"curies":[{"name":"wp","href":"https:\/\/api.w.org\/{rel}","templated":true}]}}