{"id":79184,"date":"2023-06-21T16:58:01","date_gmt":"2023-06-21T13:59:07","guid":{"rendered":"https:\/\/kingarms.ee\/product\/eep-100-aktiiviset-korvatulpat-peltor\/"},"modified":"2024-08-06T17:45:06","modified_gmt":"2024-08-06T14:45:06","slug":"eep-100-aktiivinen-korvatropidi-peltor","status":"publish","type":"product","link":"https:\/\/kingarms.ee\/fi\/product\/eep-100-aktiivinen-korvatropidi-peltor\/","title":{"rendered":"EEP-100 aktiiviset korvatulpat (Peltor)"},"content":{"rendered":"<p><img loading=\"lazy\" decoding=\"async\" class=\"alignnone size-full wp-image-79179\" src=\"https:\/\/kingarms.ee\/wp-content\/uploads\/2023\/06\/peltor-eep-100-electronic-active-green-earplugs-d446b3087bdc4d45849a9d9f39a835bb-cf0d4c6c.jpg\" alt=\"\" width=\"900\" height=\"900\" srcset=\"https:\/\/kingarms.ee\/wp-content\/uploads\/2023\/06\/peltor-eep-100-electronic-active-green-earplugs-d446b3087bdc4d45849a9d9f39a835bb-cf0d4c6c.jpg 900w, https:\/\/kingarms.ee\/wp-content\/uploads\/2023\/06\/peltor-eep-100-electronic-active-green-earplugs-d446b3087bdc4d45849a9d9f39a835bb-cf0d4c6c-300x300.jpg 300w, https:\/\/kingarms.ee\/wp-content\/uploads\/2023\/06\/peltor-eep-100-electronic-active-green-earplugs-d446b3087bdc4d45849a9d9f39a835bb-cf0d4c6c-150x150.jpg 150w, https:\/\/kingarms.ee\/wp-content\/uploads\/2023\/06\/peltor-eep-100-electronic-active-green-earplugs-d446b3087bdc4d45849a9d9f39a835bb-cf0d4c6c-768x768.jpg 768w, https:\/\/kingarms.ee\/wp-content\/uploads\/2023\/06\/peltor-eep-100-electronic-active-green-earplugs-d446b3087bdc4d45849a9d9f39a835bb-cf0d4c6c-500x500.jpg 500w\" sizes=\"auto, (max-width: 900px) 100vw, 900px\" \/><\/p>\n","protected":false},"excerpt":{"rendered":"<p>EEP-100 aktiiviset korvatulpat (Peltor)<br \/>\nPeltor EEP-100 on korvatulppa, joka tarjoaa aktiivisen kuulonsuojauksen kovassa melussa.<\/p>\n<p>Peltor EEP-100 elektroniset korvatulpat ovat ammattik\u00e4ytt\u00f6\u00f6n tarkoitettuja kuulonsuojaimia, jotka paitsi suojaavat tehokkaasti melulta my\u00f6s auttavat sinua s\u00e4ilytt\u00e4m\u00e4\u00e4n tilannetietoisuutesi ja kommunikoimaan mukavasti vaativissa ymp\u00e4rist\u00f6iss\u00e4. Suunniteltu ampujille, rakennusty\u00f6ntekij\u00f6ille, koneiden ja tuotantolaitteiden k\u00e4ytt\u00e4jille.<\/p>\n<p>Korvatulppien akun kesto: jopa 16 tuntia<br \/>\nKorvatulpan akun latausaika: noin 180 minuuttia.<br \/>\nKorvatorven \u00e4\u00e4nenvoimakkuuden tasot: 3 vaihetta, matala, normaali, korkea.<br \/>\nRunko USB-tyyppi: micro B<br \/>\nVaimennustaso: jopa 36 db.<\/p>\n","protected":false},"featured_media":79181,"template":"","meta":{"_acf_changed":false},"product_brand":[],"product_cat":[780],"product_tag":[],"class_list":{"0":"post-79184","1":"product","2":"type-product","3":"status-publish","4":"has-post-thumbnail","6":"product_cat-aktiiviset-kuulokkeet","8":"first","9":"instock","10":"sale","11":"taxable","12":"shipping-taxable","13":"purchasable","14":"product-type-simple"},"acf":[],"_links":{"self":[{"href":"https:\/\/kingarms.ee\/fi\/wp-json\/wp\/v2\/product\/79184","targetHints":{"allow":["GET"]}}],"collection":[{"href":"https:\/\/kingarms.ee\/fi\/wp-json\/wp\/v2\/product"}],"about":[{"href":"https:\/\/kingarms.ee\/fi\/wp-json\/wp\/v2\/types\/product"}],"wp:featuredmedia":[{"embeddable":true,"href":"https:\/\/kingarms.ee\/fi\/wp-json\/wp\/v2\/media\/79181"}],"wp:attachment":[{"href":"https:\/\/kingarms.ee\/fi\/wp-json\/wp\/v2\/media?parent=79184"}],"wp:term":[{"taxonomy":"product_brand","embeddable":true,"href":"https:\/\/kingarms.ee\/fi\/wp-json\/wp\/v2\/product_brand?post=79184"},{"taxonomy":"product_cat","embeddable":true,"href":"https:\/\/kingarms.ee\/fi\/wp-json\/wp\/v2\/product_cat?post=79184"},{"taxonomy":"product_tag","embeddable":true,"href":"https:\/\/kingarms.ee\/fi\/wp-json\/wp\/v2\/product_tag?post=79184"}],"curies":[{"name":"wp","href":"https:\/\/api.w.org\/{rel}","templated":true}]}}