{"id":79233,"date":"2023-06-26T15:02:18","date_gmt":"2023-06-26T12:05:12","guid":{"rendered":"https:\/\/kingarms.ee\/product\/ruike-jager-f118-g\/"},"modified":"2024-08-06T17:44:25","modified_gmt":"2024-08-06T14:44:25","slug":"ruike-jager-f118-g","status":"publish","type":"product","link":"https:\/\/kingarms.ee\/fi\/product\/ruike-jager-f118-g\/","title":{"rendered":"Ruike Jager F118-G"},"content":{"rendered":"<p><img loading=\"lazy\" decoding=\"async\" class=\"alignnone size-medium wp-image-79215\" src=\"https:\/\/kingarms.ee\/wp-content\/uploads\/2023\/06\/F118G-1-300x300.jpg\" alt=\"\" width=\"300\" height=\"300\" srcset=\"https:\/\/kingarms.ee\/wp-content\/uploads\/2023\/06\/F118G-1-300x300.jpg 300w, https:\/\/kingarms.ee\/wp-content\/uploads\/2023\/06\/F118G-1-150x150.jpg 150w, https:\/\/kingarms.ee\/wp-content\/uploads\/2023\/06\/F118G-1.jpg 380w\" sizes=\"auto, (max-width: 300px) 100vw, 300px\" \/><\/p>\n","protected":false},"excerpt":{"rendered":"<p>RUIKE JAGER F118-G on suuri ja vakaa kiinte\u00e4ter\u00e4inen veitsi. T\u00e4ysikokoisessa G10-komposiittikahvassa on kuvioitu liukastumista est\u00e4v\u00e4 viimeistely ja se istuu t\u00e4ydellisesti k\u00e4teen. F118 on sopiva veitsi koviin ty\u00f6olosuhteisiin. Toimitetaan vy\u00f6pidikkeell\u00e4.<\/p>\n","protected":false},"featured_media":79334,"template":"","meta":{"_acf_changed":false},"product_brand":[],"product_cat":[662],"product_tag":[],"class_list":{"0":"post-79233","1":"product","2":"type-product","3":"status-publish","4":"has-post-thumbnail","6":"product_cat-noad-fi","8":"first","9":"instock","10":"taxable","11":"shipping-taxable","12":"purchasable","13":"product-type-simple"},"acf":[],"_links":{"self":[{"href":"https:\/\/kingarms.ee\/fi\/wp-json\/wp\/v2\/product\/79233","targetHints":{"allow":["GET"]}}],"collection":[{"href":"https:\/\/kingarms.ee\/fi\/wp-json\/wp\/v2\/product"}],"about":[{"href":"https:\/\/kingarms.ee\/fi\/wp-json\/wp\/v2\/types\/product"}],"wp:featuredmedia":[{"embeddable":true,"href":"https:\/\/kingarms.ee\/fi\/wp-json\/wp\/v2\/media\/79334"}],"wp:attachment":[{"href":"https:\/\/kingarms.ee\/fi\/wp-json\/wp\/v2\/media?parent=79233"}],"wp:term":[{"taxonomy":"product_brand","embeddable":true,"href":"https:\/\/kingarms.ee\/fi\/wp-json\/wp\/v2\/product_brand?post=79233"},{"taxonomy":"product_cat","embeddable":true,"href":"https:\/\/kingarms.ee\/fi\/wp-json\/wp\/v2\/product_cat?post=79233"},{"taxonomy":"product_tag","embeddable":true,"href":"https:\/\/kingarms.ee\/fi\/wp-json\/wp\/v2\/product_tag?post=79233"}],"curies":[{"name":"wp","href":"https:\/\/api.w.org\/{rel}","templated":true}]}}