{"id":79309,"date":"2023-06-26T16:48:30","date_gmt":"2023-06-26T13:49:03","guid":{"rendered":"https:\/\/kingarms.ee\/product\/ruike-p108-sb\/"},"modified":"2024-08-06T17:41:31","modified_gmt":"2024-08-06T14:41:31","slug":"ruike-p108-sb","status":"publish","type":"product","link":"https:\/\/kingarms.ee\/fi\/product\/ruike-p108-sb\/","title":{"rendered":"Ruike P108-SB"},"content":{"rendered":"<p><img loading=\"lazy\" decoding=\"async\" class=\"alignnone size-medium wp-image-79299\" src=\"https:\/\/kingarms.ee\/wp-content\/uploads\/2023\/06\/P108_fp-300x300.jpg\" alt=\"\" width=\"300\" height=\"300\" srcset=\"https:\/\/kingarms.ee\/wp-content\/uploads\/2023\/06\/P108_fp-300x300.jpg 300w, https:\/\/kingarms.ee\/wp-content\/uploads\/2023\/06\/P108_fp-150x150.jpg 150w, https:\/\/kingarms.ee\/wp-content\/uploads\/2023\/06\/P108_fp-768x768.jpg 768w, https:\/\/kingarms.ee\/wp-content\/uploads\/2023\/06\/P108_fp-500x500.jpg 500w, https:\/\/kingarms.ee\/wp-content\/uploads\/2023\/06\/P108_fp.jpg 850w\" sizes=\"auto, (max-width: 300px) 100vw, 300px\" \/><\/p>\n","protected":false},"excerpt":{"rendered":"<p>Ruike P108 on korkealaatuinen taktinen veitsi, joka sopii jokap\u00e4iv\u00e4iseen kantamiseen ja jossa on tyylik\u00e4s ulkon\u00e4k\u00f6. Itse veitsi on valmistettu l\u00e4hes kokonaan ruostumattomasta ter\u00e4ksest\u00e4. Ter\u00e4 on sijoitettu ennalta m\u00e4\u00e4ritellyn tukikuulalaakerin p\u00e4\u00e4lle, ja se on valmistettu Sandvik 14C28N -ruostumattomasta veitsiter\u00e4ksest\u00e4. Kahvan materiaali on 420 ruostumatonta ter\u00e4st\u00e4. Veitsess\u00e4 on taskuklipsi ja lis\u00e4ksi Beta Plus -ter\u00e4n lukitusj\u00e4rjestelm\u00e4.<\/p>\n<p>Ruike P108 on saatavana kahdella eri viimeistelyll\u00e4. Mallissa P108-SF on luonnollinen harjattu viimeistely (harja). Mallissa P108-SB on tumma <em>kivipesupinta<\/em>.<\/p>\n","protected":false},"featured_media":79301,"template":"","meta":{"_acf_changed":false},"product_brand":[],"product_cat":[259],"product_tag":[],"class_list":{"0":"post-79309","1":"product","2":"type-product","3":"status-publish","4":"has-post-thumbnail","6":"product_cat-suojavarusteet","8":"first","9":"instock","10":"taxable","11":"shipping-taxable","12":"purchasable","13":"product-type-simple"},"acf":[],"_links":{"self":[{"href":"https:\/\/kingarms.ee\/fi\/wp-json\/wp\/v2\/product\/79309","targetHints":{"allow":["GET"]}}],"collection":[{"href":"https:\/\/kingarms.ee\/fi\/wp-json\/wp\/v2\/product"}],"about":[{"href":"https:\/\/kingarms.ee\/fi\/wp-json\/wp\/v2\/types\/product"}],"wp:featuredmedia":[{"embeddable":true,"href":"https:\/\/kingarms.ee\/fi\/wp-json\/wp\/v2\/media\/79301"}],"wp:attachment":[{"href":"https:\/\/kingarms.ee\/fi\/wp-json\/wp\/v2\/media?parent=79309"}],"wp:term":[{"taxonomy":"product_brand","embeddable":true,"href":"https:\/\/kingarms.ee\/fi\/wp-json\/wp\/v2\/product_brand?post=79309"},{"taxonomy":"product_cat","embeddable":true,"href":"https:\/\/kingarms.ee\/fi\/wp-json\/wp\/v2\/product_cat?post=79309"},{"taxonomy":"product_tag","embeddable":true,"href":"https:\/\/kingarms.ee\/fi\/wp-json\/wp\/v2\/product_tag?post=79309"}],"curies":[{"name":"wp","href":"https:\/\/api.w.org\/{rel}","templated":true}]}}