{"id":79329,"date":"2023-06-26T16:58:05","date_gmt":"2023-06-26T13:58:33","guid":{"rendered":"https:\/\/kingarms.ee\/product\/ruike-p801-sb\/"},"modified":"2024-08-06T17:40:47","modified_gmt":"2024-08-06T14:40:47","slug":"ruike-p801-sb","status":"publish","type":"product","link":"https:\/\/kingarms.ee\/fi\/product\/ruike-p801-sb\/","title":{"rendered":"Ruike P801-SB"},"content":{"rendered":"<p><img loading=\"lazy\" decoding=\"async\" class=\"alignnone size-medium wp-image-79311\" src=\"https:\/\/kingarms.ee\/wp-content\/uploads\/2023\/06\/p801_fp-300x300.jpg\" alt=\"\" width=\"300\" height=\"300\" srcset=\"https:\/\/kingarms.ee\/wp-content\/uploads\/2023\/06\/p801_fp-300x300.jpg 300w, https:\/\/kingarms.ee\/wp-content\/uploads\/2023\/06\/p801_fp-150x150.jpg 150w, https:\/\/kingarms.ee\/wp-content\/uploads\/2023\/06\/p801_fp-768x768.jpg 768w, https:\/\/kingarms.ee\/wp-content\/uploads\/2023\/06\/p801_fp-500x500.jpg 500w, https:\/\/kingarms.ee\/wp-content\/uploads\/2023\/06\/p801_fp.jpg 850w\" sizes=\"auto, (max-width: 300px) 100vw, 300px\" \/><\/p>\n","protected":false},"excerpt":{"rendered":"<p>Ruike P801-SB on ylivoimaisesti suosituin ja myydyin Ruike-veitsi. Kokonaan ruostumattomasta ter\u00e4ksest\u00e4 valmistettu veitsi on yksinkertainen, kevyt, tyylik\u00e4s ja kompakti, ja sen hinta ja laatu ovat vertaansa vailla. Ruike P801:ss\u00e4 on elementtej\u00e4, jotka ovat tyypillisi\u00e4 monta kertaa kalliimmille veitsille: eritt\u00e4in ter\u00e4v\u00e4 ter\u00e4, joka on valmistettu ruotsalaisesta Sandvik 14C28N-ter\u00e4ksest\u00e4, ter\u00e4n kryok\u00e4sittely, esiasetetut tukikuulalaakerit ja kahva ruostumattomasta ter\u00e4ksest\u00e4 420. Saatavana kahtena viimeistelyn\u00e4: stonewash (P801-SF) ja black stonewash (P801-SB).<\/p>\n","protected":false},"featured_media":79313,"template":"","meta":{"_acf_changed":false},"product_brand":[],"product_cat":[662],"product_tag":[],"class_list":{"0":"post-79329","1":"product","2":"type-product","3":"status-publish","4":"has-post-thumbnail","6":"product_cat-noad-fi","8":"first","9":"instock","10":"taxable","11":"shipping-taxable","12":"purchasable","13":"product-type-simple"},"acf":[],"_links":{"self":[{"href":"https:\/\/kingarms.ee\/fi\/wp-json\/wp\/v2\/product\/79329","targetHints":{"allow":["GET"]}}],"collection":[{"href":"https:\/\/kingarms.ee\/fi\/wp-json\/wp\/v2\/product"}],"about":[{"href":"https:\/\/kingarms.ee\/fi\/wp-json\/wp\/v2\/types\/product"}],"wp:featuredmedia":[{"embeddable":true,"href":"https:\/\/kingarms.ee\/fi\/wp-json\/wp\/v2\/media\/79313"}],"wp:attachment":[{"href":"https:\/\/kingarms.ee\/fi\/wp-json\/wp\/v2\/media?parent=79329"}],"wp:term":[{"taxonomy":"product_brand","embeddable":true,"href":"https:\/\/kingarms.ee\/fi\/wp-json\/wp\/v2\/product_brand?post=79329"},{"taxonomy":"product_cat","embeddable":true,"href":"https:\/\/kingarms.ee\/fi\/wp-json\/wp\/v2\/product_cat?post=79329"},{"taxonomy":"product_tag","embeddable":true,"href":"https:\/\/kingarms.ee\/fi\/wp-json\/wp\/v2\/product_tag?post=79329"}],"curies":[{"name":"wp","href":"https:\/\/api.w.org\/{rel}","templated":true}]}}