{"id":79377,"date":"2023-06-26T17:10:07","date_gmt":"2023-06-26T14:10:57","guid":{"rendered":"https:\/\/kingarms.ee\/product\/ruike-fang-p105-q\/"},"modified":"2024-08-06T17:38:35","modified_gmt":"2024-08-06T14:38:35","slug":"ruike-fang-p105-q","status":"publish","type":"product","link":"https:\/\/kingarms.ee\/fi\/product\/ruike-fang-p105-q\/","title":{"rendered":"Ruike Fang P105-Q"},"content":{"rendered":"<p><img loading=\"lazy\" decoding=\"async\" class=\"alignnone size-medium wp-image-79372\" src=\"https:\/\/kingarms.ee\/wp-content\/uploads\/2023\/06\/p128sb_fr-1-300x300.jpg\" alt=\"\" width=\"300\" height=\"300\" srcset=\"https:\/\/kingarms.ee\/wp-content\/uploads\/2023\/06\/p128sb_fr-1-300x300.jpg 300w, https:\/\/kingarms.ee\/wp-content\/uploads\/2023\/06\/p128sb_fr-1-150x150.jpg 150w, https:\/\/kingarms.ee\/wp-content\/uploads\/2023\/06\/p128sb_fr-1-768x768.jpg 768w, https:\/\/kingarms.ee\/wp-content\/uploads\/2023\/06\/p128sb_fr-1-500x500.jpg 500w, https:\/\/kingarms.ee\/wp-content\/uploads\/2023\/06\/p128sb_fr-1.jpg 850w\" sizes=\"auto, (max-width: 300px) 100vw, 300px\" \/><\/p>\n","protected":false},"excerpt":{"rendered":"<p>Ruike Fang P105-Q on yleisk\u00e4ytt\u00f6inen liitosveitsi, jossa on suuri, vakaa ja eritt\u00e4in ter\u00e4v\u00e4 ter\u00e4. Kuulalaakeroidun ter\u00e4n ansiosta veitsi aukeaa helposti ja sujuvasti. P105:n tyylik\u00e4s ja ergonominen kahva on valmistettu G10-komposiittimateriaalista yhdistettyn\u00e4 ruostumattomaan ter\u00e4kseen. Ter\u00e4n materiaali on ruotsalainen Sandvik 14C28N -veitsiter\u00e4s. Se on yksi suosituimmista Ruiken veitsist\u00e4, joka tarjoaa eritt\u00e4in hyv\u00e4\u00e4 vastinetta rahalle.<\/p>\n","protected":false},"featured_media":88317,"template":"","meta":{"_acf_changed":false},"product_brand":[],"product_cat":[662],"product_tag":[],"class_list":{"0":"post-79377","1":"product","2":"type-product","3":"status-publish","4":"has-post-thumbnail","6":"product_cat-noad-fi","8":"first","9":"onbackorder","10":"taxable","11":"shipping-taxable","12":"product-type-simple"},"acf":[],"_links":{"self":[{"href":"https:\/\/kingarms.ee\/fi\/wp-json\/wp\/v2\/product\/79377","targetHints":{"allow":["GET"]}}],"collection":[{"href":"https:\/\/kingarms.ee\/fi\/wp-json\/wp\/v2\/product"}],"about":[{"href":"https:\/\/kingarms.ee\/fi\/wp-json\/wp\/v2\/types\/product"}],"wp:featuredmedia":[{"embeddable":true,"href":"https:\/\/kingarms.ee\/fi\/wp-json\/wp\/v2\/media\/88317"}],"wp:attachment":[{"href":"https:\/\/kingarms.ee\/fi\/wp-json\/wp\/v2\/media?parent=79377"}],"wp:term":[{"taxonomy":"product_brand","embeddable":true,"href":"https:\/\/kingarms.ee\/fi\/wp-json\/wp\/v2\/product_brand?post=79377"},{"taxonomy":"product_cat","embeddable":true,"href":"https:\/\/kingarms.ee\/fi\/wp-json\/wp\/v2\/product_cat?post=79377"},{"taxonomy":"product_tag","embeddable":true,"href":"https:\/\/kingarms.ee\/fi\/wp-json\/wp\/v2\/product_tag?post=79377"}],"curies":[{"name":"wp","href":"https:\/\/api.w.org\/{rel}","templated":true}]}}