{"id":79475,"date":"2023-06-28T12:27:34","date_gmt":"2023-06-28T09:28:45","guid":{"rendered":"https:\/\/kingarms.ee\/product\/tanfoglio-limited-customkwc\/"},"modified":"2024-08-06T17:35:48","modified_gmt":"2024-08-06T14:35:48","slug":"tanfoglio-limited-customkwc","status":"publish","type":"product","link":"https:\/\/kingarms.ee\/fi\/product\/tanfoglio-limited-customkwc\/","title":{"rendered":"Tanfoglio limited custom(KWC)"},"content":{"rendered":"<p><img loading=\"lazy\" decoding=\"async\" class=\"alignnone size-medium wp-image-79458\" src=\"https:\/\/kingarms.ee\/wp-content\/uploads\/2023\/06\/diana-pcp-stormrider-4-5-mm-wood-windcheater-e244eb28aef34c7a9df487eace3116f9-0fdb3757-1-300x203.jpg\" alt=\"\" width=\"300\" height=\"203\" srcset=\"https:\/\/kingarms.ee\/wp-content\/uploads\/2023\/06\/diana-pcp-stormrider-4-5-mm-wood-windcheater-e244eb28aef34c7a9df487eace3116f9-0fdb3757-1-300x203.jpg 300w, https:\/\/kingarms.ee\/wp-content\/uploads\/2023\/06\/diana-pcp-stormrider-4-5-mm-wood-windcheater-e244eb28aef34c7a9df487eace3116f9-0fdb3757-1-500x339.jpg 500w, https:\/\/kingarms.ee\/wp-content\/uploads\/2023\/06\/diana-pcp-stormrider-4-5-mm-wood-windcheater-e244eb28aef34c7a9df487eace3116f9-0fdb3757-1-150x102.jpg 150w, https:\/\/kingarms.ee\/wp-content\/uploads\/2023\/06\/diana-pcp-stormrider-4-5-mm-wood-windcheater-e244eb28aef34c7a9df487eace3116f9-0fdb3757-1.jpg 662w\" sizes=\"auto, (max-width: 300px) 100vw, 300px\" \/><\/p>\n","protected":false},"excerpt":{"rendered":"<p>TANFOGLIO LIMITED CUSTOM(KWC)<br \/>\nKALIIPERI 4,5MM<br \/>\nT\u00c4YTT\u00c4 METALLIA<br \/>\nKAAL 1214G<br \/>\nPITUUS 214mm<br \/>\nTAGASIL\u00d6GIGA<br \/>\nMETALLINEN SALPA TILAVUUS 20BBS<br \/>\nS\u00c4\u00c4DETT\u00c4V\u00c4 T\u00c4HT\u00c4IN<br \/>\nV\u00c4RI MUSTA<\/p>\n","protected":false},"featured_media":79460,"template":"","meta":{"_acf_changed":false},"product_brand":[],"product_cat":[672],"product_tag":[],"class_list":{"0":"post-79475","1":"product","2":"type-product","3":"status-publish","4":"has-post-thumbnail","6":"product_cat-pienaseet","8":"first","9":"onbackorder","10":"taxable","11":"shipping-taxable","12":"product-type-simple"},"acf":[],"_links":{"self":[{"href":"https:\/\/kingarms.ee\/fi\/wp-json\/wp\/v2\/product\/79475","targetHints":{"allow":["GET"]}}],"collection":[{"href":"https:\/\/kingarms.ee\/fi\/wp-json\/wp\/v2\/product"}],"about":[{"href":"https:\/\/kingarms.ee\/fi\/wp-json\/wp\/v2\/types\/product"}],"wp:featuredmedia":[{"embeddable":true,"href":"https:\/\/kingarms.ee\/fi\/wp-json\/wp\/v2\/media\/79460"}],"wp:attachment":[{"href":"https:\/\/kingarms.ee\/fi\/wp-json\/wp\/v2\/media?parent=79475"}],"wp:term":[{"taxonomy":"product_brand","embeddable":true,"href":"https:\/\/kingarms.ee\/fi\/wp-json\/wp\/v2\/product_brand?post=79475"},{"taxonomy":"product_cat","embeddable":true,"href":"https:\/\/kingarms.ee\/fi\/wp-json\/wp\/v2\/product_cat?post=79475"},{"taxonomy":"product_tag","embeddable":true,"href":"https:\/\/kingarms.ee\/fi\/wp-json\/wp\/v2\/product_tag?post=79475"}],"curies":[{"name":"wp","href":"https:\/\/api.w.org\/{rel}","templated":true}]}}