{"id":79637,"date":"2023-07-02T14:42:44","date_gmt":"2023-07-02T11:43:32","guid":{"rendered":"https:\/\/kingarms.ee\/product\/pcp-optima-hatsan-bt65-sb-elite-45-mm\/"},"modified":"2024-08-06T17:30:49","modified_gmt":"2024-08-06T14:30:49","slug":"pcp-optima-hatsan-bt65-sb-elite-4-5-mm","status":"publish","type":"product","link":"https:\/\/kingarms.ee\/fi\/product\/pcp-optima-hatsan-bt65-sb-elite-4-5-mm\/","title":{"rendered":"PCP Optima Hatsan BT65 SB Elite 4,5 mm"},"content":{"rendered":"<p><img loading=\"lazy\" decoding=\"async\" class=\"alignnone size-full wp-image-79620\" src=\"https:\/\/kingarms.ee\/wp-content\/uploads\/2023\/07\/wiatrowka-pcp-optima-by-hatsan-bt65-sb-elite-qe-4-5-mm-c3930bce0fc848149397805e8ab69639-869c4f84.jpg\" alt=\"\" width=\"900\" height=\"900\" srcset=\"https:\/\/kingarms.ee\/wp-content\/uploads\/2023\/07\/wiatrowka-pcp-optima-by-hatsan-bt65-sb-elite-qe-4-5-mm-c3930bce0fc848149397805e8ab69639-869c4f84.jpg 900w, https:\/\/kingarms.ee\/wp-content\/uploads\/2023\/07\/wiatrowka-pcp-optima-by-hatsan-bt65-sb-elite-qe-4-5-mm-c3930bce0fc848149397805e8ab69639-869c4f84-300x300.jpg 300w, https:\/\/kingarms.ee\/wp-content\/uploads\/2023\/07\/wiatrowka-pcp-optima-by-hatsan-bt65-sb-elite-qe-4-5-mm-c3930bce0fc848149397805e8ab69639-869c4f84-150x150.jpg 150w, https:\/\/kingarms.ee\/wp-content\/uploads\/2023\/07\/wiatrowka-pcp-optima-by-hatsan-bt65-sb-elite-qe-4-5-mm-c3930bce0fc848149397805e8ab69639-869c4f84-768x768.jpg 768w, https:\/\/kingarms.ee\/wp-content\/uploads\/2023\/07\/wiatrowka-pcp-optima-by-hatsan-bt65-sb-elite-qe-4-5-mm-c3930bce0fc848149397805e8ab69639-869c4f84-500x500.jpg 500w\" sizes=\"auto, (max-width: 900px) 100vw, 900px\" \/><\/p>\n","protected":false},"excerpt":{"rendered":"<p>PCP Optima Hatsan BT65 SB Elite 4,5 mm<\/p>\n<p>10 laukausta, k\u00e4sin ladattava, sivulta ammuttava, esiladattu pneumaattinen (PCP) ilmakiv\u00e4\u00e4ri.<br \/>\nQuietEnergy t\u00e4ysin suljettu putki ja integroitu \u00e4\u00e4nimoderaattori &#8211; noin 50 % hiljaisempi.<br \/>\nTarkasti uurrettu putki tarkkuuden varmistamiseksi.<br \/>\nSaatavana 0,177 (4,5 mm) kaliiperi.<br \/>\nKaksipuolinen ja ergonomisesti muotoiltu synteettinen materiaali, jossa on peukaloreik\u00e4.<br \/>\nKantoaukko 2 varasuolaa varten varastossa.<br \/>\n3 taitettavaa kiskoa kynttil\u00e4nvarren alla ja sivuilla.<br \/>\nPehme\u00e4t kumiset insertit k\u00e4sivarressa parantavat ohjausta ja tuntumaa.<br \/>\nOte tarkistetaan.<br \/>\nKorkeuss\u00e4\u00e4dett\u00e4v\u00e4 kampa.<br \/>\nKumipylly s\u00e4\u00e4dett\u00e4viss\u00e4 pituuden, korkeuden ja istuvuuskulman mukaan.<br \/>\nIrrotettava 10-kaliiperinen 0,177 (4,5 mm) kaliiperin 9-kaliiperinen kiert\u00e4v\u00e4 lipas.<br \/>\nMukana 3 lokeroa.<br \/>\nSis\u00e4\u00e4nrakennettu painemittari sylinterin paineen seuraamiseksi.<br \/>\nSis\u00e4lt\u00e4\u00e4 pikat\u00e4ytt\u00f6suuttimen ja ilmasylinterin tyhjennyskorkin.<br \/>\nSis\u00e4\u00e4nrakennettu urainen vastaanotin sek\u00e4 11 mm:n ett\u00e4 22 mm:n kauhakiinnikkeille.<br \/>\nKokonaispinta sininen, musta anodisoitu kuori.<br \/>\nManuaalinen turvallisuus.<br \/>\n&#8221;Anti-topelt-pelletin sy\u00f6tt\u00f6&#8221; -mekanismi, joka est\u00e4\u00e4 useamman kuin yhden pelletin lataamisen tynnyriin.<br \/>\nPatentoitu kopinanestoj\u00e4rjestelm\u00e4, jolla v\u00e4ltet\u00e4\u00e4n kaasun tuhlaaminen kiv\u00e4\u00e4ri\u00e4 naputettaessa tai pomputettaessa.<br \/>\nQuattro-liipaisin: 2-vaiheinen t\u00e4ysin s\u00e4\u00e4dett\u00e4v\u00e4 liipaisin liipaisimen liikett\u00e4 ja liipaisimen kuormitusta varten.<br \/>\nKullattu metallinen liipaisin ja metallinen liipaisinsuoja.<br \/>\nAsennettu trooppinen kierto.<br \/>\n<strong>Mukana tulee troppi, jalusta, taskulamppu ja Optima 3-12x44AOE -kaukoputki.<\/strong><br \/>\nIrrotettava alumiininen ilmasylinteriputki (255cc). Varapalloja on saatavilla.<\/p>\n","protected":false},"featured_media":79622,"template":"","meta":{"_acf_changed":false},"product_brand":[],"product_cat":[256],"product_tag":[],"class_list":{"0":"post-79637","1":"product","2":"type-product","3":"status-publish","4":"has-post-thumbnail","6":"product_cat-hpa-fi","8":"first","9":"instock","10":"taxable","11":"shipping-taxable","12":"purchasable","13":"product-type-simple"},"acf":[],"_links":{"self":[{"href":"https:\/\/kingarms.ee\/fi\/wp-json\/wp\/v2\/product\/79637","targetHints":{"allow":["GET"]}}],"collection":[{"href":"https:\/\/kingarms.ee\/fi\/wp-json\/wp\/v2\/product"}],"about":[{"href":"https:\/\/kingarms.ee\/fi\/wp-json\/wp\/v2\/types\/product"}],"wp:featuredmedia":[{"embeddable":true,"href":"https:\/\/kingarms.ee\/fi\/wp-json\/wp\/v2\/media\/79622"}],"wp:attachment":[{"href":"https:\/\/kingarms.ee\/fi\/wp-json\/wp\/v2\/media?parent=79637"}],"wp:term":[{"taxonomy":"product_brand","embeddable":true,"href":"https:\/\/kingarms.ee\/fi\/wp-json\/wp\/v2\/product_brand?post=79637"},{"taxonomy":"product_cat","embeddable":true,"href":"https:\/\/kingarms.ee\/fi\/wp-json\/wp\/v2\/product_cat?post=79637"},{"taxonomy":"product_tag","embeddable":true,"href":"https:\/\/kingarms.ee\/fi\/wp-json\/wp\/v2\/product_tag?post=79637"}],"curies":[{"name":"wp","href":"https:\/\/api.w.org\/{rel}","templated":true}]}}