{"id":79647,"date":"2023-07-02T14:48:19","date_gmt":"2023-07-02T11:49:11","guid":{"rendered":"https:\/\/kingarms.ee\/product\/arpol-energiapatukka-50-g-karpaloilla-varustettuna\/"},"modified":"2024-08-06T17:30:07","modified_gmt":"2024-08-06T14:30:07","slug":"arpol-energiabatone-50-g-savun-kanssa-suihkulla","status":"publish","type":"product","link":"https:\/\/kingarms.ee\/fi\/product\/arpol-energiabatone-50-g-savun-kanssa-suihkulla\/","title":{"rendered":"Arpol energiapatukka 50 g karpaloilla varustettuna"},"content":{"rendered":"<p><img loading=\"lazy\" decoding=\"async\" class=\"alignnone size-full wp-image-79641\" src=\"https:\/\/kingarms.ee\/wp-content\/uploads\/2023\/07\/arpol-energy-bar-50-g-cranberry-c7ddf8479e9a48b0aa549fd7e6719107-d2c0408a.jpg\" alt=\"\" width=\"900\" height=\"900\" srcset=\"https:\/\/kingarms.ee\/wp-content\/uploads\/2023\/07\/arpol-energy-bar-50-g-cranberry-c7ddf8479e9a48b0aa549fd7e6719107-d2c0408a.jpg 900w, https:\/\/kingarms.ee\/wp-content\/uploads\/2023\/07\/arpol-energy-bar-50-g-cranberry-c7ddf8479e9a48b0aa549fd7e6719107-d2c0408a-300x300.jpg 300w, https:\/\/kingarms.ee\/wp-content\/uploads\/2023\/07\/arpol-energy-bar-50-g-cranberry-c7ddf8479e9a48b0aa549fd7e6719107-d2c0408a-150x150.jpg 150w, https:\/\/kingarms.ee\/wp-content\/uploads\/2023\/07\/arpol-energy-bar-50-g-cranberry-c7ddf8479e9a48b0aa549fd7e6719107-d2c0408a-768x768.jpg 768w, https:\/\/kingarms.ee\/wp-content\/uploads\/2023\/07\/arpol-energy-bar-50-g-cranberry-c7ddf8479e9a48b0aa549fd7e6719107-d2c0408a-500x500.jpg 500w\" sizes=\"auto, (max-width: 900px) 100vw, 900px\" \/><\/p>\n","protected":false},"excerpt":{"rendered":"<p>Arpol energiapatukka 50 g karpaloilla varustettuna<\/p>\n<p>Arpol 50 g karpalo energiapatukka on energiaa lis\u00e4\u00e4v\u00e4 kevyt v\u00e4lipala, joka on hy\u00f6dyllinen miss\u00e4 tahansa korkean energian tilanteessa.<\/p>\n<p>Tilanteissa, joissa sinulla ei ole aikaa l\u00e4mpim\u00e4lle aterialle tai kun olo on masentunut lis\u00e4\u00e4ntyneen aktiivisuuden j\u00e4lkeen, kannattaa ottaa energiakapulaa. Helposti imeytyv\u00e4 energia-annos palauttaa v\u00e4litt\u00f6m\u00e4sti elinvoiman, voiman ja motivaation saavuttaa tavoitteemme.<\/p>\n<p>Koostumus:<\/p>\n<p>kaurahiutaleet, palmu\u00f6ljy, rusinat, karpalot (karpalot, sokeri, auringonkukka\u00f6ljy), glukoosisiirappi, sokeri, riisichipsit (maissijauho, riisijauho, ruokosokeri, merisuola), suola, happamuudens\u00e4\u00e4t\u00f6aine: sitruunahappo, stabilointiaine: invertaasi, emulgointiaine: soijalesitiini, mauste.<\/p>\n","protected":false},"featured_media":79643,"template":"","meta":{"_acf_changed":false},"product_brand":[],"product_cat":[363],"product_tag":[],"class_list":{"0":"post-79647","1":"product","2":"type-product","3":"status-publish","4":"has-post-thumbnail","6":"product_cat-taktinen-ruokapaketti","8":"first","9":"instock","10":"taxable","11":"shipping-taxable","12":"purchasable","13":"product-type-simple"},"acf":[],"_links":{"self":[{"href":"https:\/\/kingarms.ee\/fi\/wp-json\/wp\/v2\/product\/79647","targetHints":{"allow":["GET"]}}],"collection":[{"href":"https:\/\/kingarms.ee\/fi\/wp-json\/wp\/v2\/product"}],"about":[{"href":"https:\/\/kingarms.ee\/fi\/wp-json\/wp\/v2\/types\/product"}],"wp:featuredmedia":[{"embeddable":true,"href":"https:\/\/kingarms.ee\/fi\/wp-json\/wp\/v2\/media\/79643"}],"wp:attachment":[{"href":"https:\/\/kingarms.ee\/fi\/wp-json\/wp\/v2\/media?parent=79647"}],"wp:term":[{"taxonomy":"product_brand","embeddable":true,"href":"https:\/\/kingarms.ee\/fi\/wp-json\/wp\/v2\/product_brand?post=79647"},{"taxonomy":"product_cat","embeddable":true,"href":"https:\/\/kingarms.ee\/fi\/wp-json\/wp\/v2\/product_cat?post=79647"},{"taxonomy":"product_tag","embeddable":true,"href":"https:\/\/kingarms.ee\/fi\/wp-json\/wp\/v2\/product_tag?post=79647"}],"curies":[{"name":"wp","href":"https:\/\/api.w.org\/{rel}","templated":true}]}}